{"id":117,"date":"2015-11-27T18:00:51","date_gmt":"2015-11-27T18:00:51","guid":{"rendered":"http:\/\/export-xml.qreativethemes.com\/physio\/?page_id=117"},"modified":"2022-10-27T10:25:14","modified_gmt":"2022-10-27T09:25:14","slug":"contacto","status":"publish","type":"page","link":"https:\/\/psicologia-almeria.es\/en\/contacto","title":{"rendered":"Contacto"},"content":{"rendered":"<div id=\"pl-117\"  class=\"panel-layout\" ><div id=\"pg-117-0\"  class=\"panel-grid panel-no-style\" ><div id=\"pgc-117-0-0\"  class=\"panel-grid-cell\" ><div id=\"panel-117-0-0-0\" class=\"so-panel widget widget_sow-editor panel-first-child\" data-index=\"0\" ><div class=\"featured-box panel-widget-style panel-widget-style-for-117-0-0-0\" ><div\n\t\t\t\n\t\t\tclass=\"so-widget-sow-editor so-widget-sow-editor-base\"\n\t\t\t\n\t\t>\n<div class=\"siteorigin-widget-tinymce textwidget\">\n\t<p><strong>Grupo Lescoms<\/strong><\/p>\n<p>Calle Altamira, 4, piso 9 puerta B, 04005, Almeria<\/p>\n<div class=\"bt_bb_column col-md-3 col-sm-6 col-ms-12 bt_bb_align_left bt_bb_vertical_align_top bt_bb_padding_normal\" data-width=\"3\">\n<div class=\"bt_bb_column_content\">\n<div class=\"bt_bb_separator bt_bb_top_spacing_normal bt_bb_bottom_spacing_medium bt_bb_border_style_none\"><\/div>\n<\/div>\n<\/div>\n<hr \/>\n<p><strong>Tel\u00e9fono de Contacto<br \/>\n<\/strong><a href=\"tel:722199710\">722 199 710<\/a><\/p>\n<hr \/>\n<p><strong>E-mail<br \/>\n<\/strong><a href=\"mailto:contacto@psicologia-almeria.es\">contacto@psicologia-almeria.es<\/a><\/p>\n<hr \/>\n<p><strong>Redes Sociales<br \/>\n<\/strong><\/p>\n<p><a class=\"icon-wrap\" href=\"http:\/\/facebook.com\/qreativethemes\" target=\"_blank\"><i class=\"fab fa-facebook-f\"><\/i><\/a> \u00a0 <a class=\"icon-wrap\" href=\"http:\/\/twitter.com\/qreativethemes\" target=\"_blank\"><i class=\"fab fa-twitter\"><\/i><\/a> \u00a0 <a class=\"icon-wrap\" href=\"#\" target=\"_self\"><i class=\"fab fa-linkedin-in\"><\/i><\/a> \u00a0 <a class=\"icon-wrap\" href=\"#\" target=\"_self\"><i class=\"fab fa-youtube\"><\/i><\/a> \u00a0 <span class=\"icon-wrap\"><i class=\"fab fa-instagram\"><\/i><\/span><\/p>\n<\/div>\n<\/div><\/div><\/div><div id=\"panel-117-0-0-1\" class=\"so-panel widget widget_qt_opening_hours widget-opening-hours panel-last-child\" data-index=\"1\" ><div class=\"smaller-widget-title panel-widget-style panel-widget-style-for-117-0-0-1\" ><h3 class=\"widget-title\">Horario<\/h3><div class=\"opening-hours\"><ul><li class=\"weekday\">Lunes<span class=\"right\">10:00-19:30<\/span><\/li><li class=\"weekday\">Martes<span class=\"right\">10:00-19:30<\/span><\/li><li class=\"weekday\">Mi\u00e9rcoles<span class=\"right\">10:00-19:30<\/span><\/li><li class=\"weekday\">Jueves<span class=\"right\">10:00-19:30<\/span><\/li><li class=\"weekday\">Viernes<span class=\"right\">10:00-19:30<\/span><\/li><li class=\"weekday today\">S\u00e1bado<span class=\"right label\">Cerrado<\/span><\/li><li class=\"weekday\">Domingo<span class=\"right label\">Cerrado<\/span><\/li><\/ul><\/div><\/div><\/div><\/div><div id=\"pgc-117-0-1\"  class=\"panel-grid-cell\" ><div id=\"panel-117-0-1-0\" class=\"so-panel widget widget_qt_google_map_iframe widget-google-map-iframe panel-first-child\" data-index=\"2\" >\n\t    \t<div class=\"qt-map-iframe\">\n\t\t\t\t<div class=\"BorlabsCookie\"><div class=\"_brlbs-content-blocker\"> <div class=\"_brlbs-embed _brlbs-google-maps\"> <img class=\"_brlbs-thumbnail\" src=\"https:\/\/psicologia-almeria.es\/wp-content\/plugins\/borlabs-cookie\/images\/cb-maps.png\" alt=\"Google Maps\"> <div class=\"_brlbs-caption\"> <p>Al cargar el mapa, acepta la pol\u00edtica de privacidad de Google.<br><a href=\"https:\/\/policies.google.com\/privacy?hl=en&amp;gl=en\" target=\"_blank\" rel=\"nofollow noopener noreferrer\">M\u00e1s informaci\u00f3n<\/a><\/p> <p><a class=\"_brlbs-btn\" href=\"#\" data-borlabs-cookie-unblock role=\"button\">Cargar el mapa<\/a><\/p> <p><label><input type=\"checkbox\" name=\"unblockAll\" value=\"1\" checked> <small>Desbloquear Google Maps siempre<\/small><\/label><\/p> <\/div> <\/div> <\/div><div class=\"borlabs-hide\" data-borlabs-cookie-type=\"content-blocker\" data-borlabs-cookie-id=\"googlemaps\"><script type=\"text\/template\">PGlmcmFtZSBsb2FkaW5nPSJsYXp5IiBmcmFtZWJvcmRlcj0iMCIgc3JjPSJodHRwczovL21hcHMuZ29vZ2xlLmNvbS9tYXBzP2Y9cSZzb3VyY2U9c19xJmhsPWVuJmdlb2NvZGU9JnE9Q2FsbGUrQWx0YW1pcmErNCtwaXNvKzkrcHVlcnRhK0IrMDQwMDUrQWxtZXJpYSZ6PTEyJm91dHB1dD1lbWJlZCIgd2lkdGg9IjEwMCUiIGhlaWdodD0iMzM3cHg7Ij48L2lmcmFtZT4=<\/script><\/div><\/div>\n\t\t\t<\/div>\n\t\t\t\t\n\t\t\t<\/div><div id=\"panel-117-0-1-1\" class=\"so-panel widget widget_sow-editor\" data-index=\"3\" ><div class=\"smaller-widget-title panel-widget-style panel-widget-style-for-117-0-1-1\" ><div\n\t\t\t\n\t\t\tclass=\"so-widget-sow-editor so-widget-sow-editor-base\"\n\t\t\t\n\t\t><h3 class=\"widget-title\">Env\u00edanos un Mensaje<\/h3>\n<div class=\"siteorigin-widget-tinymce textwidget\">\n\t<p>No dudes en hacer cualquier pregunta por tel\u00e9fono o ponte en contacto a trav\u00e9s de nuestro formulario a continuaci\u00f3n. Tu mensaje se enviar\u00e1 directamente a nuestro personal, que responder\u00e1n lo antes posible.<\/p>\n<\/div>\n<\/div><\/div><\/div><div id=\"panel-117-0-1-2\" class=\"so-panel widget widget_sow-editor panel-last-child\" data-index=\"4\" ><div class=\"panel-widget-style panel-widget-style-for-117-0-1-2\" ><div\n\t\t\t\n\t\t\tclass=\"so-widget-sow-editor so-widget-sow-editor-base\"\n\t\t\t\n\t\t>\n<div class=\"siteorigin-widget-tinymce textwidget\">\n\t<div class=\"wpcf7 no-js\" id=\"wpcf7-f7235-o1\" lang=\"en-US\" dir=\"ltr\" data-wpcf7-id=\"7235\">\n<div class=\"screen-reader-response\">\n<p role=\"status\" aria-live=\"polite\" aria-atomic=\"true\">\n<ul><\/ul>\n<\/div>\n<form action=\"\/en\/wp-json\/wp\/v2\/pages\/117#wpcf7-f7235-o1\" method=\"post\" class=\"wpcf7-form init\" aria-label=\"Contact form\" novalidate=\"novalidate\" data-status=\"init\" data-trp-original-action=\"\/en\/wp-json\/wp\/v2\/pages\/117#wpcf7-f7235-o1\">\n<fieldset class=\"hidden-fields-container\"><input type=\"hidden\" name=\"_wpcf7\" value=\"7235\" \/><input type=\"hidden\" name=\"_wpcf7_version\" value=\"6.1.5\" \/><input type=\"hidden\" name=\"_wpcf7_locale\" value=\"en_US\" \/><input type=\"hidden\" name=\"_wpcf7_unit_tag\" value=\"wpcf7-f7235-o1\" \/><input type=\"hidden\" name=\"_wpcf7_container_post\" value=\"0\" \/><input type=\"hidden\" name=\"_wpcf7_posted_data_hash\" value=\"\" \/><input type=\"hidden\" name=\"_wpcf7_recaptcha_response\" value=\"\" \/><br \/>\n<\/fieldset>\n<div class=\"questionform white-featured-box\">\n<div class=\"row\">\n<div class=\"col-xs-12 col-md-6\">\n<p><span class=\"wpcf7-form-control-wrap\" data-name=\"your-name\"><input size=\"40\" maxlength=\"400\" class=\"wpcf7-form-control wpcf7-text wpcf7-validates-as-required\" aria-required=\"true\" aria-invalid=\"false\" placeholder=\"Nombre *\" value=\"\" type=\"text\" name=\"your-name\" \/><\/span><span class=\"wpcf7-form-control-wrap\" data-name=\"your-email\"><input size=\"40\" maxlength=\"400\" class=\"wpcf7-form-control wpcf7-email wpcf7-validates-as-required wpcf7-text wpcf7-validates-as-email\" aria-required=\"true\" aria-invalid=\"false\" placeholder=\"E-mail *\" value=\"\" type=\"email\" name=\"your-email\" \/><\/span><span class=\"wpcf7-form-control-wrap\" data-name=\"your-phone\"><input size=\"40\" maxlength=\"400\" class=\"wpcf7-form-control wpcf7-tel wpcf7-validates-as-required wpcf7-text wpcf7-validates-as-tel\" aria-required=\"true\" aria-invalid=\"false\" placeholder=\"Tel\u00e9fono *\" value=\"\" type=\"tel\" name=\"your-phone\" \/><\/span><span class=\"wpcf7-form-control-wrap\" data-name=\"answer\"><select class=\"wpcf7-form-control wpcf7-select wpcf7-validates-as-required\" aria-required=\"true\" aria-invalid=\"false\" name=\"answer\"><option value=\"\">Preferencia de Contacto:<\/option><option value=\"Tel\u00e9fono\">Tel\u00e9fono<\/option><option value=\"E-mail\">E-mail<\/option><\/select><\/span>\n\t\t\t<\/p>\n<\/p><\/div>\n<div class=\"col-xs-12 col-md-6\">\n<p><span class=\"wpcf7-form-control-wrap\" data-name=\"your-subject\"><input size=\"40\" maxlength=\"400\" class=\"wpcf7-form-control wpcf7-text wpcf7-validates-as-required\" aria-required=\"true\" aria-invalid=\"false\" placeholder=\"Asunto\" value=\"\" type=\"text\" name=\"your-subject\" \/><\/span><span class=\"wpcf7-form-control-wrap\" data-name=\"your-message\"><textarea cols=\"40\" rows=\"10\" maxlength=\"2000\" class=\"wpcf7-form-control wpcf7-textarea wpcf7-validates-as-required\" aria-required=\"true\" aria-invalid=\"false\" placeholder=\"\u00bfEn qu\u00e9 podemos ayudarte?\" name=\"your-message\"><\/textarea><\/span><input class=\"wpcf7-form-control wpcf7-submit has-spinner btn btn-primary pull-right fullwidth\" type=\"submit\" value=\"Enviar\" \/>\n\t\t\t<\/p>\n<\/p><\/div>\n<\/p><\/div>\n<\/div>\n<div class=\"wpcf7-response-output\" aria-hidden=\"true\"><\/div>\n<input type=\"hidden\" name=\"trp-form-language\" value=\"en\"\/><\/form>\n<\/div>\n<\/div>\n<\/div><\/div><\/div><\/div><\/div><\/div>","protected":false},"excerpt":{"rendered":"<p>Grupo Lescoms Calle Altamira, 4, piso 9 puerta B, 04005, Almeria Tel\u00e9fono de Contacto 722 199 710 E-mail contacto@psicologia-almeria.es Redes Sociales \u00a0 \u00a0 \u00a0 \u00a0 No dudes en hacer cualquier pregunta por tel\u00e9fono o ponte en contacto a trav\u00e9s de nuestro formulario a continuaci\u00f3n. Tu mensaje se enviar\u00e1 directamente a nuestro personal, que responder\u00e1n lo [&hellip;]<\/p>\n","protected":false},"author":1,"featured_media":0,"parent":0,"menu_order":0,"comment_status":"closed","ping_status":"closed","template":"","meta":{"footnotes":""},"class_list":["post-117","page","type-page","status-publish","hentry"],"yoast_head":"<!-- This site is optimized with the Yoast SEO Premium plugin v20.3 (Yoast SEO v27.4) - https:\/\/yoast.com\/product\/yoast-seo-premium-wordpress\/ -->\n<title>Contacto - Psicolog&iacute;a en Almer&iacute;a<\/title>\n<meta name=\"robots\" content=\"index, follow, max-snippet:-1, max-image-preview:large, max-video-preview:-1\" \/>\n<link rel=\"canonical\" href=\"https:\/\/psicologia-almeria.es\/en\/contacto\/\" \/>\n<meta property=\"og:locale\" content=\"en_GB\" \/>\n<meta property=\"og:type\" content=\"article\" \/>\n<meta property=\"og:title\" content=\"Contacto\" \/>\n<meta property=\"og:description\" content=\"Grupo Lescoms Calle Altamira, 4, piso 9 puerta B, 04005, Almeria Tel\u00e9fono de Contacto 722 199 710 E-mail contacto@psicologia-almeria.es Redes Sociales \u00a0 \u00a0 \u00a0 \u00a0 No dudes en hacer cualquier pregunta por tel\u00e9fono o ponte en contacto a trav\u00e9s de nuestro formulario a continuaci\u00f3n. Tu mensaje se enviar\u00e1 directamente a nuestro personal, que responder\u00e1n lo [&hellip;]\" \/>\n<meta property=\"og:url\" content=\"https:\/\/psicologia-almeria.es\/en\/contacto\/\" \/>\n<meta property=\"og:site_name\" content=\"Psicolog&iacute;a en Almer&iacute;a\" \/>\n<meta property=\"article:modified_time\" content=\"2022-10-27T09:25:14+00:00\" \/>\n<meta name=\"twitter:card\" content=\"summary_large_image\" \/>\n<meta name=\"twitter:label1\" content=\"Estimated reading time\" \/>\n\t<meta name=\"twitter:data1\" content=\"1 minute\" \/>\n<script type=\"application\/ld+json\" class=\"yoast-schema-graph\">{\"@context\":\"https:\\\/\\\/schema.org\",\"@graph\":[{\"@type\":\"WebPage\",\"@id\":\"https:\\\/\\\/psicologia-almeria.es\\\/contacto\",\"url\":\"https:\\\/\\\/psicologia-almeria.es\\\/contacto\",\"name\":\"Contacto - Psicolog&iacute;a en Almer&iacute;a\",\"isPartOf\":{\"@id\":\"https:\\\/\\\/psicologia-almeria.es\\\/#website\"},\"datePublished\":\"2015-11-27T18:00:51+00:00\",\"dateModified\":\"2022-10-27T09:25:14+00:00\",\"breadcrumb\":{\"@id\":\"https:\\\/\\\/psicologia-almeria.es\\\/contacto#breadcrumb\"},\"inLanguage\":\"en-GB\",\"potentialAction\":[{\"@type\":\"ReadAction\",\"target\":[\"https:\\\/\\\/psicologia-almeria.es\\\/contacto\"]}]},{\"@type\":\"BreadcrumbList\",\"@id\":\"https:\\\/\\\/psicologia-almeria.es\\\/contacto#breadcrumb\",\"itemListElement\":[{\"@type\":\"ListItem\",\"position\":1,\"name\":\"Home\",\"item\":\"https:\\\/\\\/psicologia-almeria.es\\\/\"},{\"@type\":\"ListItem\",\"position\":2,\"name\":\"Contacto\"}]},{\"@type\":\"WebSite\",\"@id\":\"https:\\\/\\\/psicologia-almeria.es\\\/#website\",\"url\":\"https:\\\/\\\/psicologia-almeria.es\\\/\",\"name\":\"Psicolog&iacute;a en Almer&iacute;a\",\"description\":\"Tu psic&oacute;logo de confianza en Almer&iacute;a - Lescoms\",\"potentialAction\":[{\"@type\":\"SearchAction\",\"target\":{\"@type\":\"EntryPoint\",\"urlTemplate\":\"https:\\\/\\\/psicologia-almeria.es\\\/?s={search_term_string}\"},\"query-input\":{\"@type\":\"PropertyValueSpecification\",\"valueRequired\":true,\"valueName\":\"search_term_string\"}}],\"inLanguage\":\"en-GB\"}]}<\/script>\n<!-- \/ Yoast SEO Premium plugin. -->","yoast_head_json":{"title":"Contacto - Psicolog&iacute;a en Almer&iacute;a","robots":{"index":"index","follow":"follow","max-snippet":"max-snippet:-1","max-image-preview":"max-image-preview:large","max-video-preview":"max-video-preview:-1"},"canonical":"https:\/\/psicologia-almeria.es\/en\/contacto\/","og_locale":"en_GB","og_type":"article","og_title":"Contacto","og_description":"Grupo Lescoms Calle Altamira, 4, piso 9 puerta B, 04005, Almeria Tel\u00e9fono de Contacto 722 199 710 E-mail contacto@psicologia-almeria.es Redes Sociales \u00a0 \u00a0 \u00a0 \u00a0 No dudes en hacer cualquier pregunta por tel\u00e9fono o ponte en contacto a trav\u00e9s de nuestro formulario a continuaci\u00f3n. Tu mensaje se enviar\u00e1 directamente a nuestro personal, que responder\u00e1n lo [&hellip;]","og_url":"https:\/\/psicologia-almeria.es\/en\/contacto\/","og_site_name":"Psicolog&iacute;a en Almer&iacute;a","article_modified_time":"2022-10-27T09:25:14+00:00","twitter_card":"summary_large_image","twitter_misc":{"Estimated reading time":"1 minute"},"schema":{"@context":"https:\/\/schema.org","@graph":[{"@type":"WebPage","@id":"https:\/\/psicologia-almeria.es\/contacto","url":"https:\/\/psicologia-almeria.es\/contacto","name":"Contacto - Psicolog&iacute;a en Almer&iacute;a","isPartOf":{"@id":"https:\/\/psicologia-almeria.es\/#website"},"datePublished":"2015-11-27T18:00:51+00:00","dateModified":"2022-10-27T09:25:14+00:00","breadcrumb":{"@id":"https:\/\/psicologia-almeria.es\/contacto#breadcrumb"},"inLanguage":"en-GB","potentialAction":[{"@type":"ReadAction","target":["https:\/\/psicologia-almeria.es\/contacto"]}]},{"@type":"BreadcrumbList","@id":"https:\/\/psicologia-almeria.es\/contacto#breadcrumb","itemListElement":[{"@type":"ListItem","position":1,"name":"Home","item":"https:\/\/psicologia-almeria.es\/"},{"@type":"ListItem","position":2,"name":"Contacto"}]},{"@type":"WebSite","@id":"https:\/\/psicologia-almeria.es\/#website","url":"https:\/\/psicologia-almeria.es\/","name":"Psicolog&iacute;a en Almer&iacute;a","description":"Tu psic&oacute;logo de confianza en Almer&iacute;a - Lescoms","potentialAction":[{"@type":"SearchAction","target":{"@type":"EntryPoint","urlTemplate":"https:\/\/psicologia-almeria.es\/?s={search_term_string}"},"query-input":{"@type":"PropertyValueSpecification","valueRequired":true,"valueName":"search_term_string"}}],"inLanguage":"en-GB"}]}},"_links":{"self":[{"href":"https:\/\/psicologia-almeria.es\/en\/wp-json\/wp\/v2\/pages\/117","targetHints":{"allow":["GET"]}}],"collection":[{"href":"https:\/\/psicologia-almeria.es\/en\/wp-json\/wp\/v2\/pages"}],"about":[{"href":"https:\/\/psicologia-almeria.es\/en\/wp-json\/wp\/v2\/types\/page"}],"author":[{"embeddable":true,"href":"https:\/\/psicologia-almeria.es\/en\/wp-json\/wp\/v2\/users\/1"}],"replies":[{"embeddable":true,"href":"https:\/\/psicologia-almeria.es\/en\/wp-json\/wp\/v2\/comments?post=117"}],"version-history":[{"count":12,"href":"https:\/\/psicologia-almeria.es\/en\/wp-json\/wp\/v2\/pages\/117\/revisions"}],"predecessor-version":[{"id":8129,"href":"https:\/\/psicologia-almeria.es\/en\/wp-json\/wp\/v2\/pages\/117\/revisions\/8129"}],"wp:attachment":[{"href":"https:\/\/psicologia-almeria.es\/en\/wp-json\/wp\/v2\/media?parent=117"}],"curies":[{"name":"wp","href":"https:\/\/api.w.org\/{rel}","templated":true}]}}