{"id":347,"date":"2015-12-04T13:09:18","date_gmt":"2015-12-04T13:09:18","guid":{"rendered":"http:\/\/export-xml.qreativethemes.com\/physio\/?page_id=347"},"modified":"2021-06-27T02:16:41","modified_gmt":"2021-06-27T02:16:41","slug":"preguntas-frecuentes","status":"publish","type":"page","link":"https:\/\/psicologia-almeria.es\/en\/preguntas-frecuentes","title":{"rendered":"Preguntas Frecuentes"},"content":{"rendered":"<div id=\"pl-347\"  class=\"panel-layout\" ><div id=\"pg-347-0\"  class=\"panel-grid panel-no-style\" ><div id=\"pgc-347-0-0\"  class=\"panel-grid-cell\" ><div id=\"panel-347-0-0-0\" class=\"so-panel widget widget_sow-editor panel-first-child panel-last-child\" data-index=\"0\" ><div class=\"smaller-widget-title panel-widget-style panel-widget-style-for-347-0-0-0\" ><div\n\t\t\t\n\t\t\tclass=\"so-widget-sow-editor so-widget-sow-editor-base\"\n\t\t\t\n\t\t>\n<div class=\"siteorigin-widget-tinymce textwidget\">\n\t<div class=\"panel-group\" id=\"accordion-0\" data-panel=\"accordion-0\">\n<div class=\"panel\">\n<div class=\"panel-heading\">\n<h3 class=\"panel-title\"><a class=\"accordion-toggle\" data-toggle=\"collapse\" data-parent=\"#accordion-0\" href=\"#collapse_0\" aria-expanded=\"true\">\u00bfQu\u00e9 es lo que estudia la psicolog\u00eda?<\/a><\/h3>\n<\/div>\n<div id=\"collapse_0\" class=\"panel-collapse collapse in\">\n<div class=\"panel-body\">\n<p>La\u00a0<b>psicolog\u00eda<\/b>\u00a0moderna se ha encargado de recopilar hechos sobre la conducta y la experiencia humana, organiz\u00e1ndolos en forma sistem\u00e1tica y elaborando teor\u00edas para su comprensi\u00f3n.<\/p>\n<\/div>\n<\/div>\n<\/div>\n<div class=\"panel\">\n<div class=\"panel-heading\">\n<h3 class=\"panel-title\"><a class=\"accordion-toggle\" data-toggle=\"collapse\" data-parent=\"#accordion-0\" href=\"#collapse_1\" >\u00bfQu\u00e9 es lo que hace un psic\u00f3logo?<\/a><\/h3>\n<\/div>\n<div id=\"collapse_1\" class=\"panel-collapse collapse\">\n<div class=\"panel-body\">\n<p>Los psic\u00f3logos nos ayudan a enfrentar situaciones estresantes, a curarnos de adicciones, a controlar enfermedades cr\u00f3nicas y eliminar los obst\u00e1culos que nos impiden alcanzar nuestros objetivos.<\/p>\n<\/div>\n<\/div>\n<\/div>\n<div class=\"panel\">\n<div class=\"panel-heading\">\n<h3 class=\"panel-title\"><a class=\"accordion-toggle\" data-toggle=\"collapse\" data-parent=\"#accordion-0\" href=\"#collapse_2\" >Tipos de Psicolog\u00eda<\/a><\/h3>\n<\/div>\n<div id=\"collapse_2\" class=\"panel-collapse collapse\">\n<div class=\"panel-body\">\n<p>Los\u00a0<b>tipos<\/b>\u00a0de\u00a0<b>psicolog\u00eda<\/b>\u00a0engloban diferentes ramas centradas en determinados campos dentro del comportamiento y pensamiento humano. Se basan en diferentes estudios y procesos que influyen en el ser humano y adem\u00e1s valoran tambi\u00e9n los aspectos sociales, biol\u00f3gicos y de situaci\u00f3n.<\/p>\n<\/div>\n<\/div>\n<\/div>\n<div class=\"panel\">\n<div class=\"panel-heading\">\n<h3 class=\"panel-title\"><a class=\"accordion-toggle\" data-toggle=\"collapse\" data-parent=\"#accordion-0\" href=\"#collapse_3\" >\u00bfC\u00f3mo saber si tengo que ir al psic\u00f3logo?<\/a><\/h3>\n<\/div>\n<div id=\"collapse_3\" class=\"panel-collapse collapse\">\n<div class=\"panel-body\">\n<p>Se recomienda acudir al <b>psic\u00f3logo<\/b>\u00a0cuando: El malestar se intensifica m\u00e1s cada d\u00eda, hasta tal punto que llega a interferir en tu desempe\u00f1o cotidiano, ya sea en el \u00e1rea laboral, social o familiar. Sientes que no tienes fuerza o recursos para afrontar la problem\u00e1tica por ti mismo.<\/p>\n<\/div>\n<\/div>\n<\/div>\n<div class=\"panel\">\n<div class=\"panel-heading\">\n<h3 class=\"panel-title\"><a class=\"accordion-toggle\" data-toggle=\"collapse\" data-parent=\"#accordion-0\" href=\"#collapse_4\" >Tu Primera Consulta<\/a><\/h3>\n<\/div>\n<div id=\"collapse_4\" class=\"panel-collapse collapse\">\n<div class=\"panel-body\">\n<h2>C\u00f3mo prepararme para la primera consulta: 6 consejos \u00fatiles<\/h2>\n<p>Acudir con un psic\u00f3logo es una de gran decisi\u00f3n. Es el momento en que decides:<\/p>\n<ul>\n<li>Que necesitas o deseas ayuda.<\/li>\n<li>Que ya no manejas esta situaci\u00f3n tan eficientemente como quisieras.<\/li>\n<li>Que estas estancado por cierto tiempo y quieres seguir adelante.<\/li>\n<\/ul>\n<p>Para sacar el mayor provecho de la terapia psicol\u00f3gica te recomendamos \u201cprepararte\u201d antes de acudir a la primera consulta. Y prepararse significa en primer lugar llegar con una idea de lo que quieres obtener de la terapia.<\/p>\n<p>Ten presente que t\u00fa eres el co-creador de esta relaci\u00f3n que es la psicoterapia. Es importante que vayas con la convicci\u00f3n de cu\u00e1les son tus metas, cu\u00e1les son tus expectativas y tus preferencias respecto a c\u00f3mo proceder. Si vas preparado y no con la actitud de ocupar el asiento de atr\u00e1s, es muy probable que encuentres \u00e9xito en el espacio de la psicoterapia.<\/p>\n<p>Por otro lado, tambi\u00e9n cabe aclarar que, si bien la preparaci\u00f3n es importante, tampoco hay necesidad de planear exactamente qu\u00e9 vas a decir en la consulta. Tener metas claras y cierta disposici\u00f3n a hablar de los sentimos ayudar\u00e1 a que las sesiones se desenvuelvan\u00a0<em>naturalmente<\/em>.<\/p>\n<h2>1) Reflexiona acerca de lo que quieres obtener del proceso de terapia.<\/h2>\n<p>Es recomendable que lleves uno o dos objetivos de lo que quieres trabajar. Por ejemplo, \u00bfte gustar\u00eda lograr una mejor relaci\u00f3n con tus padres, tu pareja o tus hijos?, o bien \u00bfquisieras desarrollar m\u00e1s habilidades de comunicaci\u00f3n? O \u00bfdeseas profundizar en un evento del pasado que caus\u00f3 mucho da\u00f1o y temes que no haya sido asimilado adecuadamente? O \u00bfquieres utilizar el espacio de la terapia para profundizar en ti mismo y conocerte mejor? \u00bfQuieres aprender herramientas para manejar mejor la ansiedad, el miedo? Por otra parte, a veces pueden trabajarse con dos objetivos a la vez, por ejemplo profundizar en el pasado, en los eventos de la infancia, y paralelamente en las relaciones presentes del trabajo, la pareja o la familia.<\/p>\n<p>Si bien puede resultar de ayuda tener una cierta noci\u00f3n de lo que se quiere obtener, en ocasiones no es necesario. Basta con sentir un malestar o una inquietud y conforme avancen las sesiones ir\u00e1n apareciendo con mayor claridad los objetivos del proceso. Adem\u00e1s, puedes variar o cambiar las metas conforme avanza el proceso. Generalmente, objetivos m\u00e1s profundos aparecen m\u00e1s adelante, conforme se va ganando comprensi\u00f3n del problema.<\/p>\n<h2>2) Ten presente que no tienes que ir cada sesi\u00f3n con algo muy relevante que hablar.<\/h2>\n<p>En ocasiones, las sesiones en las que sientes que no tienes mucho que hablar pueden ser las que dan lugar a grandes aveces. Para del trabajo del psic\u00f3logo es asegurarse que cada sesi\u00f3n sea productiva y se mantenga una l\u00ednea de trabajo, aunque en ocasiones el paciente no logre percibirlo. Para esto, el psic\u00f3logo te har\u00e1 preguntas o retomar\u00e1 alg\u00fan tema pendiente todav\u00eda por resolver. Ten en cuenta que como pacientes tendemos a evitar tocar temas dif\u00edciles y no los traemos a la terapia. En las sesiones de agenda abierta, t\u00fa y y tu terapeuta tendr\u00e1n la oportunidad de hablar acerca de una variedad de cosas que pasan en tu vida, donde podr\u00e1s descrubir que hay algo que realmente s\u00ed quer\u00edas hablar, despu\u00e9s de todo.<\/p>\n<h2>3)\u00a0Toma nota de tus sentimientos y experiencias.<\/h2>\n<p>Antes de llegar, t\u00f3mate un tiempo para pensar realmente acerca de las cosas que quieres hablar y acerca de las raz\u00f3n para iniciar una terapia. Escribe las aspectos espec\u00edficos que t\u00fa consideras que la persona que te va a ayudar deber\u00eda de saber, por ejemplo lo que te hace enojar, o lo que te causa inseguridad. El terapeuta estar\u00e1 preparado para realizarte preguntas, pero es m\u00e1s \u00fatil que t\u00fa menciones lo que consideras relevante en la situaci\u00f3n que vives. Si tienes confusi\u00f3n respecto lo que quieres buscar, puedes hacerte las siguientes preguntas:<\/p>\n<ul>\n<li>\u00bfPor qu\u00e9 estoy aqu\u00ed?<\/li>\n<li>\u00bfSiento enojo, infelicidad, estr\u00e9s, miedo, ansiedad?<\/li>\n<li>\u00bfC\u00f3mo afectan otras personas de mi vida la situaci\u00f3n que estoy viviendo?<\/li>\n<li>\u00bfC\u00f3mo me siento normalmente, triste, angustiado, frustrado, atrapado?<\/li>\n<li>\u00bfQu\u00e9 cambios quiero ver en mi futuro?<\/li>\n<\/ul>\n<h2>4) Prep\u00e1rate para expresar pensamientos y sentimientos que normalmente son privados.<\/h2>\n<p>La libertad de explorar tus impulsos, tus pensamientos y emociones tal como emergen, es una de las claves para que se d\u00e9 el cambio en psicoterapia. Como paciente, es importante que est\u00e9s dispuesto a hacer ajustes en las reglas acerca de lo que puedes decir y lo que debes mantener en secreto. De esto puede depender, en muchos casos, de la eficacia o el avance del proceso de terapia.<\/p>\n<h2>5)\u00a0Recuerda que este terapeuta no es el \u00fanico terapeuta.<\/h2>\n<p>Una buena conexi\u00f3n entre el paciente y el terapeuta es esencial para el \u00e9xito de la psicoterapia. No solo es necesario asegurarse que el terapeuta sea competente, que escuche, y tampoco es suficiente tener deseo sincero de cambiar, tambi\u00e9n es importante considerar c\u00f3mo te sientes con el terapeuta desde la primera consulta. \u00bfSaliste de la primera sesi\u00f3n sinti\u00e9ndote incomprendido? \u00bfLa personalidad del terapeuta te hizo sentir un poco inc\u00f3modo? \u00bfTal vez te hizo recordar a una persona que no te cae bien? Si respondes \u201cs\u00ed\u201d a alguna de estas preguntas, es conveniente que busques un nuevo terapeuta.<\/p>\n<h2>6)\u00a0Escribe notas de recordatorio.<\/h2>\n<p>Al acudir por primera vez a sesi\u00f3n, posiblemente tengas muchas preguntas diferentes e inquietudes. Para que puedas atender todo lo que quieras saber, escribe unas notas que te recuerden reunir toda la informaci\u00f3n que necesitas. Llevar estas notas puede ayudarte a sentirte menos nervioso o confuso y m\u00e1s atento.<br \/>\nPor ejemplo, puedes preguntar al psic\u00f3logo:<\/p>\n<ul>\n<li>\u00bfqu\u00e9 enfoque terapeuta utiliza?<\/li>\n<li>\u00bfc\u00f3mo se definir\u00e1n las metas?<\/li>\n<li>\u00bfme dejar\u00e1s tareas para realizar en casa?<\/li>\n<li>\u00bfcon qu\u00e9 frecuencia ser\u00e1n las sesiones?<\/li>\n<li>\u00bfqu\u00e9 duraci\u00f3n va a tener el proceso terap\u00e9utico?<\/li>\n<\/ul>\n<\/div>\n<\/div>\n<\/div>\n<\/div>\n<\/div>\n<\/div><\/div><\/div><\/div><\/div><div id=\"pg-347-1\"  class=\"panel-grid panel-has-style\" ><div class=\"panel-row-style panel-row-style-for-347-1\" ><div id=\"pgc-347-1-0\"  class=\"panel-grid-cell\" ><div class=\"text-center panel-cell-style panel-cell-style-for-347-1-0\" ><div id=\"panel-347-1-0-0\" class=\"so-panel widget widget_sow-editor panel-first-child panel-last-child\" data-index=\"1\" ><div\n\t\t\t\n\t\t\tclass=\"so-widget-sow-editor so-widget-sow-editor-base\"\n\t\t\t\n\t\t><h3 class=\"widget-title\">Haznos una pregunta<\/h3>\n<div class=\"siteorigin-widget-tinymce textwidget\">\n\t<p>No dudes en hacer cualquier pregunta por tel\u00e9fono o env\u00eda tu pregunta a trav\u00e9s de este formulario a continuaci\u00f3n. Tu mensaje se enviar\u00e1 directamente a nuestro personal, que responder\u00e1 lo antes posible.<\/p>\n<div class=\"wpcf7 no-js\" id=\"wpcf7-f7235-o1\" lang=\"en-US\" dir=\"ltr\" data-wpcf7-id=\"7235\">\n<div class=\"screen-reader-response\">\n<p role=\"status\" aria-live=\"polite\" aria-atomic=\"true\">\n<ul><\/ul>\n<\/div>\n<form action=\"\/en\/wp-json\/wp\/v2\/pages\/347#wpcf7-f7235-o1\" method=\"post\" class=\"wpcf7-form init\" aria-label=\"Contact form\" novalidate=\"novalidate\" data-status=\"init\" data-trp-original-action=\"\/en\/wp-json\/wp\/v2\/pages\/347#wpcf7-f7235-o1\">\n<fieldset class=\"hidden-fields-container\"><input type=\"hidden\" name=\"_wpcf7\" value=\"7235\" \/><input type=\"hidden\" name=\"_wpcf7_version\" value=\"6.1.5\" \/><input type=\"hidden\" name=\"_wpcf7_locale\" value=\"en_US\" \/><input type=\"hidden\" name=\"_wpcf7_unit_tag\" value=\"wpcf7-f7235-o1\" \/><input type=\"hidden\" name=\"_wpcf7_container_post\" value=\"0\" \/><input type=\"hidden\" name=\"_wpcf7_posted_data_hash\" value=\"\" \/><input type=\"hidden\" name=\"_wpcf7_recaptcha_response\" value=\"\" \/><br \/>\n<\/fieldset>\n<div class=\"questionform white-featured-box\">\n<div class=\"row\">\n<div class=\"col-xs-12 col-md-6\">\n<p><span class=\"wpcf7-form-control-wrap\" data-name=\"your-name\"><input size=\"40\" maxlength=\"400\" class=\"wpcf7-form-control wpcf7-text wpcf7-validates-as-required\" aria-required=\"true\" aria-invalid=\"false\" placeholder=\"Nombre *\" value=\"\" type=\"text\" name=\"your-name\" \/><\/span><span class=\"wpcf7-form-control-wrap\" data-name=\"your-email\"><input size=\"40\" maxlength=\"400\" class=\"wpcf7-form-control wpcf7-email wpcf7-validates-as-required wpcf7-text wpcf7-validates-as-email\" aria-required=\"true\" aria-invalid=\"false\" placeholder=\"E-mail *\" value=\"\" type=\"email\" name=\"your-email\" \/><\/span><span class=\"wpcf7-form-control-wrap\" data-name=\"your-phone\"><input size=\"40\" maxlength=\"400\" class=\"wpcf7-form-control wpcf7-tel wpcf7-validates-as-required wpcf7-text wpcf7-validates-as-tel\" aria-required=\"true\" aria-invalid=\"false\" placeholder=\"Tel\u00e9fono *\" value=\"\" type=\"tel\" name=\"your-phone\" \/><\/span><span class=\"wpcf7-form-control-wrap\" data-name=\"answer\"><select class=\"wpcf7-form-control wpcf7-select wpcf7-validates-as-required\" aria-required=\"true\" aria-invalid=\"false\" name=\"answer\"><option value=\"\">Preferencia de Contacto:<\/option><option value=\"Tel\u00e9fono\">Tel\u00e9fono<\/option><option value=\"E-mail\">E-mail<\/option><\/select><\/span>\n\t\t\t<\/p>\n<\/p><\/div>\n<div class=\"col-xs-12 col-md-6\">\n<p><span class=\"wpcf7-form-control-wrap\" data-name=\"your-subject\"><input size=\"40\" maxlength=\"400\" class=\"wpcf7-form-control wpcf7-text wpcf7-validates-as-required\" aria-required=\"true\" aria-invalid=\"false\" placeholder=\"Asunto\" value=\"\" type=\"text\" name=\"your-subject\" \/><\/span><span class=\"wpcf7-form-control-wrap\" data-name=\"your-message\"><textarea cols=\"40\" rows=\"10\" maxlength=\"2000\" class=\"wpcf7-form-control wpcf7-textarea wpcf7-validates-as-required\" aria-required=\"true\" aria-invalid=\"false\" placeholder=\"\u00bfEn qu\u00e9 podemos ayudarte?\" name=\"your-message\"><\/textarea><\/span><input class=\"wpcf7-form-control wpcf7-submit has-spinner btn btn-primary pull-right fullwidth\" type=\"submit\" value=\"Enviar\" \/>\n\t\t\t<\/p>\n<\/p><\/div>\n<\/p><\/div>\n<\/div>\n<div class=\"wpcf7-response-output\" aria-hidden=\"true\"><\/div>\n<input type=\"hidden\" name=\"trp-form-language\" value=\"en\"\/><\/form>\n<\/div>\n<\/div>\n<\/div><\/div><\/div><\/div><\/div><\/div><\/div>","protected":false},"excerpt":{"rendered":"<p>No dudes en hacer cualquier pregunta por tel\u00e9fono o env\u00eda tu pregunta a trav\u00e9s de este formulario a continuaci\u00f3n. Tu mensaje se enviar\u00e1 directamente a nuestro personal, que responder\u00e1 lo antes posible.<\/p>","protected":false},"author":1,"featured_media":0,"parent":0,"menu_order":0,"comment_status":"closed","ping_status":"closed","template":"","meta":{"footnotes":""},"class_list":["post-347","page","type-page","status-publish","hentry"],"yoast_head":"<!-- This site is optimized with the Yoast SEO Premium plugin v20.3 (Yoast SEO v27.4) - https:\/\/yoast.com\/product\/yoast-seo-premium-wordpress\/ -->\n<title>Preguntas Frecuentes - Psicolog&iacute;a en Almer&iacute;a<\/title>\n<meta name=\"robots\" content=\"index, follow, max-snippet:-1, max-image-preview:large, max-video-preview:-1\" \/>\n<link rel=\"canonical\" href=\"https:\/\/psicologia-almeria.es\/en\/preguntas-frecuentes\/\" \/>\n<meta property=\"og:locale\" content=\"en_GB\" \/>\n<meta property=\"og:type\" content=\"article\" \/>\n<meta property=\"og:title\" content=\"Preguntas Frecuentes\" \/>\n<meta property=\"og:description\" content=\"No dudes en hacer cualquier pregunta por tel\u00e9fono o env\u00eda tu pregunta a trav\u00e9s de este formulario a continuaci\u00f3n. Tu mensaje se enviar\u00e1 directamente a nuestro personal, que responder\u00e1 lo antes posible.\" \/>\n<meta property=\"og:url\" content=\"https:\/\/psicologia-almeria.es\/en\/preguntas-frecuentes\/\" \/>\n<meta property=\"og:site_name\" content=\"Psicolog&iacute;a en Almer&iacute;a\" \/>\n<meta property=\"article:modified_time\" content=\"2021-06-27T02:16:41+00:00\" \/>\n<meta name=\"twitter:card\" content=\"summary_large_image\" \/>\n<meta name=\"twitter:label1\" content=\"Estimated reading time\" \/>\n\t<meta name=\"twitter:data1\" content=\"6 minutes\" \/>\n<script type=\"application\/ld+json\" class=\"yoast-schema-graph\">{\"@context\":\"https:\\\/\\\/schema.org\",\"@graph\":[{\"@type\":\"WebPage\",\"@id\":\"https:\\\/\\\/psicologia-almeria.es\\\/preguntas-frecuentes\",\"url\":\"https:\\\/\\\/psicologia-almeria.es\\\/preguntas-frecuentes\",\"name\":\"Preguntas Frecuentes - Psicolog&iacute;a en Almer&iacute;a\",\"isPartOf\":{\"@id\":\"https:\\\/\\\/psicologia-almeria.es\\\/#website\"},\"datePublished\":\"2015-12-04T13:09:18+00:00\",\"dateModified\":\"2021-06-27T02:16:41+00:00\",\"breadcrumb\":{\"@id\":\"https:\\\/\\\/psicologia-almeria.es\\\/preguntas-frecuentes#breadcrumb\"},\"inLanguage\":\"en-GB\",\"potentialAction\":[{\"@type\":\"ReadAction\",\"target\":[\"https:\\\/\\\/psicologia-almeria.es\\\/preguntas-frecuentes\"]}]},{\"@type\":\"BreadcrumbList\",\"@id\":\"https:\\\/\\\/psicologia-almeria.es\\\/preguntas-frecuentes#breadcrumb\",\"itemListElement\":[{\"@type\":\"ListItem\",\"position\":1,\"name\":\"Home\",\"item\":\"https:\\\/\\\/psicologia-almeria.es\\\/\"},{\"@type\":\"ListItem\",\"position\":2,\"name\":\"Preguntas Frecuentes\"}]},{\"@type\":\"WebSite\",\"@id\":\"https:\\\/\\\/psicologia-almeria.es\\\/#website\",\"url\":\"https:\\\/\\\/psicologia-almeria.es\\\/\",\"name\":\"Psicolog&iacute;a en Almer&iacute;a\",\"description\":\"Tu psic&oacute;logo de confianza en Almer&iacute;a - Lescoms\",\"potentialAction\":[{\"@type\":\"SearchAction\",\"target\":{\"@type\":\"EntryPoint\",\"urlTemplate\":\"https:\\\/\\\/psicologia-almeria.es\\\/?s={search_term_string}\"},\"query-input\":{\"@type\":\"PropertyValueSpecification\",\"valueRequired\":true,\"valueName\":\"search_term_string\"}}],\"inLanguage\":\"en-GB\"}]}<\/script>\n<!-- \/ Yoast SEO Premium plugin. -->","yoast_head_json":{"title":"Preguntas Frecuentes - Psicolog&iacute;a en Almer&iacute;a","robots":{"index":"index","follow":"follow","max-snippet":"max-snippet:-1","max-image-preview":"max-image-preview:large","max-video-preview":"max-video-preview:-1"},"canonical":"https:\/\/psicologia-almeria.es\/en\/preguntas-frecuentes\/","og_locale":"en_GB","og_type":"article","og_title":"Preguntas Frecuentes","og_description":"No dudes en hacer cualquier pregunta por tel\u00e9fono o env\u00eda tu pregunta a trav\u00e9s de este formulario a continuaci\u00f3n. Tu mensaje se enviar\u00e1 directamente a nuestro personal, que responder\u00e1 lo antes posible.","og_url":"https:\/\/psicologia-almeria.es\/en\/preguntas-frecuentes\/","og_site_name":"Psicolog&iacute;a en Almer&iacute;a","article_modified_time":"2021-06-27T02:16:41+00:00","twitter_card":"summary_large_image","twitter_misc":{"Estimated reading time":"6 minutes"},"schema":{"@context":"https:\/\/schema.org","@graph":[{"@type":"WebPage","@id":"https:\/\/psicologia-almeria.es\/preguntas-frecuentes","url":"https:\/\/psicologia-almeria.es\/preguntas-frecuentes","name":"Preguntas Frecuentes - Psicolog&iacute;a en Almer&iacute;a","isPartOf":{"@id":"https:\/\/psicologia-almeria.es\/#website"},"datePublished":"2015-12-04T13:09:18+00:00","dateModified":"2021-06-27T02:16:41+00:00","breadcrumb":{"@id":"https:\/\/psicologia-almeria.es\/preguntas-frecuentes#breadcrumb"},"inLanguage":"en-GB","potentialAction":[{"@type":"ReadAction","target":["https:\/\/psicologia-almeria.es\/preguntas-frecuentes"]}]},{"@type":"BreadcrumbList","@id":"https:\/\/psicologia-almeria.es\/preguntas-frecuentes#breadcrumb","itemListElement":[{"@type":"ListItem","position":1,"name":"Home","item":"https:\/\/psicologia-almeria.es\/"},{"@type":"ListItem","position":2,"name":"Preguntas Frecuentes"}]},{"@type":"WebSite","@id":"https:\/\/psicologia-almeria.es\/#website","url":"https:\/\/psicologia-almeria.es\/","name":"Psicolog&iacute;a en Almer&iacute;a","description":"Tu psic&oacute;logo de confianza en Almer&iacute;a - Lescoms","potentialAction":[{"@type":"SearchAction","target":{"@type":"EntryPoint","urlTemplate":"https:\/\/psicologia-almeria.es\/?s={search_term_string}"},"query-input":{"@type":"PropertyValueSpecification","valueRequired":true,"valueName":"search_term_string"}}],"inLanguage":"en-GB"}]}},"_links":{"self":[{"href":"https:\/\/psicologia-almeria.es\/en\/wp-json\/wp\/v2\/pages\/347","targetHints":{"allow":["GET"]}}],"collection":[{"href":"https:\/\/psicologia-almeria.es\/en\/wp-json\/wp\/v2\/pages"}],"about":[{"href":"https:\/\/psicologia-almeria.es\/en\/wp-json\/wp\/v2\/types\/page"}],"author":[{"embeddable":true,"href":"https:\/\/psicologia-almeria.es\/en\/wp-json\/wp\/v2\/users\/1"}],"replies":[{"embeddable":true,"href":"https:\/\/psicologia-almeria.es\/en\/wp-json\/wp\/v2\/comments?post=347"}],"version-history":[{"count":2,"href":"https:\/\/psicologia-almeria.es\/en\/wp-json\/wp\/v2\/pages\/347\/revisions"}],"predecessor-version":[{"id":7958,"href":"https:\/\/psicologia-almeria.es\/en\/wp-json\/wp\/v2\/pages\/347\/revisions\/7958"}],"wp:attachment":[{"href":"https:\/\/psicologia-almeria.es\/en\/wp-json\/wp\/v2\/media?parent=347"}],"curies":[{"name":"wp","href":"https:\/\/api.w.org\/{rel}","templated":true}]}}