{"id":6263,"date":"2015-12-21T19:42:19","date_gmt":"2015-12-21T19:42:19","guid":{"rendered":"http:\/\/export-xml.qreativethemes.com\/physio\/?page_id=6263"},"modified":"2021-06-27T21:14:33","modified_gmt":"2021-06-27T21:14:33","slug":"modificacion-de-conducta","status":"publish","type":"page","link":"https:\/\/psicologia-almeria.es\/en\/tratamientos\/modificacion-de-conducta","title":{"rendered":"MODIFICACI\u00d3N DE CONDUCTA"},"content":{"rendered":"<div id=\"pl-6263\"  class=\"panel-layout\" ><div id=\"pg-6263-0\"  class=\"panel-grid panel-no-style\" ><div id=\"pgc-6263-0-0\"  class=\"panel-grid-cell\" ><div id=\"panel-6263-0-0-0\" class=\"so-panel widget widget_sow-editor panel-first-child panel-last-child\" data-index=\"0\" ><div\n\t\t\t\n\t\t\tclass=\"so-widget-sow-editor so-widget-sow-editor-base\"\n\t\t\t\n\t\t>\n<div class=\"siteorigin-widget-tinymce textwidget\">\n\t<p><span>La Terapia de Reversi\u00f3n de H\u00e1bitos funciona en comportamientos como: tics, tirones de cabello, morderse las u\u00f1as y rascarse la piel, por nombrar algunos, y es apropiada para personas de cualquier edad. A menudo, no entendemos realmente qu\u00e9 est\u00e1 impulsando nuestros comportamientos (como el alivio de los impulsos o sentimientos) hasta que los buscamos con la ayuda de un profesional.<\/span><\/p>\n<hr \/>\n<\/div>\n<\/div><\/div><\/div><\/div><div id=\"pg-6263-1\"  class=\"panel-grid panel-no-style\" ><div id=\"pgc-6263-1-0\"  class=\"panel-grid-cell\" ><div id=\"panel-6263-1-0-0\" class=\"so-panel widget widget_sow-editor panel-first-child panel-last-child\" data-index=\"1\" ><div\n\t\t\t\n\t\t\tclass=\"so-widget-sow-editor so-widget-sow-editor-base\"\n\t\t\t\n\t\t>\n<div class=\"siteorigin-widget-tinymce textwidget\">\n\t<p><strong><img loading=\"lazy\" decoding=\"async\" class=\"alignnone wp-image-7806 size-full\" src=\"https:\/\/psicologia-almeria.es\/wp-content\/uploads\/2021\/06\/Disen\u0303o-sin-ti\u0301tulo-9.jpg\" alt=\"imagen de terapia de reversion de habitos en almeria\" width=\"850\" height=\"567\" srcset=\"https:\/\/psicologia-almeria.es\/wp-content\/uploads\/2021\/06\/Disen\u0303o-sin-ti\u0301tulo-9.jpg 850w, https:\/\/psicologia-almeria.es\/wp-content\/uploads\/2021\/06\/Disen\u0303o-sin-ti\u0301tulo-9-300x200.jpg 300w, https:\/\/psicologia-almeria.es\/wp-content\/uploads\/2021\/06\/Disen\u0303o-sin-ti\u0301tulo-9-768x512.jpg 768w, https:\/\/psicologia-almeria.es\/wp-content\/uploads\/2021\/06\/Disen\u0303o-sin-ti\u0301tulo-9-360x240.jpg 360w, https:\/\/psicologia-almeria.es\/wp-content\/uploads\/2021\/06\/Disen\u0303o-sin-ti\u0301tulo-9-272x182.jpg 272w\" sizes=\"auto, (max-width: 850px) 100vw, 850px\" \/><\/strong><\/p>\n<\/div>\n<\/div><\/div><\/div><div id=\"pgc-6263-1-1\"  class=\"panel-grid-cell\" ><div id=\"panel-6263-1-1-0\" class=\"so-panel widget widget_sow-editor panel-first-child panel-last-child\" data-index=\"2\" ><div\n\t\t\t\n\t\t\tclass=\"so-widget-sow-editor so-widget-sow-editor-base\"\n\t\t\t\n\t\t>\n<div class=\"siteorigin-widget-tinymce textwidget\">\n\t<p><img loading=\"lazy\" decoding=\"async\" class=\"alignnone wp-image-7807 size-full\" src=\"https:\/\/psicologia-almeria.es\/wp-content\/uploads\/2021\/06\/Disen\u0303o-sin-ti\u0301tulo-10.jpg\" alt=\"imagen de entrenamiento de reversion de habitos en almeria\" width=\"850\" height=\"567\" srcset=\"https:\/\/psicologia-almeria.es\/wp-content\/uploads\/2021\/06\/Disen\u0303o-sin-ti\u0301tulo-10.jpg 850w, https:\/\/psicologia-almeria.es\/wp-content\/uploads\/2021\/06\/Disen\u0303o-sin-ti\u0301tulo-10-300x200.jpg 300w, https:\/\/psicologia-almeria.es\/wp-content\/uploads\/2021\/06\/Disen\u0303o-sin-ti\u0301tulo-10-768x512.jpg 768w, https:\/\/psicologia-almeria.es\/wp-content\/uploads\/2021\/06\/Disen\u0303o-sin-ti\u0301tulo-10-360x240.jpg 360w, https:\/\/psicologia-almeria.es\/wp-content\/uploads\/2021\/06\/Disen\u0303o-sin-ti\u0301tulo-10-272x182.jpg 272w\" sizes=\"auto, (max-width: 850px) 100vw, 850px\" \/><\/p>\n<\/div>\n<\/div><\/div><\/div><\/div><div id=\"pg-6263-2\"  class=\"panel-grid panel-no-style\" ><div id=\"pgc-6263-2-0\"  class=\"panel-grid-cell\" ><div id=\"panel-6263-2-0-0\" class=\"so-panel widget widget_sow-editor panel-first-child panel-last-child\" data-index=\"3\" ><div\n\t\t\t\n\t\t\tclass=\"so-widget-sow-editor so-widget-sow-editor-base\"\n\t\t\t\n\t\t>\n<div class=\"siteorigin-widget-tinymce textwidget\">\n\t<p><strong><span style=\"color: #56afd5; font-size: 15px;\">\u00bfEn qu\u00e9 consiste la Terapia de Reversi\u00f3n de H\u00e1bitos?<\/span><\/strong><\/p>\n<p><span>La terapia de reversi\u00f3n de h\u00e1bitos se compone de cinco partes:<\/span><\/p>\n<ol>\n<li><strong><span>Entrenamiento de conciencia:<\/span><\/strong><span>\u00a0atrae la atenci\u00f3n sobre el comportamiento para que la persona pueda ganar mejor autocontrol y conciencia.\u00a0En esta etapa, trabajar\u00e1 para notar cu\u00e1ndo est\u00e1 realizando el comportamiento, identificar la advertencia m\u00e1s temprana de que un comportamiento est\u00e1 a punto de ocurrir e identificar las situaciones en las que ocurre el comportamiento.<\/span><\/li>\n<li><strong><span>Entrenamiento de respuesta competitiva:<\/span><\/strong><span>\u00a0trabajar\u00e1 con su terapeuta para idear un comportamiento diferente para reemplazar el antiguo comportamiento no deseado y practicar la realizaci\u00f3n de este nuevo comportamiento.<\/span><\/li>\n<li><strong><span>Motivaci\u00f3n y cumplimiento:<\/span><\/strong><span>\u00a0puede hacer una lista de todos los problemas que fueron causados \u200b\u200bpor el comportamiento para recordarle la importancia de perseverar en \u00e9l.\u00a0Se les puede pedir a los padres y amigos que elogien y alienten el progreso de la persona, el apoyo de la familia y los amigos puede aumentar sus posibilidades de patear un comportamiento no deseado.<\/span><\/li>\n<\/ol>\n<\/div>\n<\/div><\/div><\/div><div id=\"pgc-6263-2-1\"  class=\"panel-grid-cell\" ><div id=\"panel-6263-2-1-0\" class=\"so-panel widget widget_sow-editor panel-first-child panel-last-child\" data-index=\"4\" ><div\n\t\t\t\n\t\t\tclass=\"so-widget-sow-editor so-widget-sow-editor-base\"\n\t\t\t\n\t\t>\n<div class=\"siteorigin-widget-tinymce textwidget\">\n\t<ul>\n<li><strong>4. Entrenamiento de relajaci\u00f3n: los<\/strong>\u00a0h\u00e1bitos o tics pueden ser comunes cuando una persona est\u00e1 bajo estr\u00e9s, puede ser \u00fatil aprender habilidades de relajaci\u00f3n como respiraci\u00f3n profunda, im\u00e1genes mentales, atenci\u00f3n plena y relajaci\u00f3n muscular progresiva para mantener a raya los impulsos.<\/li>\n<li><strong>5. Entrenamiento de generalizaci\u00f3n:<\/strong>\u00a0practicar\u00e1s tus nuevas habilidades en una serie de situaciones diferentes para que el nuevo comportamiento se vuelva autom\u00e1tico.<\/li>\n<\/ul>\n<p><strong>La Terapia de reversi\u00f3n de h\u00e1bitos tambi\u00e9n se puede utilizar en el tratamiento de la depresi\u00f3n, el tabaquismo, los problemas de juego, la ansiedad, la procrastinaci\u00f3n, los trastornos obsesivo-compulsivos y otros problemas de conducta.<\/strong><\/p>\n<\/div>\n<\/div><\/div><\/div><\/div><\/div>","protected":false},"excerpt":{"rendered":"<p>El entrenamiento de Modificaci\u00f3n de Conducta es una terapia conductual altamente efectiva para personas con comportamientos o h\u00e1bitos repetitivos no deseados.<\/p>","protected":false},"author":1,"featured_media":7806,"parent":110,"menu_order":0,"comment_status":"closed","ping_status":"closed","template":"","meta":{"footnotes":""},"class_list":["post-6263","page","type-page","status-publish","has-post-thumbnail","hentry"],"yoast_head":"<!-- This site is optimized with the Yoast SEO Premium plugin v20.3 (Yoast SEO v27.4) - https:\/\/yoast.com\/product\/yoast-seo-premium-wordpress\/ -->\n<title>MODIFICACI\u00d3N DE CONDUCTA - Psicolog&iacute;a en Almer&iacute;a<\/title>\n<meta name=\"robots\" content=\"index, follow, max-snippet:-1, max-image-preview:large, max-video-preview:-1\" \/>\n<link rel=\"canonical\" href=\"https:\/\/psicologia-almeria.es\/en\/tratamientos\/modificacion-de-conducta\/\" \/>\n<meta property=\"og:locale\" content=\"en_GB\" \/>\n<meta property=\"og:type\" content=\"article\" \/>\n<meta property=\"og:title\" content=\"MODIFICACI\u00d3N DE CONDUCTA\" \/>\n<meta property=\"og:description\" content=\"El entrenamiento de Modificaci\u00f3n de Conducta es una terapia conductual altamente efectiva para personas con comportamientos o h\u00e1bitos repetitivos no deseados.\" \/>\n<meta property=\"og:url\" content=\"https:\/\/psicologia-almeria.es\/en\/tratamientos\/modificacion-de-conducta\/\" \/>\n<meta property=\"og:site_name\" content=\"Psicolog&iacute;a en Almer&iacute;a\" \/>\n<meta property=\"article:modified_time\" content=\"2021-06-27T21:14:33+00:00\" \/>\n<meta property=\"og:image\" content=\"https:\/\/psicologia-almeria.es\/wp-content\/uploads\/2021\/06\/Disen\u0303o-sin-ti\u0301tulo-9.jpg\" \/>\n\t<meta property=\"og:image:width\" content=\"850\" \/>\n\t<meta property=\"og:image:height\" content=\"567\" \/>\n\t<meta property=\"og:image:type\" content=\"image\/jpeg\" \/>\n<meta name=\"twitter:card\" content=\"summary_large_image\" \/>\n<meta name=\"twitter:label1\" content=\"Estimated reading time\" \/>\n\t<meta name=\"twitter:data1\" content=\"2 minutes\" \/>\n<script type=\"application\/ld+json\" class=\"yoast-schema-graph\">{\"@context\":\"https:\\\/\\\/schema.org\",\"@graph\":[{\"@type\":\"WebPage\",\"@id\":\"https:\\\/\\\/psicologia-almeria.es\\\/tratamientos\\\/modificacion-de-conducta\",\"url\":\"https:\\\/\\\/psicologia-almeria.es\\\/tratamientos\\\/modificacion-de-conducta\",\"name\":\"MODIFICACI\u00d3N DE CONDUCTA - Psicolog&iacute;a en Almer&iacute;a\",\"isPartOf\":{\"@id\":\"https:\\\/\\\/psicologia-almeria.es\\\/#website\"},\"primaryImageOfPage\":{\"@id\":\"https:\\\/\\\/psicologia-almeria.es\\\/tratamientos\\\/modificacion-de-conducta#primaryimage\"},\"image\":{\"@id\":\"https:\\\/\\\/psicologia-almeria.es\\\/tratamientos\\\/modificacion-de-conducta#primaryimage\"},\"thumbnailUrl\":\"https:\\\/\\\/psicologia-almeria.es\\\/wp-content\\\/uploads\\\/2021\\\/06\\\/Disen\u0303o-sin-ti\u0301tulo-9.jpg\",\"datePublished\":\"2015-12-21T19:42:19+00:00\",\"dateModified\":\"2021-06-27T21:14:33+00:00\",\"breadcrumb\":{\"@id\":\"https:\\\/\\\/psicologia-almeria.es\\\/tratamientos\\\/modificacion-de-conducta#breadcrumb\"},\"inLanguage\":\"en-GB\",\"potentialAction\":[{\"@type\":\"ReadAction\",\"target\":[\"https:\\\/\\\/psicologia-almeria.es\\\/tratamientos\\\/modificacion-de-conducta\"]}]},{\"@type\":\"ImageObject\",\"inLanguage\":\"en-GB\",\"@id\":\"https:\\\/\\\/psicologia-almeria.es\\\/tratamientos\\\/modificacion-de-conducta#primaryimage\",\"url\":\"https:\\\/\\\/psicologia-almeria.es\\\/wp-content\\\/uploads\\\/2021\\\/06\\\/Disen\u0303o-sin-ti\u0301tulo-9.jpg\",\"contentUrl\":\"https:\\\/\\\/psicologia-almeria.es\\\/wp-content\\\/uploads\\\/2021\\\/06\\\/Disen\u0303o-sin-ti\u0301tulo-9.jpg\",\"width\":850,\"height\":567,\"caption\":\"imagen de terapia de reversion de habitos en almeria\"},{\"@type\":\"BreadcrumbList\",\"@id\":\"https:\\\/\\\/psicologia-almeria.es\\\/tratamientos\\\/modificacion-de-conducta#breadcrumb\",\"itemListElement\":[{\"@type\":\"ListItem\",\"position\":1,\"name\":\"Home\",\"item\":\"https:\\\/\\\/psicologia-almeria.es\\\/\"},{\"@type\":\"ListItem\",\"position\":2,\"name\":\"Tratamientos\",\"item\":\"https:\\\/\\\/psicologia-almeria.es\\\/tratamientos\"},{\"@type\":\"ListItem\",\"position\":3,\"name\":\"MODIFICACI\u00d3N DE CONDUCTA\"}]},{\"@type\":\"WebSite\",\"@id\":\"https:\\\/\\\/psicologia-almeria.es\\\/#website\",\"url\":\"https:\\\/\\\/psicologia-almeria.es\\\/\",\"name\":\"Psicolog&iacute;a en Almer&iacute;a\",\"description\":\"Tu psic&oacute;logo de confianza en Almer&iacute;a - Lescoms\",\"potentialAction\":[{\"@type\":\"SearchAction\",\"target\":{\"@type\":\"EntryPoint\",\"urlTemplate\":\"https:\\\/\\\/psicologia-almeria.es\\\/?s={search_term_string}\"},\"query-input\":{\"@type\":\"PropertyValueSpecification\",\"valueRequired\":true,\"valueName\":\"search_term_string\"}}],\"inLanguage\":\"en-GB\"}]}<\/script>\n<!-- \/ Yoast SEO Premium plugin. -->","yoast_head_json":{"title":"MODIFICACI\u00d3N DE CONDUCTA - Psicolog&iacute;a en Almer&iacute;a","robots":{"index":"index","follow":"follow","max-snippet":"max-snippet:-1","max-image-preview":"max-image-preview:large","max-video-preview":"max-video-preview:-1"},"canonical":"https:\/\/psicologia-almeria.es\/en\/tratamientos\/modificacion-de-conducta\/","og_locale":"en_GB","og_type":"article","og_title":"MODIFICACI\u00d3N DE CONDUCTA","og_description":"El entrenamiento de Modificaci\u00f3n de Conducta es una terapia conductual altamente efectiva para personas con comportamientos o h\u00e1bitos repetitivos no deseados.","og_url":"https:\/\/psicologia-almeria.es\/en\/tratamientos\/modificacion-de-conducta\/","og_site_name":"Psicolog&iacute;a en Almer&iacute;a","article_modified_time":"2021-06-27T21:14:33+00:00","og_image":[{"width":850,"height":567,"url":"https:\/\/psicologia-almeria.es\/wp-content\/uploads\/2021\/06\/Disen\u0303o-sin-ti\u0301tulo-9.jpg","type":"image\/jpeg"}],"twitter_card":"summary_large_image","twitter_misc":{"Estimated reading time":"2 minutes"},"schema":{"@context":"https:\/\/schema.org","@graph":[{"@type":"WebPage","@id":"https:\/\/psicologia-almeria.es\/tratamientos\/modificacion-de-conducta","url":"https:\/\/psicologia-almeria.es\/tratamientos\/modificacion-de-conducta","name":"MODIFICACI\u00d3N DE CONDUCTA - Psicolog&iacute;a en Almer&iacute;a","isPartOf":{"@id":"https:\/\/psicologia-almeria.es\/#website"},"primaryImageOfPage":{"@id":"https:\/\/psicologia-almeria.es\/tratamientos\/modificacion-de-conducta#primaryimage"},"image":{"@id":"https:\/\/psicologia-almeria.es\/tratamientos\/modificacion-de-conducta#primaryimage"},"thumbnailUrl":"https:\/\/psicologia-almeria.es\/wp-content\/uploads\/2021\/06\/Disen\u0303o-sin-ti\u0301tulo-9.jpg","datePublished":"2015-12-21T19:42:19+00:00","dateModified":"2021-06-27T21:14:33+00:00","breadcrumb":{"@id":"https:\/\/psicologia-almeria.es\/tratamientos\/modificacion-de-conducta#breadcrumb"},"inLanguage":"en-GB","potentialAction":[{"@type":"ReadAction","target":["https:\/\/psicologia-almeria.es\/tratamientos\/modificacion-de-conducta"]}]},{"@type":"ImageObject","inLanguage":"en-GB","@id":"https:\/\/psicologia-almeria.es\/tratamientos\/modificacion-de-conducta#primaryimage","url":"https:\/\/psicologia-almeria.es\/wp-content\/uploads\/2021\/06\/Disen\u0303o-sin-ti\u0301tulo-9.jpg","contentUrl":"https:\/\/psicologia-almeria.es\/wp-content\/uploads\/2021\/06\/Disen\u0303o-sin-ti\u0301tulo-9.jpg","width":850,"height":567,"caption":"imagen de terapia de reversion de habitos en almeria"},{"@type":"BreadcrumbList","@id":"https:\/\/psicologia-almeria.es\/tratamientos\/modificacion-de-conducta#breadcrumb","itemListElement":[{"@type":"ListItem","position":1,"name":"Home","item":"https:\/\/psicologia-almeria.es\/"},{"@type":"ListItem","position":2,"name":"Tratamientos","item":"https:\/\/psicologia-almeria.es\/tratamientos"},{"@type":"ListItem","position":3,"name":"MODIFICACI\u00d3N DE CONDUCTA"}]},{"@type":"WebSite","@id":"https:\/\/psicologia-almeria.es\/#website","url":"https:\/\/psicologia-almeria.es\/","name":"Psicolog&iacute;a en Almer&iacute;a","description":"Tu psic&oacute;logo de confianza en Almer&iacute;a - Lescoms","potentialAction":[{"@type":"SearchAction","target":{"@type":"EntryPoint","urlTemplate":"https:\/\/psicologia-almeria.es\/?s={search_term_string}"},"query-input":{"@type":"PropertyValueSpecification","valueRequired":true,"valueName":"search_term_string"}}],"inLanguage":"en-GB"}]}},"_links":{"self":[{"href":"https:\/\/psicologia-almeria.es\/en\/wp-json\/wp\/v2\/pages\/6263","targetHints":{"allow":["GET"]}}],"collection":[{"href":"https:\/\/psicologia-almeria.es\/en\/wp-json\/wp\/v2\/pages"}],"about":[{"href":"https:\/\/psicologia-almeria.es\/en\/wp-json\/wp\/v2\/types\/page"}],"author":[{"embeddable":true,"href":"https:\/\/psicologia-almeria.es\/en\/wp-json\/wp\/v2\/users\/1"}],"replies":[{"embeddable":true,"href":"https:\/\/psicologia-almeria.es\/en\/wp-json\/wp\/v2\/comments?post=6263"}],"version-history":[{"count":8,"href":"https:\/\/psicologia-almeria.es\/en\/wp-json\/wp\/v2\/pages\/6263\/revisions"}],"predecessor-version":[{"id":7988,"href":"https:\/\/psicologia-almeria.es\/en\/wp-json\/wp\/v2\/pages\/6263\/revisions\/7988"}],"up":[{"embeddable":true,"href":"https:\/\/psicologia-almeria.es\/en\/wp-json\/wp\/v2\/pages\/110"}],"wp:featuredmedia":[{"embeddable":true,"href":"https:\/\/psicologia-almeria.es\/en\/wp-json\/wp\/v2\/media\/7806"}],"wp:attachment":[{"href":"https:\/\/psicologia-almeria.es\/en\/wp-json\/wp\/v2\/media?parent=6263"}],"curies":[{"name":"wp","href":"https:\/\/api.w.org\/{rel}","templated":true}]}}