{"id":6266,"date":"2015-12-21T19:42:46","date_gmt":"2015-12-21T19:42:46","guid":{"rendered":"http:\/\/export-xml.qreativethemes.com\/physio\/?page_id=6266"},"modified":"2021-06-27T00:47:00","modified_gmt":"2021-06-27T00:47:00","slug":"terapia-cognitivo-conductual","status":"publish","type":"page","link":"https:\/\/psicologia-almeria.es\/en\/tratamientos\/terapia-cognitivo-conductual","title":{"rendered":"TERAPIA COGNITIVO-CONDUCTUAL (TCC)"},"content":{"rendered":"<div id=\"pl-6266\"  class=\"panel-layout\" ><div id=\"pg-6266-0\"  class=\"panel-grid panel-no-style\" ><div id=\"pgc-6266-0-0\"  class=\"panel-grid-cell\" ><div id=\"panel-6266-0-0-0\" class=\"so-panel widget widget_sow-editor panel-first-child panel-last-child\" data-index=\"0\" ><div\n\t\t\t\n\t\t\tclass=\"so-widget-sow-editor so-widget-sow-editor-base\"\n\t\t\t\n\t\t>\n<div class=\"siteorigin-widget-tinymce textwidget\">\n\t<p><span>La terapia cognitivo-conductual (TCC) es un tratamiento a corto plazo (a menudo de 6 a 20 sesiones) que se centra en las formas en que los pensamientos, las emociones, las sensaciones corporales y los comportamientos de una persona est\u00e1n conectados y c\u00f3mo se afectan entre s\u00ed.\u00a0<\/span><span>Por ejemplo, sus pensamientos sobre una determinada situaci\u00f3n a menudo pueden afectar c\u00f3mo se siente tanto f\u00edsica como emocionalmente, as\u00ed como c\u00f3mo reacciona en respuesta.<\/span><\/p>\n<hr \/>\n<\/div>\n<\/div><\/div><\/div><\/div><div id=\"pg-6266-1\"  class=\"panel-grid panel-no-style\" ><div id=\"pgc-6266-1-0\"  class=\"panel-grid-cell\" ><div id=\"panel-6266-1-0-0\" class=\"so-panel widget widget_sow-editor panel-first-child panel-last-child\" data-index=\"1\" ><div\n\t\t\t\n\t\t\tclass=\"so-widget-sow-editor so-widget-sow-editor-base\"\n\t\t\t\n\t\t>\n<div class=\"siteorigin-widget-tinymce textwidget\">\n\t<p><img loading=\"lazy\" decoding=\"async\" class=\"alignnone wp-image-7792 size-full\" src=\"https:\/\/psicologia-almeria.es\/wp-content\/uploads\/2021\/06\/Disen\u0303o-sin-ti\u0301tulo-4.jpg\" alt=\"imagen de La terapia del comportamiento cognoscitiva en almeria\" width=\"850\" height=\"567\" srcset=\"https:\/\/psicologia-almeria.es\/wp-content\/uploads\/2021\/06\/Disen\u0303o-sin-ti\u0301tulo-4.jpg 850w, https:\/\/psicologia-almeria.es\/wp-content\/uploads\/2021\/06\/Disen\u0303o-sin-ti\u0301tulo-4-300x200.jpg 300w, https:\/\/psicologia-almeria.es\/wp-content\/uploads\/2021\/06\/Disen\u0303o-sin-ti\u0301tulo-4-768x512.jpg 768w, https:\/\/psicologia-almeria.es\/wp-content\/uploads\/2021\/06\/Disen\u0303o-sin-ti\u0301tulo-4-360x240.jpg 360w, https:\/\/psicologia-almeria.es\/wp-content\/uploads\/2021\/06\/Disen\u0303o-sin-ti\u0301tulo-4-272x182.jpg 272w\" sizes=\"auto, (max-width: 850px) 100vw, 850px\" \/><img loading=\"lazy\" decoding=\"async\" class=\"alignnone wp-image-7793 size-full\" src=\"https:\/\/psicologia-almeria.es\/wp-content\/uploads\/2021\/06\/Disen\u0303o-sin-ti\u0301tulo-5.jpg\" alt=\"imagen de TERAPIA COGNITIVO-CONDUCTUAL\" width=\"850\" height=\"567\" srcset=\"https:\/\/psicologia-almeria.es\/wp-content\/uploads\/2021\/06\/Disen\u0303o-sin-ti\u0301tulo-5.jpg 850w, https:\/\/psicologia-almeria.es\/wp-content\/uploads\/2021\/06\/Disen\u0303o-sin-ti\u0301tulo-5-300x200.jpg 300w, https:\/\/psicologia-almeria.es\/wp-content\/uploads\/2021\/06\/Disen\u0303o-sin-ti\u0301tulo-5-768x512.jpg 768w, https:\/\/psicologia-almeria.es\/wp-content\/uploads\/2021\/06\/Disen\u0303o-sin-ti\u0301tulo-5-360x240.jpg 360w, https:\/\/psicologia-almeria.es\/wp-content\/uploads\/2021\/06\/Disen\u0303o-sin-ti\u0301tulo-5-272x182.jpg 272w\" sizes=\"auto, (max-width: 850px) 100vw, 850px\" \/><\/p>\n<p><img loading=\"lazy\" decoding=\"async\" class=\"alignnone wp-image-7796 size-full\" src=\"https:\/\/psicologia-almeria.es\/wp-content\/uploads\/2021\/06\/Disen\u0303o-sin-ti\u0301tulo-6.jpg\" alt=\"imagen de La terapias cognitivo-conductual\" width=\"850\" height=\"567\" srcset=\"https:\/\/psicologia-almeria.es\/wp-content\/uploads\/2021\/06\/Disen\u0303o-sin-ti\u0301tulo-6.jpg 850w, https:\/\/psicologia-almeria.es\/wp-content\/uploads\/2021\/06\/Disen\u0303o-sin-ti\u0301tulo-6-300x200.jpg 300w, https:\/\/psicologia-almeria.es\/wp-content\/uploads\/2021\/06\/Disen\u0303o-sin-ti\u0301tulo-6-768x512.jpg 768w, https:\/\/psicologia-almeria.es\/wp-content\/uploads\/2021\/06\/Disen\u0303o-sin-ti\u0301tulo-6-360x240.jpg 360w, https:\/\/psicologia-almeria.es\/wp-content\/uploads\/2021\/06\/Disen\u0303o-sin-ti\u0301tulo-6-272x182.jpg 272w\" sizes=\"auto, (max-width: 850px) 100vw, 850px\" \/><\/p>\n<\/div>\n<\/div><\/div><\/div><div id=\"pgc-6266-1-1\"  class=\"panel-grid-cell\" ><div id=\"panel-6266-1-1-0\" class=\"so-panel widget widget_sow-editor panel-first-child panel-last-child\" data-index=\"2\" ><div\n\t\t\t\n\t\t\tclass=\"so-widget-sow-editor so-widget-sow-editor-base\"\n\t\t\t\n\t\t>\n<div class=\"siteorigin-widget-tinymce textwidget\">\n\t<p><span style=\"color: #56afd5; font-size: 15px;\"><strong>\u00bfPor qu\u00e9 se genera el TCC?<\/strong><\/span><\/p>\n<p>Hay formas \u00fatiles e in\u00fatiles de reaccionar ante una situaci\u00f3n, a menudo determinadas por su forma de pensar sobre ellas.<\/p>\n<p><strong>La terapias cognitivo-conductual \"TCC\"<\/strong> incluye el desarrollo de habilidades y trabaja para reducir la angustia emocional y los s\u00edntomas psicol\u00f3gicos al cambiar lo siguiente: pensamientos negativos o errores de interpretaci\u00f3n, estrategias de afrontamiento in\u00fatiles y comportamientos que pueden reforzar inadvertidamente sentimientos y s\u00edntomas.<\/p>\n<p><span style=\"color: #56afd5; font-size: 15px;\"><strong>\u00bfC\u00f3mo se trabaja en la Terapia?<\/strong><\/span><\/p>\n<p><strong>La terapia del comportamiento cognoscitiva \"CBT\"<\/strong> es un proceso activo y, a menudo, puede incluir asignaciones de tareas y practicar habilidades fuera de las sesiones. Como tratamiento orientado a objetivos, la La terapias cognitivo-conductual trabaja para resolver los problemas actuales e implica trabajar paso a paso para alcanzar los objetivos. La investigaci\u00f3n ha encontrado que la TCC es eficaz en una amplia variedad de problemas de salud mental y de comportamiento y se ha demostrado que cambia la actividad cerebral como resultado de participar en esta forma de terapia.<\/p>\n<p><span style=\"color: #56afd5; font-size: 15px;\"><strong>\u00bfSoy un Potencial Paciente?<\/strong><\/span><\/p>\n<p><strong>La terapias cognitivo-conductual se usa a menudo con personas de todas las edades<\/strong> que experimentan trastornos del estado de \u00e1nimo, trastornos de ansiedad, trastornos de la personalidad, trastornos alimentarios, trastornos por abuso de sustancias, trastornos del sue\u00f1o, comportamientos negativos y trastornos psic\u00f3ticos. Si bien no podemos controlar todos los aspectos del mundo que nos rodea, podemos tomar el control de c\u00f3mo interpretamos y manejamos los desaf\u00edos que nos rodean.\u00a0CBT es una herramienta eficaz para ayudar a cualquier persona a aprender a manejar mejor las situaciones estresantes.<\/p>\n<\/div>\n<\/div><\/div><\/div><\/div><\/div>","protected":false},"excerpt":{"rendered":"<p>Se centra en las formas en que los pensamientos, las emociones, las sensaciones corporales y los comportamientos de una persona est\u00e1n conectados y c\u00f3mo se afectan entre s\u00ed.<\/p>","protected":false},"author":1,"featured_media":7792,"parent":110,"menu_order":0,"comment_status":"closed","ping_status":"closed","template":"","meta":{"footnotes":""},"class_list":["post-6266","page","type-page","status-publish","has-post-thumbnail","hentry"],"yoast_head":"<!-- This site is optimized with the Yoast SEO Premium plugin v20.3 (Yoast SEO v27.4) - https:\/\/yoast.com\/product\/yoast-seo-premium-wordpress\/ -->\n<title>TERAPIA COGNITIVO-CONDUCTUAL (TCC) - Psicolog&iacute;a en Almer&iacute;a<\/title>\n<meta name=\"description\" content=\"TERAPIA COGNITIVO CONDUCTUAL: Los pensamientos, las emociones, las sensaciones y los comportamientos de una persona est\u00e1n conectados.\" \/>\n<meta name=\"robots\" content=\"index, follow, max-snippet:-1, max-image-preview:large, max-video-preview:-1\" \/>\n<link rel=\"canonical\" href=\"https:\/\/psicologia-almeria.es\/en\/tratamientos\/terapia-cognitivo-conductual\/\" \/>\n<meta property=\"og:locale\" content=\"en_GB\" \/>\n<meta property=\"og:type\" content=\"article\" \/>\n<meta property=\"og:title\" content=\"TERAPIA COGNITIVO-CONDUCTUAL (TCC)\" \/>\n<meta property=\"og:description\" content=\"TERAPIA COGNITIVO CONDUCTUAL: Los pensamientos, las emociones, las sensaciones y los comportamientos de una persona est\u00e1n conectados.\" \/>\n<meta property=\"og:url\" content=\"https:\/\/psicologia-almeria.es\/en\/tratamientos\/terapia-cognitivo-conductual\/\" \/>\n<meta property=\"og:site_name\" content=\"Psicolog&iacute;a en Almer&iacute;a\" \/>\n<meta property=\"article:modified_time\" content=\"2021-06-27T00:47:00+00:00\" \/>\n<meta property=\"og:image\" content=\"https:\/\/psicologia-almeria.es\/wp-content\/uploads\/2021\/06\/Disen\u0303o-sin-ti\u0301tulo-4.jpg\" \/>\n\t<meta property=\"og:image:width\" content=\"850\" \/>\n\t<meta property=\"og:image:height\" content=\"567\" \/>\n\t<meta property=\"og:image:type\" content=\"image\/jpeg\" \/>\n<meta name=\"twitter:card\" content=\"summary_large_image\" \/>\n<meta name=\"twitter:label1\" content=\"Estimated reading time\" \/>\n\t<meta name=\"twitter:data1\" content=\"3 minutes\" \/>\n<script type=\"application\/ld+json\" class=\"yoast-schema-graph\">{\"@context\":\"https:\\\/\\\/schema.org\",\"@graph\":[{\"@type\":\"WebPage\",\"@id\":\"https:\\\/\\\/psicologia-almeria.es\\\/tratamientos\\\/terapia-cognitivo-conductual\",\"url\":\"https:\\\/\\\/psicologia-almeria.es\\\/tratamientos\\\/terapia-cognitivo-conductual\",\"name\":\"TERAPIA COGNITIVO-CONDUCTUAL (TCC) - Psicolog&iacute;a en Almer&iacute;a\",\"isPartOf\":{\"@id\":\"https:\\\/\\\/psicologia-almeria.es\\\/#website\"},\"primaryImageOfPage\":{\"@id\":\"https:\\\/\\\/psicologia-almeria.es\\\/tratamientos\\\/terapia-cognitivo-conductual#primaryimage\"},\"image\":{\"@id\":\"https:\\\/\\\/psicologia-almeria.es\\\/tratamientos\\\/terapia-cognitivo-conductual#primaryimage\"},\"thumbnailUrl\":\"https:\\\/\\\/psicologia-almeria.es\\\/wp-content\\\/uploads\\\/2021\\\/06\\\/Disen\u0303o-sin-ti\u0301tulo-4.jpg\",\"datePublished\":\"2015-12-21T19:42:46+00:00\",\"dateModified\":\"2021-06-27T00:47:00+00:00\",\"description\":\"TERAPIA COGNITIVO CONDUCTUAL: Los pensamientos, las emociones, las sensaciones y los comportamientos de una persona est\u00e1n conectados.\",\"breadcrumb\":{\"@id\":\"https:\\\/\\\/psicologia-almeria.es\\\/tratamientos\\\/terapia-cognitivo-conductual#breadcrumb\"},\"inLanguage\":\"en-GB\",\"potentialAction\":[{\"@type\":\"ReadAction\",\"target\":[\"https:\\\/\\\/psicologia-almeria.es\\\/tratamientos\\\/terapia-cognitivo-conductual\"]}]},{\"@type\":\"ImageObject\",\"inLanguage\":\"en-GB\",\"@id\":\"https:\\\/\\\/psicologia-almeria.es\\\/tratamientos\\\/terapia-cognitivo-conductual#primaryimage\",\"url\":\"https:\\\/\\\/psicologia-almeria.es\\\/wp-content\\\/uploads\\\/2021\\\/06\\\/Disen\u0303o-sin-ti\u0301tulo-4.jpg\",\"contentUrl\":\"https:\\\/\\\/psicologia-almeria.es\\\/wp-content\\\/uploads\\\/2021\\\/06\\\/Disen\u0303o-sin-ti\u0301tulo-4.jpg\",\"width\":850,\"height\":567,\"caption\":\"imagen de La terapia del comportamiento cognoscitiva en almeria\"},{\"@type\":\"BreadcrumbList\",\"@id\":\"https:\\\/\\\/psicologia-almeria.es\\\/tratamientos\\\/terapia-cognitivo-conductual#breadcrumb\",\"itemListElement\":[{\"@type\":\"ListItem\",\"position\":1,\"name\":\"Home\",\"item\":\"https:\\\/\\\/psicologia-almeria.es\\\/\"},{\"@type\":\"ListItem\",\"position\":2,\"name\":\"Tratamientos\",\"item\":\"https:\\\/\\\/psicologia-almeria.es\\\/tratamientos\"},{\"@type\":\"ListItem\",\"position\":3,\"name\":\"TERAPIA COGNITIVO-CONDUCTUAL (TCC)\"}]},{\"@type\":\"WebSite\",\"@id\":\"https:\\\/\\\/psicologia-almeria.es\\\/#website\",\"url\":\"https:\\\/\\\/psicologia-almeria.es\\\/\",\"name\":\"Psicolog&iacute;a en Almer&iacute;a\",\"description\":\"Tu psic&oacute;logo de confianza en Almer&iacute;a - Lescoms\",\"potentialAction\":[{\"@type\":\"SearchAction\",\"target\":{\"@type\":\"EntryPoint\",\"urlTemplate\":\"https:\\\/\\\/psicologia-almeria.es\\\/?s={search_term_string}\"},\"query-input\":{\"@type\":\"PropertyValueSpecification\",\"valueRequired\":true,\"valueName\":\"search_term_string\"}}],\"inLanguage\":\"en-GB\"}]}<\/script>\n<!-- \/ Yoast SEO Premium plugin. -->","yoast_head_json":{"title":"TERAPIA COGNITIVO-CONDUCTUAL (TCC) - Psicolog&iacute;a en Almer&iacute;a","description":"TERAPIA COGNITIVO CONDUCTUAL: Los pensamientos, las emociones, las sensaciones y los comportamientos de una persona est\u00e1n conectados.","robots":{"index":"index","follow":"follow","max-snippet":"max-snippet:-1","max-image-preview":"max-image-preview:large","max-video-preview":"max-video-preview:-1"},"canonical":"https:\/\/psicologia-almeria.es\/en\/tratamientos\/terapia-cognitivo-conductual\/","og_locale":"en_GB","og_type":"article","og_title":"TERAPIA COGNITIVO-CONDUCTUAL (TCC)","og_description":"TERAPIA COGNITIVO CONDUCTUAL: Los pensamientos, las emociones, las sensaciones y los comportamientos de una persona est\u00e1n conectados.","og_url":"https:\/\/psicologia-almeria.es\/en\/tratamientos\/terapia-cognitivo-conductual\/","og_site_name":"Psicolog&iacute;a en Almer&iacute;a","article_modified_time":"2021-06-27T00:47:00+00:00","og_image":[{"width":850,"height":567,"url":"https:\/\/psicologia-almeria.es\/wp-content\/uploads\/2021\/06\/Disen\u0303o-sin-ti\u0301tulo-4.jpg","type":"image\/jpeg"}],"twitter_card":"summary_large_image","twitter_misc":{"Estimated reading time":"3 minutes"},"schema":{"@context":"https:\/\/schema.org","@graph":[{"@type":"WebPage","@id":"https:\/\/psicologia-almeria.es\/tratamientos\/terapia-cognitivo-conductual","url":"https:\/\/psicologia-almeria.es\/tratamientos\/terapia-cognitivo-conductual","name":"TERAPIA COGNITIVO-CONDUCTUAL (TCC) - Psicolog&iacute;a en Almer&iacute;a","isPartOf":{"@id":"https:\/\/psicologia-almeria.es\/#website"},"primaryImageOfPage":{"@id":"https:\/\/psicologia-almeria.es\/tratamientos\/terapia-cognitivo-conductual#primaryimage"},"image":{"@id":"https:\/\/psicologia-almeria.es\/tratamientos\/terapia-cognitivo-conductual#primaryimage"},"thumbnailUrl":"https:\/\/psicologia-almeria.es\/wp-content\/uploads\/2021\/06\/Disen\u0303o-sin-ti\u0301tulo-4.jpg","datePublished":"2015-12-21T19:42:46+00:00","dateModified":"2021-06-27T00:47:00+00:00","description":"TERAPIA COGNITIVO CONDUCTUAL: Los pensamientos, las emociones, las sensaciones y los comportamientos de una persona est\u00e1n conectados.","breadcrumb":{"@id":"https:\/\/psicologia-almeria.es\/tratamientos\/terapia-cognitivo-conductual#breadcrumb"},"inLanguage":"en-GB","potentialAction":[{"@type":"ReadAction","target":["https:\/\/psicologia-almeria.es\/tratamientos\/terapia-cognitivo-conductual"]}]},{"@type":"ImageObject","inLanguage":"en-GB","@id":"https:\/\/psicologia-almeria.es\/tratamientos\/terapia-cognitivo-conductual#primaryimage","url":"https:\/\/psicologia-almeria.es\/wp-content\/uploads\/2021\/06\/Disen\u0303o-sin-ti\u0301tulo-4.jpg","contentUrl":"https:\/\/psicologia-almeria.es\/wp-content\/uploads\/2021\/06\/Disen\u0303o-sin-ti\u0301tulo-4.jpg","width":850,"height":567,"caption":"imagen de La terapia del comportamiento cognoscitiva en almeria"},{"@type":"BreadcrumbList","@id":"https:\/\/psicologia-almeria.es\/tratamientos\/terapia-cognitivo-conductual#breadcrumb","itemListElement":[{"@type":"ListItem","position":1,"name":"Home","item":"https:\/\/psicologia-almeria.es\/"},{"@type":"ListItem","position":2,"name":"Tratamientos","item":"https:\/\/psicologia-almeria.es\/tratamientos"},{"@type":"ListItem","position":3,"name":"TERAPIA COGNITIVO-CONDUCTUAL (TCC)"}]},{"@type":"WebSite","@id":"https:\/\/psicologia-almeria.es\/#website","url":"https:\/\/psicologia-almeria.es\/","name":"Psicolog&iacute;a en Almer&iacute;a","description":"Tu psic&oacute;logo de confianza en Almer&iacute;a - Lescoms","potentialAction":[{"@type":"SearchAction","target":{"@type":"EntryPoint","urlTemplate":"https:\/\/psicologia-almeria.es\/?s={search_term_string}"},"query-input":{"@type":"PropertyValueSpecification","valueRequired":true,"valueName":"search_term_string"}}],"inLanguage":"en-GB"}]}},"_links":{"self":[{"href":"https:\/\/psicologia-almeria.es\/en\/wp-json\/wp\/v2\/pages\/6266","targetHints":{"allow":["GET"]}}],"collection":[{"href":"https:\/\/psicologia-almeria.es\/en\/wp-json\/wp\/v2\/pages"}],"about":[{"href":"https:\/\/psicologia-almeria.es\/en\/wp-json\/wp\/v2\/types\/page"}],"author":[{"embeddable":true,"href":"https:\/\/psicologia-almeria.es\/en\/wp-json\/wp\/v2\/users\/1"}],"replies":[{"embeddable":true,"href":"https:\/\/psicologia-almeria.es\/en\/wp-json\/wp\/v2\/comments?post=6266"}],"version-history":[{"count":10,"href":"https:\/\/psicologia-almeria.es\/en\/wp-json\/wp\/v2\/pages\/6266\/revisions"}],"predecessor-version":[{"id":7838,"href":"https:\/\/psicologia-almeria.es\/en\/wp-json\/wp\/v2\/pages\/6266\/revisions\/7838"}],"up":[{"embeddable":true,"href":"https:\/\/psicologia-almeria.es\/en\/wp-json\/wp\/v2\/pages\/110"}],"wp:featuredmedia":[{"embeddable":true,"href":"https:\/\/psicologia-almeria.es\/en\/wp-json\/wp\/v2\/media\/7792"}],"wp:attachment":[{"href":"https:\/\/psicologia-almeria.es\/en\/wp-json\/wp\/v2\/media?parent=6266"}],"curies":[{"name":"wp","href":"https:\/\/api.w.org\/{rel}","templated":true}]}}