{"id":6393,"date":"2015-12-28T20:03:55","date_gmt":"2015-12-28T20:03:55","guid":{"rendered":"http:\/\/export-xml.qreativethemes.com\/physio\/?page_id=6393"},"modified":"2021-06-27T00:46:30","modified_gmt":"2021-06-27T00:46:30","slug":"relaciones-divorcio-y-separacion","status":"publish","type":"page","link":"https:\/\/psicologia-almeria.es\/en\/tratamientos\/relaciones-divorcio-y-separacion","title":{"rendered":"RELACIONES, DIVORCIO Y SEPARACI\u00d3N"},"content":{"rendered":"<div id=\"pl-6393\"  class=\"panel-layout\" ><div id=\"pg-6393-0\"  class=\"panel-grid panel-no-style\" ><div id=\"pgc-6393-0-0\"  class=\"panel-grid-cell\" ><div id=\"panel-6393-0-0-0\" class=\"so-panel widget widget_sow-editor panel-first-child panel-last-child\" data-index=\"0\" ><div\n\t\t\t\n\t\t\tclass=\"so-widget-sow-editor so-widget-sow-editor-base\"\n\t\t\t\n\t\t>\n<div class=\"siteorigin-widget-tinymce textwidget\">\n\t<p><img loading=\"lazy\" decoding=\"async\" class=\"alignnone wp-image-7823 size-full\" src=\"https:\/\/psicologia-almeria.es\/wp-content\/uploads\/2021\/06\/Disen\u0303o-sin-ti\u0301tulo-18.jpg\" alt=\"imagen de RELACIONES, DIVORCIO Y SEPARACI\u00d3N\" width=\"850\" height=\"567\" srcset=\"https:\/\/psicologia-almeria.es\/wp-content\/uploads\/2021\/06\/Disen\u0303o-sin-ti\u0301tulo-18.jpg 850w, https:\/\/psicologia-almeria.es\/wp-content\/uploads\/2021\/06\/Disen\u0303o-sin-ti\u0301tulo-18-300x200.jpg 300w, https:\/\/psicologia-almeria.es\/wp-content\/uploads\/2021\/06\/Disen\u0303o-sin-ti\u0301tulo-18-768x512.jpg 768w, https:\/\/psicologia-almeria.es\/wp-content\/uploads\/2021\/06\/Disen\u0303o-sin-ti\u0301tulo-18-360x240.jpg 360w, https:\/\/psicologia-almeria.es\/wp-content\/uploads\/2021\/06\/Disen\u0303o-sin-ti\u0301tulo-18-272x182.jpg 272w\" sizes=\"auto, (max-width: 850px) 100vw, 850px\" \/><br \/>\n<img loading=\"lazy\" decoding=\"async\" class=\"alignnone wp-image-7824 size-full\" src=\"https:\/\/psicologia-almeria.es\/wp-content\/uploads\/2021\/06\/Disen\u0303o-sin-ti\u0301tulo-19.jpg\" alt=\"imagen de terapia de RELACIONES, DIVORCIO Y SEPARACI\u00d3N\" width=\"850\" height=\"567\" srcset=\"https:\/\/psicologia-almeria.es\/wp-content\/uploads\/2021\/06\/Disen\u0303o-sin-ti\u0301tulo-19.jpg 850w, https:\/\/psicologia-almeria.es\/wp-content\/uploads\/2021\/06\/Disen\u0303o-sin-ti\u0301tulo-19-300x200.jpg 300w, https:\/\/psicologia-almeria.es\/wp-content\/uploads\/2021\/06\/Disen\u0303o-sin-ti\u0301tulo-19-768x512.jpg 768w, https:\/\/psicologia-almeria.es\/wp-content\/uploads\/2021\/06\/Disen\u0303o-sin-ti\u0301tulo-19-360x240.jpg 360w, https:\/\/psicologia-almeria.es\/wp-content\/uploads\/2021\/06\/Disen\u0303o-sin-ti\u0301tulo-19-272x182.jpg 272w\" sizes=\"auto, (max-width: 850px) 100vw, 850px\" \/><\/p>\n<p><img loading=\"lazy\" decoding=\"async\" class=\"alignnone size-full wp-image-7825\" src=\"https:\/\/psicologia-almeria.es\/wp-content\/uploads\/2021\/06\/Disen\u0303o-sin-ti\u0301tulo-20.jpg\" alt=\"imagen de tratamientos en almeria para terapia de RELACIONES, DIVORCIO Y SEPARACI\u00d3N\" width=\"850\" height=\"567\" srcset=\"https:\/\/psicologia-almeria.es\/wp-content\/uploads\/2021\/06\/Disen\u0303o-sin-ti\u0301tulo-20.jpg 850w, https:\/\/psicologia-almeria.es\/wp-content\/uploads\/2021\/06\/Disen\u0303o-sin-ti\u0301tulo-20-300x200.jpg 300w, https:\/\/psicologia-almeria.es\/wp-content\/uploads\/2021\/06\/Disen\u0303o-sin-ti\u0301tulo-20-768x512.jpg 768w, https:\/\/psicologia-almeria.es\/wp-content\/uploads\/2021\/06\/Disen\u0303o-sin-ti\u0301tulo-20-360x240.jpg 360w, https:\/\/psicologia-almeria.es\/wp-content\/uploads\/2021\/06\/Disen\u0303o-sin-ti\u0301tulo-20-272x182.jpg 272w\" sizes=\"auto, (max-width: 850px) 100vw, 850px\" \/><\/p>\n<p><img loading=\"lazy\" decoding=\"async\" class=\"alignnone size-full wp-image-7828\" src=\"https:\/\/psicologia-almeria.es\/wp-content\/uploads\/2021\/06\/Disen\u0303o-sin-ti\u0301tulo-21.jpg\" alt=\"imagen de tratamientos en almeria para terapia de RELACIONES, DIVORCIO Y SEPARACI\u00d3N en almeria\" width=\"850\" height=\"567\" srcset=\"https:\/\/psicologia-almeria.es\/wp-content\/uploads\/2021\/06\/Disen\u0303o-sin-ti\u0301tulo-21.jpg 850w, https:\/\/psicologia-almeria.es\/wp-content\/uploads\/2021\/06\/Disen\u0303o-sin-ti\u0301tulo-21-300x200.jpg 300w, https:\/\/psicologia-almeria.es\/wp-content\/uploads\/2021\/06\/Disen\u0303o-sin-ti\u0301tulo-21-768x512.jpg 768w, https:\/\/psicologia-almeria.es\/wp-content\/uploads\/2021\/06\/Disen\u0303o-sin-ti\u0301tulo-21-360x240.jpg 360w, https:\/\/psicologia-almeria.es\/wp-content\/uploads\/2021\/06\/Disen\u0303o-sin-ti\u0301tulo-21-272x182.jpg 272w\" sizes=\"auto, (max-width: 850px) 100vw, 850px\" \/><\/p>\n<p><img loading=\"lazy\" decoding=\"async\" class=\"alignnone size-full wp-image-7829\" src=\"https:\/\/psicologia-almeria.es\/wp-content\/uploads\/2021\/06\/Disen\u0303o-sin-ti\u0301tulo-22.jpg\" alt=\"imagen de psicologo en almeria para relaciones\" width=\"850\" height=\"567\" srcset=\"https:\/\/psicologia-almeria.es\/wp-content\/uploads\/2021\/06\/Disen\u0303o-sin-ti\u0301tulo-22.jpg 850w, https:\/\/psicologia-almeria.es\/wp-content\/uploads\/2021\/06\/Disen\u0303o-sin-ti\u0301tulo-22-300x200.jpg 300w, https:\/\/psicologia-almeria.es\/wp-content\/uploads\/2021\/06\/Disen\u0303o-sin-ti\u0301tulo-22-768x512.jpg 768w, https:\/\/psicologia-almeria.es\/wp-content\/uploads\/2021\/06\/Disen\u0303o-sin-ti\u0301tulo-22-360x240.jpg 360w, https:\/\/psicologia-almeria.es\/wp-content\/uploads\/2021\/06\/Disen\u0303o-sin-ti\u0301tulo-22-272x182.jpg 272w\" sizes=\"auto, (max-width: 850px) 100vw, 850px\" \/><\/p>\n<\/div>\n<\/div><\/div><\/div><div id=\"pgc-6393-0-1\"  class=\"panel-grid-cell\" ><div id=\"panel-6393-0-1-0\" class=\"so-panel widget widget_sow-editor panel-first-child panel-last-child\" data-index=\"1\" ><div\n\t\t\t\n\t\t\tclass=\"so-widget-sow-editor so-widget-sow-editor-base\"\n\t\t\t\n\t\t>\n<div class=\"siteorigin-widget-tinymce textwidget\">\n\t<p><span style=\"color: #56afd5; font-size: 15px;\"><strong>Relaciones Personales<\/strong><\/span><\/p>\n<p><span>Todos los que est\u00e1n en una relaci\u00f3n seria experimentan dificultades, pero algunas parejas llegan al punto en que uno o ambos miembros est\u00e1n decepcionados y molestos por su relaci\u00f3n e incluso pueden considerar dejar a su pareja.\u00a0En este punto, una pareja puede sentirse abrumada, a pesar de que los terapeutas sugieren terapia antes de que las dificultades en la relaci\u00f3n alcancen niveles de crisis, abordar el problema es mejor que no hacer nada.<\/span><sup><br \/>\n<\/sup><\/p>\n<p><strong><span><span style=\"color: #56afd5; font-size: 15px;\">Se\u00f1ales de que puede necesitar ayuda:<\/span><\/span><\/strong><\/p>\n<ul>\n<li><span>sentirse fundamentalmente insatisfecho con la relaci\u00f3n<\/span><\/li>\n<li><span>la decepci\u00f3n en la relaci\u00f3n es constante<\/span><\/li>\n<li><span>peleas a menudo, pero no se encuentra una soluci\u00f3n, y te sientes agotado<\/span><\/li>\n<li><span>sentirse completamente desconectado<\/span><\/li>\n<li><span>falta de comunicaci\u00f3n<\/span><\/li>\n<li><span>p\u00e9rdida de sexo y vitalidad<\/span><\/li>\n<li><span>p\u00e9rdida de buenos sentimientos y amistad<\/span><\/li>\n<li><span>sentir tristeza, preocupaci\u00f3n, tensi\u00f3n o depresi\u00f3n<\/span><\/li>\n<\/ul>\n<p><strong><span><span style=\"color: #56afd5; font-size: 15px;\">\u00bfQu\u00e9 causa las dificultades en las relaciones?<\/span><\/span><\/strong><\/p>\n<p><span>Las dificultades en las relaciones pueden ser provocadas por deficiencias en las habilidades para relacionarse y \/ o eventos externos como una enfermedad grave, la p\u00e9rdida de un ser querido o la llegada de un nuevo hijo.\u00a0A veces, los patrones de las relaciones infantiles que aprendemos y con los que nos sentimos c\u00f3modos no son efectivos, pero se trasladan a nuestra relaci\u00f3n adulta de una manera da\u00f1ina.\u00a0Cada socio en una relaci\u00f3n trae consigo un patr\u00f3n de conflicto, que es la forma en que luchas durante un conflicto con tu pareja.\u00a0Un patr\u00f3n com\u00fan de conflicto nocivo y da\u00f1ino se llama \"demanda-retirada\", en el que uno de los miembros de la pareja expresa una queja o un problema y el otro se retira guard\u00e1ndose silencio o evitando a su pareja.\u00a0Un terapeuta puede ayudarlo a identificar sus patrones de conflicto.<\/span><\/p>\n<p><span>Los problemas en las relaciones pueden ser provocados por varios temas;\u00a0Los temas comunes incluyen a los ni\u00f1os (c\u00f3mo criarlos, etc.), dinero y gastos, demandas relacionadas con el trabajo y el trabajo, comunicaci\u00f3n y escucha, problemas sexuales y h\u00e1bitos y quehaceres molestos.<\/span><\/p>\n<p><strong><span><span style=\"color: #56afd5; font-size: 15px;\">\u00bfQu\u00e9 se puede hacer para tratar las dificultades en las relaciones?<\/span><\/span><\/strong><\/p>\n<p><span>La investigaci\u00f3n ha demostrado que no importa qu\u00e9 modelo te\u00f3rico pueda usar su terapeuta, siempre que el tratamiento siga estos cinco principios subyacentes:<\/span><\/p>\n<ul>\n<li><strong><span>Cambiar las visiones de la relaci\u00f3n:<\/span><\/strong><span>\u00a0ayudar a una pareja a verse y sus interacciones de una manera m\u00e1s objetiva y adaptativa.<\/span><\/li>\n<li><strong><span>Modificar el comportamiento disfuncional:<\/span><\/strong><span>\u00a0cambiar la forma en que una pareja se comporta entre s\u00ed.<\/span><\/li>\n<li><strong><span>Disminuci\u00f3n de la evitaci\u00f3n emocional:<\/span><\/strong><span>\u00a0ayudar a una pareja a expresar sus sentimientos privados que pueden temer mostrar a su pareja de una manera que acerque a la pareja.<\/span><\/li>\n<li><strong><span>Mejorar la comunicaci\u00f3n:<\/span><\/strong><span>\u00a0ayudar a los socios a comunicarse de manera m\u00e1s efectiva, hablar entre ellos de manera comprensiva y comprensiva y escuchar de manera activa y emp\u00e1tica.<\/span><\/li>\n<li><strong><span>Promover fortalezas:<\/span><\/strong><span>\u00a0se\u00f1alar las fortalezas en la relaci\u00f3n que aportan disfrute a la pareja.<\/span><\/li>\n<\/ul>\n<\/div>\n<\/div><\/div><\/div><\/div><\/div>","protected":false},"excerpt":{"rendered":"<p>Las relaciones requieren una serie de habilidades, que incluyen ser capaz de comprenderse a s\u00ed mismo, comprender a su pareja, luchar de manera saludable y productiva, resolver problemas y negociar diferencias.<\/p>","protected":false},"author":1,"featured_media":7825,"parent":110,"menu_order":0,"comment_status":"closed","ping_status":"closed","template":"","meta":{"footnotes":""},"class_list":["post-6393","page","type-page","status-publish","has-post-thumbnail","hentry"],"yoast_head":"<!-- This site is optimized with the Yoast SEO Premium plugin v20.3 (Yoast SEO v27.4) - https:\/\/yoast.com\/product\/yoast-seo-premium-wordpress\/ -->\n<title>RELACIONES, DIVORCIO Y SEPARACI\u00d3N - Psicolog&iacute;a en Almer&iacute;a<\/title>\n<meta name=\"robots\" content=\"index, follow, max-snippet:-1, max-image-preview:large, max-video-preview:-1\" \/>\n<link rel=\"canonical\" href=\"https:\/\/psicologia-almeria.es\/en\/tratamientos\/relaciones-divorcio-y-separacion\/\" \/>\n<meta property=\"og:locale\" content=\"en_GB\" \/>\n<meta property=\"og:type\" content=\"article\" \/>\n<meta property=\"og:title\" content=\"RELACIONES, DIVORCIO Y SEPARACI\u00d3N\" \/>\n<meta property=\"og:description\" content=\"Las relaciones requieren una serie de habilidades, que incluyen ser capaz de comprenderse a s\u00ed mismo, comprender a su pareja, luchar de manera saludable y productiva, resolver problemas y negociar diferencias.\" \/>\n<meta property=\"og:url\" content=\"https:\/\/psicologia-almeria.es\/en\/tratamientos\/relaciones-divorcio-y-separacion\/\" \/>\n<meta property=\"og:site_name\" content=\"Psicolog&iacute;a en Almer&iacute;a\" \/>\n<meta property=\"article:modified_time\" content=\"2021-06-27T00:46:30+00:00\" \/>\n<meta property=\"og:image\" content=\"https:\/\/psicologia-almeria.es\/wp-content\/uploads\/2021\/06\/Disen\u0303o-sin-ti\u0301tulo-20.jpg\" \/>\n\t<meta property=\"og:image:width\" content=\"850\" \/>\n\t<meta property=\"og:image:height\" content=\"567\" \/>\n\t<meta property=\"og:image:type\" content=\"image\/jpeg\" \/>\n<meta name=\"twitter:card\" content=\"summary_large_image\" \/>\n<meta name=\"twitter:label1\" content=\"Estimated reading time\" \/>\n\t<meta name=\"twitter:data1\" content=\"4 minutes\" \/>\n<script type=\"application\/ld+json\" class=\"yoast-schema-graph\">{\"@context\":\"https:\\\/\\\/schema.org\",\"@graph\":[{\"@type\":\"WebPage\",\"@id\":\"https:\\\/\\\/psicologia-almeria.es\\\/tratamientos\\\/relaciones-divorcio-y-separacion\",\"url\":\"https:\\\/\\\/psicologia-almeria.es\\\/tratamientos\\\/relaciones-divorcio-y-separacion\",\"name\":\"RELACIONES, DIVORCIO Y SEPARACI\u00d3N - Psicolog&iacute;a en Almer&iacute;a\",\"isPartOf\":{\"@id\":\"https:\\\/\\\/psicologia-almeria.es\\\/#website\"},\"primaryImageOfPage\":{\"@id\":\"https:\\\/\\\/psicologia-almeria.es\\\/tratamientos\\\/relaciones-divorcio-y-separacion#primaryimage\"},\"image\":{\"@id\":\"https:\\\/\\\/psicologia-almeria.es\\\/tratamientos\\\/relaciones-divorcio-y-separacion#primaryimage\"},\"thumbnailUrl\":\"https:\\\/\\\/psicologia-almeria.es\\\/wp-content\\\/uploads\\\/2021\\\/06\\\/Disen\u0303o-sin-ti\u0301tulo-20.jpg\",\"datePublished\":\"2015-12-28T20:03:55+00:00\",\"dateModified\":\"2021-06-27T00:46:30+00:00\",\"breadcrumb\":{\"@id\":\"https:\\\/\\\/psicologia-almeria.es\\\/tratamientos\\\/relaciones-divorcio-y-separacion#breadcrumb\"},\"inLanguage\":\"en-GB\",\"potentialAction\":[{\"@type\":\"ReadAction\",\"target\":[\"https:\\\/\\\/psicologia-almeria.es\\\/tratamientos\\\/relaciones-divorcio-y-separacion\"]}]},{\"@type\":\"ImageObject\",\"inLanguage\":\"en-GB\",\"@id\":\"https:\\\/\\\/psicologia-almeria.es\\\/tratamientos\\\/relaciones-divorcio-y-separacion#primaryimage\",\"url\":\"https:\\\/\\\/psicologia-almeria.es\\\/wp-content\\\/uploads\\\/2021\\\/06\\\/Disen\u0303o-sin-ti\u0301tulo-20.jpg\",\"contentUrl\":\"https:\\\/\\\/psicologia-almeria.es\\\/wp-content\\\/uploads\\\/2021\\\/06\\\/Disen\u0303o-sin-ti\u0301tulo-20.jpg\",\"width\":850,\"height\":567,\"caption\":\"imagen de tratamientos en almeria para terapia de RELACIONES, DIVORCIO Y SEPARACI\u00d3N\"},{\"@type\":\"BreadcrumbList\",\"@id\":\"https:\\\/\\\/psicologia-almeria.es\\\/tratamientos\\\/relaciones-divorcio-y-separacion#breadcrumb\",\"itemListElement\":[{\"@type\":\"ListItem\",\"position\":1,\"name\":\"Home\",\"item\":\"https:\\\/\\\/psicologia-almeria.es\\\/\"},{\"@type\":\"ListItem\",\"position\":2,\"name\":\"Tratamientos\",\"item\":\"https:\\\/\\\/psicologia-almeria.es\\\/tratamientos\"},{\"@type\":\"ListItem\",\"position\":3,\"name\":\"RELACIONES, DIVORCIO Y SEPARACI\u00d3N\"}]},{\"@type\":\"WebSite\",\"@id\":\"https:\\\/\\\/psicologia-almeria.es\\\/#website\",\"url\":\"https:\\\/\\\/psicologia-almeria.es\\\/\",\"name\":\"Psicolog&iacute;a en Almer&iacute;a\",\"description\":\"Tu psic&oacute;logo de confianza en Almer&iacute;a - Lescoms\",\"potentialAction\":[{\"@type\":\"SearchAction\",\"target\":{\"@type\":\"EntryPoint\",\"urlTemplate\":\"https:\\\/\\\/psicologia-almeria.es\\\/?s={search_term_string}\"},\"query-input\":{\"@type\":\"PropertyValueSpecification\",\"valueRequired\":true,\"valueName\":\"search_term_string\"}}],\"inLanguage\":\"en-GB\"}]}<\/script>\n<!-- \/ Yoast SEO Premium plugin. -->","yoast_head_json":{"title":"RELACIONES, DIVORCIO Y SEPARACI\u00d3N - Psicolog&iacute;a en Almer&iacute;a","robots":{"index":"index","follow":"follow","max-snippet":"max-snippet:-1","max-image-preview":"max-image-preview:large","max-video-preview":"max-video-preview:-1"},"canonical":"https:\/\/psicologia-almeria.es\/en\/tratamientos\/relaciones-divorcio-y-separacion\/","og_locale":"en_GB","og_type":"article","og_title":"RELACIONES, DIVORCIO Y SEPARACI\u00d3N","og_description":"Las relaciones requieren una serie de habilidades, que incluyen ser capaz de comprenderse a s\u00ed mismo, comprender a su pareja, luchar de manera saludable y productiva, resolver problemas y negociar diferencias.","og_url":"https:\/\/psicologia-almeria.es\/en\/tratamientos\/relaciones-divorcio-y-separacion\/","og_site_name":"Psicolog&iacute;a en Almer&iacute;a","article_modified_time":"2021-06-27T00:46:30+00:00","og_image":[{"width":850,"height":567,"url":"https:\/\/psicologia-almeria.es\/wp-content\/uploads\/2021\/06\/Disen\u0303o-sin-ti\u0301tulo-20.jpg","type":"image\/jpeg"}],"twitter_card":"summary_large_image","twitter_misc":{"Estimated reading time":"4 minutes"},"schema":{"@context":"https:\/\/schema.org","@graph":[{"@type":"WebPage","@id":"https:\/\/psicologia-almeria.es\/tratamientos\/relaciones-divorcio-y-separacion","url":"https:\/\/psicologia-almeria.es\/tratamientos\/relaciones-divorcio-y-separacion","name":"RELACIONES, DIVORCIO Y SEPARACI\u00d3N - Psicolog&iacute;a en Almer&iacute;a","isPartOf":{"@id":"https:\/\/psicologia-almeria.es\/#website"},"primaryImageOfPage":{"@id":"https:\/\/psicologia-almeria.es\/tratamientos\/relaciones-divorcio-y-separacion#primaryimage"},"image":{"@id":"https:\/\/psicologia-almeria.es\/tratamientos\/relaciones-divorcio-y-separacion#primaryimage"},"thumbnailUrl":"https:\/\/psicologia-almeria.es\/wp-content\/uploads\/2021\/06\/Disen\u0303o-sin-ti\u0301tulo-20.jpg","datePublished":"2015-12-28T20:03:55+00:00","dateModified":"2021-06-27T00:46:30+00:00","breadcrumb":{"@id":"https:\/\/psicologia-almeria.es\/tratamientos\/relaciones-divorcio-y-separacion#breadcrumb"},"inLanguage":"en-GB","potentialAction":[{"@type":"ReadAction","target":["https:\/\/psicologia-almeria.es\/tratamientos\/relaciones-divorcio-y-separacion"]}]},{"@type":"ImageObject","inLanguage":"en-GB","@id":"https:\/\/psicologia-almeria.es\/tratamientos\/relaciones-divorcio-y-separacion#primaryimage","url":"https:\/\/psicologia-almeria.es\/wp-content\/uploads\/2021\/06\/Disen\u0303o-sin-ti\u0301tulo-20.jpg","contentUrl":"https:\/\/psicologia-almeria.es\/wp-content\/uploads\/2021\/06\/Disen\u0303o-sin-ti\u0301tulo-20.jpg","width":850,"height":567,"caption":"imagen de tratamientos en almeria para terapia de RELACIONES, DIVORCIO Y SEPARACI\u00d3N"},{"@type":"BreadcrumbList","@id":"https:\/\/psicologia-almeria.es\/tratamientos\/relaciones-divorcio-y-separacion#breadcrumb","itemListElement":[{"@type":"ListItem","position":1,"name":"Home","item":"https:\/\/psicologia-almeria.es\/"},{"@type":"ListItem","position":2,"name":"Tratamientos","item":"https:\/\/psicologia-almeria.es\/tratamientos"},{"@type":"ListItem","position":3,"name":"RELACIONES, DIVORCIO Y SEPARACI\u00d3N"}]},{"@type":"WebSite","@id":"https:\/\/psicologia-almeria.es\/#website","url":"https:\/\/psicologia-almeria.es\/","name":"Psicolog&iacute;a en Almer&iacute;a","description":"Tu psic&oacute;logo de confianza en Almer&iacute;a - Lescoms","potentialAction":[{"@type":"SearchAction","target":{"@type":"EntryPoint","urlTemplate":"https:\/\/psicologia-almeria.es\/?s={search_term_string}"},"query-input":{"@type":"PropertyValueSpecification","valueRequired":true,"valueName":"search_term_string"}}],"inLanguage":"en-GB"}]}},"_links":{"self":[{"href":"https:\/\/psicologia-almeria.es\/en\/wp-json\/wp\/v2\/pages\/6393","targetHints":{"allow":["GET"]}}],"collection":[{"href":"https:\/\/psicologia-almeria.es\/en\/wp-json\/wp\/v2\/pages"}],"about":[{"href":"https:\/\/psicologia-almeria.es\/en\/wp-json\/wp\/v2\/types\/page"}],"author":[{"embeddable":true,"href":"https:\/\/psicologia-almeria.es\/en\/wp-json\/wp\/v2\/users\/1"}],"replies":[{"embeddable":true,"href":"https:\/\/psicologia-almeria.es\/en\/wp-json\/wp\/v2\/comments?post=6393"}],"version-history":[{"count":5,"href":"https:\/\/psicologia-almeria.es\/en\/wp-json\/wp\/v2\/pages\/6393\/revisions"}],"predecessor-version":[{"id":7837,"href":"https:\/\/psicologia-almeria.es\/en\/wp-json\/wp\/v2\/pages\/6393\/revisions\/7837"}],"up":[{"embeddable":true,"href":"https:\/\/psicologia-almeria.es\/en\/wp-json\/wp\/v2\/pages\/110"}],"wp:featuredmedia":[{"embeddable":true,"href":"https:\/\/psicologia-almeria.es\/en\/wp-json\/wp\/v2\/media\/7825"}],"wp:attachment":[{"href":"https:\/\/psicologia-almeria.es\/en\/wp-json\/wp\/v2\/media?parent=6393"}],"curies":[{"name":"wp","href":"https:\/\/api.w.org\/{rel}","templated":true}]}}