{"id":6395,"date":"2015-12-28T20:04:07","date_gmt":"2015-12-28T20:04:07","guid":{"rendered":"http:\/\/export-xml.qreativethemes.com\/physio\/?page_id=6395"},"modified":"2021-06-27T00:47:33","modified_gmt":"2021-06-27T00:47:33","slug":"trastorno-obsesivo-compulsivo-toc","status":"publish","type":"page","link":"https:\/\/psicologia-almeria.es\/en\/tratamientos\/trastorno-obsesivo-compulsivo-toc","title":{"rendered":"TRASTORNO OBSESIVO COMPULSIVO (TOC)"},"content":{"rendered":"<div id=\"pl-6395\"  class=\"panel-layout\" ><div id=\"pg-6395-0\"  class=\"panel-grid panel-no-style\" ><div id=\"pgc-6395-0-0\"  class=\"panel-grid-cell\" ><div id=\"panel-6395-0-0-0\" class=\"so-panel widget widget_sow-editor panel-first-child panel-last-child\" data-index=\"0\" ><div\n\t\t\t\n\t\t\tclass=\"so-widget-sow-editor so-widget-sow-editor-base\"\n\t\t\t\n\t\t>\n<div class=\"siteorigin-widget-tinymce textwidget\">\n\t<p><img loading=\"lazy\" decoding=\"async\" class=\"alignnone wp-image-7815 size-full\" src=\"https:\/\/psicologia-almeria.es\/wp-content\/uploads\/2021\/06\/Disen\u0303o-sin-ti\u0301tulo-13.jpg\" alt=\"imagen de Trastorno obsesivo compulsivo en almeria\" width=\"850\" height=\"567\" srcset=\"https:\/\/psicologia-almeria.es\/wp-content\/uploads\/2021\/06\/Disen\u0303o-sin-ti\u0301tulo-13.jpg 850w, https:\/\/psicologia-almeria.es\/wp-content\/uploads\/2021\/06\/Disen\u0303o-sin-ti\u0301tulo-13-300x200.jpg 300w, https:\/\/psicologia-almeria.es\/wp-content\/uploads\/2021\/06\/Disen\u0303o-sin-ti\u0301tulo-13-768x512.jpg 768w, https:\/\/psicologia-almeria.es\/wp-content\/uploads\/2021\/06\/Disen\u0303o-sin-ti\u0301tulo-13-360x240.jpg 360w, https:\/\/psicologia-almeria.es\/wp-content\/uploads\/2021\/06\/Disen\u0303o-sin-ti\u0301tulo-13-272x182.jpg 272w\" sizes=\"auto, (max-width: 850px) 100vw, 850px\" \/><img loading=\"lazy\" decoding=\"async\" class=\"alignnone wp-image-7816 size-full\" src=\"https:\/\/psicologia-almeria.es\/wp-content\/uploads\/2021\/06\/Disen\u0303o-sin-ti\u0301tulo-14.jpg\" alt=\"imagen de Trastorno obsesivo compulsivo toc en almeria\" width=\"850\" height=\"567\" srcset=\"https:\/\/psicologia-almeria.es\/wp-content\/uploads\/2021\/06\/Disen\u0303o-sin-ti\u0301tulo-14.jpg 850w, https:\/\/psicologia-almeria.es\/wp-content\/uploads\/2021\/06\/Disen\u0303o-sin-ti\u0301tulo-14-300x200.jpg 300w, https:\/\/psicologia-almeria.es\/wp-content\/uploads\/2021\/06\/Disen\u0303o-sin-ti\u0301tulo-14-768x512.jpg 768w, https:\/\/psicologia-almeria.es\/wp-content\/uploads\/2021\/06\/Disen\u0303o-sin-ti\u0301tulo-14-360x240.jpg 360w, https:\/\/psicologia-almeria.es\/wp-content\/uploads\/2021\/06\/Disen\u0303o-sin-ti\u0301tulo-14-272x182.jpg 272w\" sizes=\"auto, (max-width: 850px) 100vw, 850px\" \/><\/p>\n<p><img loading=\"lazy\" decoding=\"async\" class=\"alignnone wp-image-7817 size-full\" src=\"https:\/\/psicologia-almeria.es\/wp-content\/uploads\/2021\/06\/Disen\u0303o-sin-ti\u0301tulo-15.jpg\" alt=\"imagen de Trastorno obsesivo compulsivo toc en almeria tratamiento\" width=\"850\" height=\"567\" srcset=\"https:\/\/psicologia-almeria.es\/wp-content\/uploads\/2021\/06\/Disen\u0303o-sin-ti\u0301tulo-15.jpg 850w, https:\/\/psicologia-almeria.es\/wp-content\/uploads\/2021\/06\/Disen\u0303o-sin-ti\u0301tulo-15-300x200.jpg 300w, https:\/\/psicologia-almeria.es\/wp-content\/uploads\/2021\/06\/Disen\u0303o-sin-ti\u0301tulo-15-768x512.jpg 768w, https:\/\/psicologia-almeria.es\/wp-content\/uploads\/2021\/06\/Disen\u0303o-sin-ti\u0301tulo-15-360x240.jpg 360w, https:\/\/psicologia-almeria.es\/wp-content\/uploads\/2021\/06\/Disen\u0303o-sin-ti\u0301tulo-15-272x182.jpg 272w\" sizes=\"auto, (max-width: 850px) 100vw, 850px\" \/><\/p>\n<p><img loading=\"lazy\" decoding=\"async\" class=\"alignnone size-full wp-image-7820\" src=\"https:\/\/psicologia-almeria.es\/wp-content\/uploads\/2021\/06\/Disen\u0303o-sin-ti\u0301tulo-16.jpg\" alt=\"imagen de tratar el toc en almeria\" width=\"850\" height=\"567\" srcset=\"https:\/\/psicologia-almeria.es\/wp-content\/uploads\/2021\/06\/Disen\u0303o-sin-ti\u0301tulo-16.jpg 850w, https:\/\/psicologia-almeria.es\/wp-content\/uploads\/2021\/06\/Disen\u0303o-sin-ti\u0301tulo-16-300x200.jpg 300w, https:\/\/psicologia-almeria.es\/wp-content\/uploads\/2021\/06\/Disen\u0303o-sin-ti\u0301tulo-16-768x512.jpg 768w, https:\/\/psicologia-almeria.es\/wp-content\/uploads\/2021\/06\/Disen\u0303o-sin-ti\u0301tulo-16-360x240.jpg 360w, https:\/\/psicologia-almeria.es\/wp-content\/uploads\/2021\/06\/Disen\u0303o-sin-ti\u0301tulo-16-272x182.jpg 272w\" sizes=\"auto, (max-width: 850px) 100vw, 850px\" \/><\/p>\n<p><img loading=\"lazy\" decoding=\"async\" class=\"alignnone size-full wp-image-7821\" src=\"https:\/\/psicologia-almeria.es\/wp-content\/uploads\/2021\/06\/Disen\u0303o-sin-ti\u0301tulo-17.jpg\" alt=\"imagen de tratamiento para el TOC en almeria\" width=\"850\" height=\"567\" srcset=\"https:\/\/psicologia-almeria.es\/wp-content\/uploads\/2021\/06\/Disen\u0303o-sin-ti\u0301tulo-17.jpg 850w, https:\/\/psicologia-almeria.es\/wp-content\/uploads\/2021\/06\/Disen\u0303o-sin-ti\u0301tulo-17-300x200.jpg 300w, https:\/\/psicologia-almeria.es\/wp-content\/uploads\/2021\/06\/Disen\u0303o-sin-ti\u0301tulo-17-768x512.jpg 768w, https:\/\/psicologia-almeria.es\/wp-content\/uploads\/2021\/06\/Disen\u0303o-sin-ti\u0301tulo-17-360x240.jpg 360w, https:\/\/psicologia-almeria.es\/wp-content\/uploads\/2021\/06\/Disen\u0303o-sin-ti\u0301tulo-17-272x182.jpg 272w\" sizes=\"auto, (max-width: 850px) 100vw, 850px\" \/><\/p>\n<\/div>\n<\/div><\/div><\/div><div id=\"pgc-6395-0-1\"  class=\"panel-grid-cell\" ><div id=\"panel-6395-0-1-0\" class=\"so-panel widget widget_sow-editor panel-first-child panel-last-child\" data-index=\"1\" ><div\n\t\t\t\n\t\t\tclass=\"so-widget-sow-editor so-widget-sow-editor-base\"\n\t\t\t\n\t\t>\n<div class=\"siteorigin-widget-tinymce textwidget\">\n\t<p><span style=\"color: #56afd5; font-size: 15px;\"><strong>Efectos del TOC<\/strong><\/span><\/p>\n<p><span>El TOC hace que el cerebro se atasque en un pensamiento o impulso en particular.\u00a0<\/span><span>Las personas con TOC a menudo se dan cuenta de que sus pensamientos o comportamientos son infundados, pero se sienten incontrolables e impotentes para detenerlos.<\/span><\/p>\n<p><span style=\"color: #56afd5; font-size: 15px;\"><strong>Identifica el Trastorno Obsesivo Compulsivo - TOC<\/strong><\/span><\/p>\n<p><span>Muchas personas pueden encontrar que tienen algunas de las siguientes obsesiones o conductas compulsivas, pero las personas con TOC experimentan estos s\u00edntomas de una manera tan grave que interfiere con su capacidad para socializar, ir a la escuela o el trabajo y participar en la vida familiar. interrumpir su capacidad para funcionar en el d\u00eda a d\u00eda.\u00a0<\/span><span>Las personas con TOC realizan sus compulsiones a pesar de que interfieren con la vida diaria y la realizaci\u00f3n de los rituales puede resultar angustiosa. Las <\/span><span>obsesiones se vuelven inquietantes y molestas en la vida cotidiana. <\/span><span>Los s\u00edntomas se experimentan durante m\u00e1s de una hora todos los d\u00edas y pueden aparecer y desaparecer con el tiempo.<\/span><\/p>\n<p><span style=\"color: #56afd5; font-size: 15px;\"><strong>\u00bfQu\u00e9 causa el TOC?<\/strong><\/span><\/p>\n<p><span>El TOC es hereditario y los genes probablemente juegan un papel en el desarrollo del trastorno, pero los genes parecen ser solo parcialmente responsables de causar el trastorno. Los investigadores est\u00e1n descubriendo que las personas con TOC muestran problemas de comunicaci\u00f3n entre la parte frontal del cerebro y las estructuras m\u00e1s profundas donde la serotonina es el mensajero qu\u00edmico. Si usted, sus padres o un hermano tienen TOC, hay aproximadamente un 25% de posibilidades de que otro miembro de la familia inmediata tenga o desarrolle TOC. La mayor\u00eda de las personas son diagnosticadas a los 19 a\u00f1os.<\/span><\/p>\n<p><span style=\"color: #56afd5; font-size: 15px;\"><strong>\u00bfCu\u00e1l es el Tratamiento para el TOC?<\/strong><\/span><\/p>\n<p><span>El TOC no se puede curar, pero se puede tratar con eficacia. La terapia cognitivo-conductual (TCC) ayuda a una persona a encontrar diferentes formas de pensar, comportarse y reaccionar ante situaciones para ayudarla a sentirse menos ansiosa o temerosa. Los antidepresivos a veces se usan junto con la terapia. En algunas personas, los circuitos cerebrales involucrados en el TOC aparecen y funcionan de manera m\u00e1s normal con medicamentos de serotonina o terapia cognitivo-conductual. El consenso entre los expertos encuentra que 13-20 sesiones es una duraci\u00f3n suficiente para la mayor\u00eda de casos..<\/span><\/p>\n<ol>\n<li><b><span>Prevenci\u00f3n de exposici\u00f3n y respuesta:<\/span><\/b><span>\u00a0implica la exposici\u00f3n continua a la fuente de su obsesi\u00f3n mientras restringe su capacidad para realizar su comportamiento compulsivo habitual.\u00a0Esto fomenta el autocontrol y permite que su mente y cuerpo se den cuenta de que los comportamientos compulsivos no son la \u00fanica forma de aliviar la ansiedad.\u00a0Esta t\u00e9cnica tiene el mejor respaldo de evidencia.<\/span><\/li>\n<li><b><span>Terapia cognitiva: se<\/span><\/b><span><strong> enfoca en<\/strong> los pensamientos catastr\u00f3ficos y exagerados que tiene y le ense\u00f1a formas saludables y positivas de lidiar y responder a los pensamientos obsesivos.<\/span><\/li>\n<li><b><span>Terapia familiar: el<\/span><\/b><span> <strong>TOC<\/strong> puede causar problemas en la vida familiar, la terapia familiar ayuda a facilitar la comprensi\u00f3n y puede empoderar a los miembros de la familia para ayudar a su ser querido que sufre de TOC.\u00a0La terapia familiar puede reducir las tensiones entre familias que pueden causar o exacerbar los s\u00edntomas del TOC del paciente y ayudar a evitar que los miembros de la familia alienten o participen en las compulsiones del TOC de un miembro de la familia.<\/span><\/li>\n<\/ol>\n<\/div>\n<\/div><\/div><\/div><\/div><\/div>","protected":false},"excerpt":{"rendered":"<p>TOC es un trastorno de ansiedad que provoca pensamientos, im\u00e1genes o impulsos intrusivos, que hacen que una persona se sienta ansiosa o asustada, oblig\u00e1ndola a realizar determinadas conductas en un intento por encontrar alivio a su ansiedad o miedo intenso.<\/p>","protected":false},"author":1,"featured_media":7816,"parent":110,"menu_order":0,"comment_status":"closed","ping_status":"closed","template":"","meta":{"footnotes":""},"class_list":["post-6395","page","type-page","status-publish","has-post-thumbnail","hentry"],"yoast_head":"<!-- This site is optimized with the Yoast SEO Premium plugin v20.3 (Yoast SEO v27.4) - https:\/\/yoast.com\/product\/yoast-seo-premium-wordpress\/ -->\n<title>TRASTORNO OBSESIVO COMPULSIVO (TOC) - Psicolog&iacute;a en Almer&iacute;a<\/title>\n<meta name=\"robots\" content=\"index, follow, max-snippet:-1, max-image-preview:large, max-video-preview:-1\" \/>\n<link rel=\"canonical\" href=\"https:\/\/psicologia-almeria.es\/en\/tratamientos\/trastorno-obsesivo-compulsivo-toc\/\" \/>\n<meta property=\"og:locale\" content=\"en_GB\" \/>\n<meta property=\"og:type\" content=\"article\" \/>\n<meta property=\"og:title\" content=\"TRASTORNO OBSESIVO COMPULSIVO (TOC)\" \/>\n<meta property=\"og:description\" content=\"TOC es un trastorno de ansiedad que provoca pensamientos, im\u00e1genes o impulsos intrusivos, que hacen que una persona se sienta ansiosa o asustada, oblig\u00e1ndola a realizar determinadas conductas en un intento por encontrar alivio a su ansiedad o miedo intenso.\" \/>\n<meta property=\"og:url\" content=\"https:\/\/psicologia-almeria.es\/en\/tratamientos\/trastorno-obsesivo-compulsivo-toc\/\" \/>\n<meta property=\"og:site_name\" content=\"Psicolog&iacute;a en Almer&iacute;a\" \/>\n<meta property=\"article:modified_time\" content=\"2021-06-27T00:47:33+00:00\" \/>\n<meta property=\"og:image\" content=\"https:\/\/psicologia-almeria.es\/wp-content\/uploads\/2021\/06\/Disen\u0303o-sin-ti\u0301tulo-14.jpg\" \/>\n\t<meta property=\"og:image:width\" content=\"850\" \/>\n\t<meta property=\"og:image:height\" content=\"567\" \/>\n\t<meta property=\"og:image:type\" content=\"image\/jpeg\" \/>\n<meta name=\"twitter:card\" content=\"summary_large_image\" \/>\n<meta name=\"twitter:label1\" content=\"Estimated reading time\" \/>\n\t<meta name=\"twitter:data1\" content=\"4 minutes\" \/>\n<script type=\"application\/ld+json\" class=\"yoast-schema-graph\">{\"@context\":\"https:\\\/\\\/schema.org\",\"@graph\":[{\"@type\":\"WebPage\",\"@id\":\"https:\\\/\\\/psicologia-almeria.es\\\/tratamientos\\\/trastorno-obsesivo-compulsivo-toc\",\"url\":\"https:\\\/\\\/psicologia-almeria.es\\\/tratamientos\\\/trastorno-obsesivo-compulsivo-toc\",\"name\":\"TRASTORNO OBSESIVO COMPULSIVO (TOC) - Psicolog&iacute;a en Almer&iacute;a\",\"isPartOf\":{\"@id\":\"https:\\\/\\\/psicologia-almeria.es\\\/#website\"},\"primaryImageOfPage\":{\"@id\":\"https:\\\/\\\/psicologia-almeria.es\\\/tratamientos\\\/trastorno-obsesivo-compulsivo-toc#primaryimage\"},\"image\":{\"@id\":\"https:\\\/\\\/psicologia-almeria.es\\\/tratamientos\\\/trastorno-obsesivo-compulsivo-toc#primaryimage\"},\"thumbnailUrl\":\"https:\\\/\\\/psicologia-almeria.es\\\/wp-content\\\/uploads\\\/2021\\\/06\\\/Disen\u0303o-sin-ti\u0301tulo-14.jpg\",\"datePublished\":\"2015-12-28T20:04:07+00:00\",\"dateModified\":\"2021-06-27T00:47:33+00:00\",\"breadcrumb\":{\"@id\":\"https:\\\/\\\/psicologia-almeria.es\\\/tratamientos\\\/trastorno-obsesivo-compulsivo-toc#breadcrumb\"},\"inLanguage\":\"en-GB\",\"potentialAction\":[{\"@type\":\"ReadAction\",\"target\":[\"https:\\\/\\\/psicologia-almeria.es\\\/tratamientos\\\/trastorno-obsesivo-compulsivo-toc\"]}]},{\"@type\":\"ImageObject\",\"inLanguage\":\"en-GB\",\"@id\":\"https:\\\/\\\/psicologia-almeria.es\\\/tratamientos\\\/trastorno-obsesivo-compulsivo-toc#primaryimage\",\"url\":\"https:\\\/\\\/psicologia-almeria.es\\\/wp-content\\\/uploads\\\/2021\\\/06\\\/Disen\u0303o-sin-ti\u0301tulo-14.jpg\",\"contentUrl\":\"https:\\\/\\\/psicologia-almeria.es\\\/wp-content\\\/uploads\\\/2021\\\/06\\\/Disen\u0303o-sin-ti\u0301tulo-14.jpg\",\"width\":850,\"height\":567,\"caption\":\"imagen de Trastorno obsesivo compulsivo toc en almeria\"},{\"@type\":\"BreadcrumbList\",\"@id\":\"https:\\\/\\\/psicologia-almeria.es\\\/tratamientos\\\/trastorno-obsesivo-compulsivo-toc#breadcrumb\",\"itemListElement\":[{\"@type\":\"ListItem\",\"position\":1,\"name\":\"Home\",\"item\":\"https:\\\/\\\/psicologia-almeria.es\\\/\"},{\"@type\":\"ListItem\",\"position\":2,\"name\":\"Tratamientos\",\"item\":\"https:\\\/\\\/psicologia-almeria.es\\\/tratamientos\"},{\"@type\":\"ListItem\",\"position\":3,\"name\":\"TRASTORNO OBSESIVO COMPULSIVO (TOC)\"}]},{\"@type\":\"WebSite\",\"@id\":\"https:\\\/\\\/psicologia-almeria.es\\\/#website\",\"url\":\"https:\\\/\\\/psicologia-almeria.es\\\/\",\"name\":\"Psicolog&iacute;a en Almer&iacute;a\",\"description\":\"Tu psic&oacute;logo de confianza en Almer&iacute;a - Lescoms\",\"potentialAction\":[{\"@type\":\"SearchAction\",\"target\":{\"@type\":\"EntryPoint\",\"urlTemplate\":\"https:\\\/\\\/psicologia-almeria.es\\\/?s={search_term_string}\"},\"query-input\":{\"@type\":\"PropertyValueSpecification\",\"valueRequired\":true,\"valueName\":\"search_term_string\"}}],\"inLanguage\":\"en-GB\"}]}<\/script>\n<!-- \/ Yoast SEO Premium plugin. -->","yoast_head_json":{"title":"TRASTORNO OBSESIVO COMPULSIVO (TOC) - Psicolog&iacute;a en Almer&iacute;a","robots":{"index":"index","follow":"follow","max-snippet":"max-snippet:-1","max-image-preview":"max-image-preview:large","max-video-preview":"max-video-preview:-1"},"canonical":"https:\/\/psicologia-almeria.es\/en\/tratamientos\/trastorno-obsesivo-compulsivo-toc\/","og_locale":"en_GB","og_type":"article","og_title":"TRASTORNO OBSESIVO COMPULSIVO (TOC)","og_description":"TOC es un trastorno de ansiedad que provoca pensamientos, im\u00e1genes o impulsos intrusivos, que hacen que una persona se sienta ansiosa o asustada, oblig\u00e1ndola a realizar determinadas conductas en un intento por encontrar alivio a su ansiedad o miedo intenso.","og_url":"https:\/\/psicologia-almeria.es\/en\/tratamientos\/trastorno-obsesivo-compulsivo-toc\/","og_site_name":"Psicolog&iacute;a en Almer&iacute;a","article_modified_time":"2021-06-27T00:47:33+00:00","og_image":[{"width":850,"height":567,"url":"https:\/\/psicologia-almeria.es\/wp-content\/uploads\/2021\/06\/Disen\u0303o-sin-ti\u0301tulo-14.jpg","type":"image\/jpeg"}],"twitter_card":"summary_large_image","twitter_misc":{"Estimated reading time":"4 minutes"},"schema":{"@context":"https:\/\/schema.org","@graph":[{"@type":"WebPage","@id":"https:\/\/psicologia-almeria.es\/tratamientos\/trastorno-obsesivo-compulsivo-toc","url":"https:\/\/psicologia-almeria.es\/tratamientos\/trastorno-obsesivo-compulsivo-toc","name":"TRASTORNO OBSESIVO COMPULSIVO (TOC) - Psicolog&iacute;a en Almer&iacute;a","isPartOf":{"@id":"https:\/\/psicologia-almeria.es\/#website"},"primaryImageOfPage":{"@id":"https:\/\/psicologia-almeria.es\/tratamientos\/trastorno-obsesivo-compulsivo-toc#primaryimage"},"image":{"@id":"https:\/\/psicologia-almeria.es\/tratamientos\/trastorno-obsesivo-compulsivo-toc#primaryimage"},"thumbnailUrl":"https:\/\/psicologia-almeria.es\/wp-content\/uploads\/2021\/06\/Disen\u0303o-sin-ti\u0301tulo-14.jpg","datePublished":"2015-12-28T20:04:07+00:00","dateModified":"2021-06-27T00:47:33+00:00","breadcrumb":{"@id":"https:\/\/psicologia-almeria.es\/tratamientos\/trastorno-obsesivo-compulsivo-toc#breadcrumb"},"inLanguage":"en-GB","potentialAction":[{"@type":"ReadAction","target":["https:\/\/psicologia-almeria.es\/tratamientos\/trastorno-obsesivo-compulsivo-toc"]}]},{"@type":"ImageObject","inLanguage":"en-GB","@id":"https:\/\/psicologia-almeria.es\/tratamientos\/trastorno-obsesivo-compulsivo-toc#primaryimage","url":"https:\/\/psicologia-almeria.es\/wp-content\/uploads\/2021\/06\/Disen\u0303o-sin-ti\u0301tulo-14.jpg","contentUrl":"https:\/\/psicologia-almeria.es\/wp-content\/uploads\/2021\/06\/Disen\u0303o-sin-ti\u0301tulo-14.jpg","width":850,"height":567,"caption":"imagen de Trastorno obsesivo compulsivo toc en almeria"},{"@type":"BreadcrumbList","@id":"https:\/\/psicologia-almeria.es\/tratamientos\/trastorno-obsesivo-compulsivo-toc#breadcrumb","itemListElement":[{"@type":"ListItem","position":1,"name":"Home","item":"https:\/\/psicologia-almeria.es\/"},{"@type":"ListItem","position":2,"name":"Tratamientos","item":"https:\/\/psicologia-almeria.es\/tratamientos"},{"@type":"ListItem","position":3,"name":"TRASTORNO OBSESIVO COMPULSIVO (TOC)"}]},{"@type":"WebSite","@id":"https:\/\/psicologia-almeria.es\/#website","url":"https:\/\/psicologia-almeria.es\/","name":"Psicolog&iacute;a en Almer&iacute;a","description":"Tu psic&oacute;logo de confianza en Almer&iacute;a - Lescoms","potentialAction":[{"@type":"SearchAction","target":{"@type":"EntryPoint","urlTemplate":"https:\/\/psicologia-almeria.es\/?s={search_term_string}"},"query-input":{"@type":"PropertyValueSpecification","valueRequired":true,"valueName":"search_term_string"}}],"inLanguage":"en-GB"}]}},"_links":{"self":[{"href":"https:\/\/psicologia-almeria.es\/en\/wp-json\/wp\/v2\/pages\/6395","targetHints":{"allow":["GET"]}}],"collection":[{"href":"https:\/\/psicologia-almeria.es\/en\/wp-json\/wp\/v2\/pages"}],"about":[{"href":"https:\/\/psicologia-almeria.es\/en\/wp-json\/wp\/v2\/types\/page"}],"author":[{"embeddable":true,"href":"https:\/\/psicologia-almeria.es\/en\/wp-json\/wp\/v2\/users\/1"}],"replies":[{"embeddable":true,"href":"https:\/\/psicologia-almeria.es\/en\/wp-json\/wp\/v2\/comments?post=6395"}],"version-history":[{"count":5,"href":"https:\/\/psicologia-almeria.es\/en\/wp-json\/wp\/v2\/pages\/6395\/revisions"}],"predecessor-version":[{"id":7839,"href":"https:\/\/psicologia-almeria.es\/en\/wp-json\/wp\/v2\/pages\/6395\/revisions\/7839"}],"up":[{"embeddable":true,"href":"https:\/\/psicologia-almeria.es\/en\/wp-json\/wp\/v2\/pages\/110"}],"wp:featuredmedia":[{"embeddable":true,"href":"https:\/\/psicologia-almeria.es\/en\/wp-json\/wp\/v2\/media\/7816"}],"wp:attachment":[{"href":"https:\/\/psicologia-almeria.es\/en\/wp-json\/wp\/v2\/media?parent=6395"}],"curies":[{"name":"wp","href":"https:\/\/api.w.org\/{rel}","templated":true}]}}