{"id":6397,"date":"2015-12-28T20:04:19","date_gmt":"2015-12-28T20:04:19","guid":{"rendered":"http:\/\/export-xml.qreativethemes.com\/physio\/?page_id=6397"},"modified":"2021-06-27T00:52:40","modified_gmt":"2021-06-27T00:52:40","slug":"terapia-de-pareja-y-consejeria-matrimonial","status":"publish","type":"page","link":"https:\/\/psicologia-almeria.es\/en\/tratamientos\/terapia-de-pareja-y-consejeria-matrimonial","title":{"rendered":"TERAPIA DE PAREJA Y CONSEJER\u00cdA MATRIMONIAL"},"content":{"rendered":"<div id=\"pl-6397\"  class=\"panel-layout\" ><div id=\"pg-6397-0\"  class=\"panel-grid panel-no-style\" ><div id=\"pgc-6397-0-0\"  class=\"panel-grid-cell\" ><div id=\"panel-6397-0-0-0\" class=\"so-panel widget widget_sow-editor panel-first-child panel-last-child\" data-index=\"0\" ><div\n\t\t\t\n\t\t\tclass=\"so-widget-sow-editor so-widget-sow-editor-base\"\n\t\t\t\n\t\t>\n<div class=\"siteorigin-widget-tinymce textwidget\">\n\t<p><span>Muchas parejas infelices se sienten estancadas;\u00a0esto no significa que una relaci\u00f3n no se pueda salvar.\u00a0Cuando una pareja comienza a ver\u00a0<\/span><i><span>todos los<\/span><\/i><span>\u00a0aspectos del otro (en lugar de solo aquellos que inicialmente los atrajeron el uno al otro), la comunicaci\u00f3n comienza a romperse o siempre parece ser un problema, y \u200b\u200bel estr\u00e9s de la vida cotidiana como el trabajo, las finanzas, la crianza de los hijos, los suegros y el sexo est\u00e1n haciendo que una pareja se distancie, es un momento crucial en la relaci\u00f3n en el que el asesoramiento y la terapia de pareja realmente pueden ayudar.<\/span><\/p>\n<hr \/>\n<\/div>\n<\/div><\/div><\/div><\/div><div id=\"pg-6397-1\"  class=\"panel-grid panel-no-style\" ><div id=\"pgc-6397-1-0\"  class=\"panel-grid-cell\" ><div id=\"panel-6397-1-0-0\" class=\"so-panel widget widget_sow-editor panel-first-child panel-last-child\" data-index=\"1\" ><div\n\t\t\t\n\t\t\tclass=\"so-widget-sow-editor so-widget-sow-editor-base\"\n\t\t\t\n\t\t>\n<div class=\"siteorigin-widget-tinymce textwidget\">\n\t<p><img loading=\"lazy\" decoding=\"async\" class=\"alignnone wp-image-7801 size-full\" src=\"https:\/\/psicologia-almeria.es\/wp-content\/uploads\/2021\/06\/Disen\u0303o-sin-ti\u0301tulo-7.jpg\" alt=\"imagen de terapia de pareja\" width=\"850\" height=\"567\" srcset=\"https:\/\/psicologia-almeria.es\/wp-content\/uploads\/2021\/06\/Disen\u0303o-sin-ti\u0301tulo-7.jpg 850w, https:\/\/psicologia-almeria.es\/wp-content\/uploads\/2021\/06\/Disen\u0303o-sin-ti\u0301tulo-7-300x200.jpg 300w, https:\/\/psicologia-almeria.es\/wp-content\/uploads\/2021\/06\/Disen\u0303o-sin-ti\u0301tulo-7-768x512.jpg 768w, https:\/\/psicologia-almeria.es\/wp-content\/uploads\/2021\/06\/Disen\u0303o-sin-ti\u0301tulo-7-360x240.jpg 360w, https:\/\/psicologia-almeria.es\/wp-content\/uploads\/2021\/06\/Disen\u0303o-sin-ti\u0301tulo-7-272x182.jpg 272w\" sizes=\"auto, (max-width: 850px) 100vw, 850px\" \/><\/p>\n<\/div>\n<\/div><\/div><\/div><div id=\"pgc-6397-1-1\"  class=\"panel-grid-cell\" ><div id=\"panel-6397-1-1-0\" class=\"so-panel widget widget_sow-editor panel-first-child panel-last-child\" data-index=\"2\" ><div\n\t\t\t\n\t\t\tclass=\"so-widget-sow-editor so-widget-sow-editor-base\"\n\t\t\t\n\t\t>\n<div class=\"siteorigin-widget-tinymce textwidget\">\n\t<p><img loading=\"lazy\" decoding=\"async\" class=\"alignnone wp-image-7802 size-full\" src=\"https:\/\/psicologia-almeria.es\/wp-content\/uploads\/2021\/06\/Disen\u0303o-sin-ti\u0301tulo-8.jpg\" alt=\"imagen de TERAPIA DE PAREJA Y CONSEJER\u00cdA MATRIMONIAL\" width=\"850\" height=\"567\" srcset=\"https:\/\/psicologia-almeria.es\/wp-content\/uploads\/2021\/06\/Disen\u0303o-sin-ti\u0301tulo-8.jpg 850w, https:\/\/psicologia-almeria.es\/wp-content\/uploads\/2021\/06\/Disen\u0303o-sin-ti\u0301tulo-8-300x200.jpg 300w, https:\/\/psicologia-almeria.es\/wp-content\/uploads\/2021\/06\/Disen\u0303o-sin-ti\u0301tulo-8-768x512.jpg 768w, https:\/\/psicologia-almeria.es\/wp-content\/uploads\/2021\/06\/Disen\u0303o-sin-ti\u0301tulo-8-360x240.jpg 360w, https:\/\/psicologia-almeria.es\/wp-content\/uploads\/2021\/06\/Disen\u0303o-sin-ti\u0301tulo-8-272x182.jpg 272w\" sizes=\"auto, (max-width: 850px) 100vw, 850px\" \/><\/p>\n<\/div>\n<\/div><\/div><\/div><\/div><div id=\"pg-6397-2\"  class=\"panel-grid panel-no-style\" ><div id=\"pgc-6397-2-0\"  class=\"panel-grid-cell\" ><div id=\"panel-6397-2-0-0\" class=\"so-panel widget widget_sow-editor panel-first-child panel-last-child\" data-index=\"3\" ><div\n\t\t\t\n\t\t\tclass=\"so-widget-sow-editor so-widget-sow-editor-base\"\n\t\t\t\n\t\t>\n<div class=\"siteorigin-widget-tinymce textwidget\">\n\t<p><span style=\"color: #56afd5; font-size: 15px;\"><strong>Terapia de Pareja Y Consejer\u00eda Matrimonial<br \/>\n<\/strong><\/span><\/p>\n<p><span>Algunas parejas pueden resistirse a la terapia de pareja y es posible que no crean que pueda beneficiar a su relaci\u00f3n. El primer paso requiere que ambos reconozcan que su relaci\u00f3n necesita ayuda. El segundo paso requiere que cada integrante identifique y asuma su rol para no \u201calimentar\u201d la relaci\u00f3n y asumir la responsabilidad. El inicio de la terapia de pareja debe comenzar con la participaci\u00f3n de ambos en el viaje de la auto-indagaci\u00f3n y la apertura para comenzar un tipo diferente de comunicaci\u00f3n con su pareja.\u00a0Si entra en terapia de pareja con la noci\u00f3n de \u201c\u00a0<\/span><i><span>es todo \u00e9l<\/span><\/i><span>\u00a0\u201d o \u201c\u00a0<\/span><i><span>es todo ella<\/span><\/i><span>\u00a0\u201d, lo m\u00e1s probable es que se sienta decepcionado.\u00a0<strong>El cambio comienza con la conciencia, no solo de la otra persona, sino de usted mismo.<\/strong><\/span><\/p>\n<\/div>\n<\/div><\/div><\/div><div id=\"pgc-6397-2-1\"  class=\"panel-grid-cell\" ><div id=\"panel-6397-2-1-0\" class=\"so-panel widget widget_sow-editor panel-first-child panel-last-child\" data-index=\"4\" ><div\n\t\t\t\n\t\t\tclass=\"so-widget-sow-editor so-widget-sow-editor-base\"\n\t\t\t\n\t\t>\n<div class=\"siteorigin-widget-tinymce textwidget\">\n\t<p><span style=\"color: #56afd5; font-size: 15px;\"><strong>\u00bfCu\u00e1nto dura la Terapia de Pareja?<\/strong><\/span><\/p>\n<p><strong>La terapia puede durar de 2 a 20 sesiones o m\u00e1s, seg\u00fan sus objetivos.\u00a0<\/strong><span>Utilizamos una combinaci\u00f3n de terapia cognitiva conductual, terapia psicodin\u00e1mica e intervenciones basadas en la terapia de pareja para ayudar a adquirir las habilidades para comunicarse mejor, resolver problemas, mejorar la intimidad y fortalecer el v\u00ednculo de asociaci\u00f3n. <\/span><span>El tratamiento puede incluir un componente de terapia sexual seg\u00fan sus objetivos de terapia.\u00a0<\/span><span>Las dificultades en las que se encuentran las parejas pueden ser un catalizador para el crecimiento y un amor m\u00e1s profundo y pleno.<\/span><\/p>\n<\/div>\n<\/div><\/div><\/div><\/div><\/div>","protected":false},"excerpt":{"rendered":"<p>Muchas parejas infelices se sienten estancadas. No obstante, esto no significa que una relaci\u00f3n no se pueda salvar.<\/p>","protected":false},"author":1,"featured_media":7828,"parent":110,"menu_order":0,"comment_status":"closed","ping_status":"closed","template":"","meta":{"footnotes":""},"class_list":["post-6397","page","type-page","status-publish","has-post-thumbnail","hentry"],"yoast_head":"<!-- This site is optimized with the Yoast SEO Premium plugin v20.3 (Yoast SEO v27.4) - https:\/\/yoast.com\/product\/yoast-seo-premium-wordpress\/ -->\n<title>TERAPIA DE PAREJA Y CONSEJER\u00cdA MATRIMONIAL - Psicolog&iacute;a en Almer&iacute;a<\/title>\n<meta name=\"robots\" content=\"index, follow, max-snippet:-1, max-image-preview:large, max-video-preview:-1\" \/>\n<link rel=\"canonical\" href=\"https:\/\/psicologia-almeria.es\/en\/tratamientos\/terapia-de-pareja-y-consejeria-matrimonial\/\" \/>\n<meta property=\"og:locale\" content=\"en_GB\" \/>\n<meta property=\"og:type\" content=\"article\" \/>\n<meta property=\"og:title\" content=\"TERAPIA DE PAREJA Y CONSEJER\u00cdA MATRIMONIAL\" \/>\n<meta property=\"og:description\" content=\"Muchas parejas infelices se sienten estancadas. No obstante, esto no significa que una relaci\u00f3n no se pueda salvar.\" \/>\n<meta property=\"og:url\" content=\"https:\/\/psicologia-almeria.es\/en\/tratamientos\/terapia-de-pareja-y-consejeria-matrimonial\/\" \/>\n<meta property=\"og:site_name\" content=\"Psicolog&iacute;a en Almer&iacute;a\" \/>\n<meta property=\"article:modified_time\" content=\"2021-06-27T00:52:40+00:00\" \/>\n<meta property=\"og:image\" content=\"https:\/\/psicologia-almeria.es\/wp-content\/uploads\/2021\/06\/Disen\u0303o-sin-ti\u0301tulo-21.jpg\" \/>\n\t<meta property=\"og:image:width\" content=\"850\" \/>\n\t<meta property=\"og:image:height\" content=\"567\" \/>\n\t<meta property=\"og:image:type\" content=\"image\/jpeg\" \/>\n<meta name=\"twitter:card\" content=\"summary_large_image\" \/>\n<meta name=\"twitter:label1\" content=\"Estimated reading time\" \/>\n\t<meta name=\"twitter:data1\" content=\"2 minutes\" \/>\n<script type=\"application\/ld+json\" class=\"yoast-schema-graph\">{\"@context\":\"https:\\\/\\\/schema.org\",\"@graph\":[{\"@type\":\"WebPage\",\"@id\":\"https:\\\/\\\/psicologia-almeria.es\\\/tratamientos\\\/terapia-de-pareja-y-consejeria-matrimonial\",\"url\":\"https:\\\/\\\/psicologia-almeria.es\\\/tratamientos\\\/terapia-de-pareja-y-consejeria-matrimonial\",\"name\":\"TERAPIA DE PAREJA Y CONSEJER\u00cdA MATRIMONIAL - Psicolog&iacute;a en Almer&iacute;a\",\"isPartOf\":{\"@id\":\"https:\\\/\\\/psicologia-almeria.es\\\/#website\"},\"primaryImageOfPage\":{\"@id\":\"https:\\\/\\\/psicologia-almeria.es\\\/tratamientos\\\/terapia-de-pareja-y-consejeria-matrimonial#primaryimage\"},\"image\":{\"@id\":\"https:\\\/\\\/psicologia-almeria.es\\\/tratamientos\\\/terapia-de-pareja-y-consejeria-matrimonial#primaryimage\"},\"thumbnailUrl\":\"https:\\\/\\\/psicologia-almeria.es\\\/wp-content\\\/uploads\\\/2021\\\/06\\\/Disen\u0303o-sin-ti\u0301tulo-21.jpg\",\"datePublished\":\"2015-12-28T20:04:19+00:00\",\"dateModified\":\"2021-06-27T00:52:40+00:00\",\"breadcrumb\":{\"@id\":\"https:\\\/\\\/psicologia-almeria.es\\\/tratamientos\\\/terapia-de-pareja-y-consejeria-matrimonial#breadcrumb\"},\"inLanguage\":\"en-GB\",\"potentialAction\":[{\"@type\":\"ReadAction\",\"target\":[\"https:\\\/\\\/psicologia-almeria.es\\\/tratamientos\\\/terapia-de-pareja-y-consejeria-matrimonial\"]}]},{\"@type\":\"ImageObject\",\"inLanguage\":\"en-GB\",\"@id\":\"https:\\\/\\\/psicologia-almeria.es\\\/tratamientos\\\/terapia-de-pareja-y-consejeria-matrimonial#primaryimage\",\"url\":\"https:\\\/\\\/psicologia-almeria.es\\\/wp-content\\\/uploads\\\/2021\\\/06\\\/Disen\u0303o-sin-ti\u0301tulo-21.jpg\",\"contentUrl\":\"https:\\\/\\\/psicologia-almeria.es\\\/wp-content\\\/uploads\\\/2021\\\/06\\\/Disen\u0303o-sin-ti\u0301tulo-21.jpg\",\"width\":850,\"height\":567,\"caption\":\"imagen de tratamientos en almeria para terapia de RELACIONES, DIVORCIO Y SEPARACI\u00d3N en almeria\"},{\"@type\":\"BreadcrumbList\",\"@id\":\"https:\\\/\\\/psicologia-almeria.es\\\/tratamientos\\\/terapia-de-pareja-y-consejeria-matrimonial#breadcrumb\",\"itemListElement\":[{\"@type\":\"ListItem\",\"position\":1,\"name\":\"Home\",\"item\":\"https:\\\/\\\/psicologia-almeria.es\\\/\"},{\"@type\":\"ListItem\",\"position\":2,\"name\":\"Tratamientos\",\"item\":\"https:\\\/\\\/psicologia-almeria.es\\\/tratamientos\"},{\"@type\":\"ListItem\",\"position\":3,\"name\":\"TERAPIA DE PAREJA Y CONSEJER\u00cdA MATRIMONIAL\"}]},{\"@type\":\"WebSite\",\"@id\":\"https:\\\/\\\/psicologia-almeria.es\\\/#website\",\"url\":\"https:\\\/\\\/psicologia-almeria.es\\\/\",\"name\":\"Psicolog&iacute;a en Almer&iacute;a\",\"description\":\"Tu psic&oacute;logo de confianza en Almer&iacute;a - Lescoms\",\"potentialAction\":[{\"@type\":\"SearchAction\",\"target\":{\"@type\":\"EntryPoint\",\"urlTemplate\":\"https:\\\/\\\/psicologia-almeria.es\\\/?s={search_term_string}\"},\"query-input\":{\"@type\":\"PropertyValueSpecification\",\"valueRequired\":true,\"valueName\":\"search_term_string\"}}],\"inLanguage\":\"en-GB\"}]}<\/script>\n<!-- \/ Yoast SEO Premium plugin. -->","yoast_head_json":{"title":"TERAPIA DE PAREJA Y CONSEJER\u00cdA MATRIMONIAL - Psicolog&iacute;a en Almer&iacute;a","robots":{"index":"index","follow":"follow","max-snippet":"max-snippet:-1","max-image-preview":"max-image-preview:large","max-video-preview":"max-video-preview:-1"},"canonical":"https:\/\/psicologia-almeria.es\/en\/tratamientos\/terapia-de-pareja-y-consejeria-matrimonial\/","og_locale":"en_GB","og_type":"article","og_title":"TERAPIA DE PAREJA Y CONSEJER\u00cdA MATRIMONIAL","og_description":"Muchas parejas infelices se sienten estancadas. No obstante, esto no significa que una relaci\u00f3n no se pueda salvar.","og_url":"https:\/\/psicologia-almeria.es\/en\/tratamientos\/terapia-de-pareja-y-consejeria-matrimonial\/","og_site_name":"Psicolog&iacute;a en Almer&iacute;a","article_modified_time":"2021-06-27T00:52:40+00:00","og_image":[{"width":850,"height":567,"url":"https:\/\/psicologia-almeria.es\/wp-content\/uploads\/2021\/06\/Disen\u0303o-sin-ti\u0301tulo-21.jpg","type":"image\/jpeg"}],"twitter_card":"summary_large_image","twitter_misc":{"Estimated reading time":"2 minutes"},"schema":{"@context":"https:\/\/schema.org","@graph":[{"@type":"WebPage","@id":"https:\/\/psicologia-almeria.es\/tratamientos\/terapia-de-pareja-y-consejeria-matrimonial","url":"https:\/\/psicologia-almeria.es\/tratamientos\/terapia-de-pareja-y-consejeria-matrimonial","name":"TERAPIA DE PAREJA Y CONSEJER\u00cdA MATRIMONIAL - Psicolog&iacute;a en Almer&iacute;a","isPartOf":{"@id":"https:\/\/psicologia-almeria.es\/#website"},"primaryImageOfPage":{"@id":"https:\/\/psicologia-almeria.es\/tratamientos\/terapia-de-pareja-y-consejeria-matrimonial#primaryimage"},"image":{"@id":"https:\/\/psicologia-almeria.es\/tratamientos\/terapia-de-pareja-y-consejeria-matrimonial#primaryimage"},"thumbnailUrl":"https:\/\/psicologia-almeria.es\/wp-content\/uploads\/2021\/06\/Disen\u0303o-sin-ti\u0301tulo-21.jpg","datePublished":"2015-12-28T20:04:19+00:00","dateModified":"2021-06-27T00:52:40+00:00","breadcrumb":{"@id":"https:\/\/psicologia-almeria.es\/tratamientos\/terapia-de-pareja-y-consejeria-matrimonial#breadcrumb"},"inLanguage":"en-GB","potentialAction":[{"@type":"ReadAction","target":["https:\/\/psicologia-almeria.es\/tratamientos\/terapia-de-pareja-y-consejeria-matrimonial"]}]},{"@type":"ImageObject","inLanguage":"en-GB","@id":"https:\/\/psicologia-almeria.es\/tratamientos\/terapia-de-pareja-y-consejeria-matrimonial#primaryimage","url":"https:\/\/psicologia-almeria.es\/wp-content\/uploads\/2021\/06\/Disen\u0303o-sin-ti\u0301tulo-21.jpg","contentUrl":"https:\/\/psicologia-almeria.es\/wp-content\/uploads\/2021\/06\/Disen\u0303o-sin-ti\u0301tulo-21.jpg","width":850,"height":567,"caption":"imagen de tratamientos en almeria para terapia de RELACIONES, DIVORCIO Y SEPARACI\u00d3N en almeria"},{"@type":"BreadcrumbList","@id":"https:\/\/psicologia-almeria.es\/tratamientos\/terapia-de-pareja-y-consejeria-matrimonial#breadcrumb","itemListElement":[{"@type":"ListItem","position":1,"name":"Home","item":"https:\/\/psicologia-almeria.es\/"},{"@type":"ListItem","position":2,"name":"Tratamientos","item":"https:\/\/psicologia-almeria.es\/tratamientos"},{"@type":"ListItem","position":3,"name":"TERAPIA DE PAREJA Y CONSEJER\u00cdA MATRIMONIAL"}]},{"@type":"WebSite","@id":"https:\/\/psicologia-almeria.es\/#website","url":"https:\/\/psicologia-almeria.es\/","name":"Psicolog&iacute;a en Almer&iacute;a","description":"Tu psic&oacute;logo de confianza en Almer&iacute;a - Lescoms","potentialAction":[{"@type":"SearchAction","target":{"@type":"EntryPoint","urlTemplate":"https:\/\/psicologia-almeria.es\/?s={search_term_string}"},"query-input":{"@type":"PropertyValueSpecification","valueRequired":true,"valueName":"search_term_string"}}],"inLanguage":"en-GB"}]}},"_links":{"self":[{"href":"https:\/\/psicologia-almeria.es\/en\/wp-json\/wp\/v2\/pages\/6397","targetHints":{"allow":["GET"]}}],"collection":[{"href":"https:\/\/psicologia-almeria.es\/en\/wp-json\/wp\/v2\/pages"}],"about":[{"href":"https:\/\/psicologia-almeria.es\/en\/wp-json\/wp\/v2\/types\/page"}],"author":[{"embeddable":true,"href":"https:\/\/psicologia-almeria.es\/en\/wp-json\/wp\/v2\/users\/1"}],"replies":[{"embeddable":true,"href":"https:\/\/psicologia-almeria.es\/en\/wp-json\/wp\/v2\/comments?post=6397"}],"version-history":[{"count":5,"href":"https:\/\/psicologia-almeria.es\/en\/wp-json\/wp\/v2\/pages\/6397\/revisions"}],"predecessor-version":[{"id":7853,"href":"https:\/\/psicologia-almeria.es\/en\/wp-json\/wp\/v2\/pages\/6397\/revisions\/7853"}],"up":[{"embeddable":true,"href":"https:\/\/psicologia-almeria.es\/en\/wp-json\/wp\/v2\/pages\/110"}],"wp:featuredmedia":[{"embeddable":true,"href":"https:\/\/psicologia-almeria.es\/en\/wp-json\/wp\/v2\/media\/7828"}],"wp:attachment":[{"href":"https:\/\/psicologia-almeria.es\/en\/wp-json\/wp\/v2\/media?parent=6397"}],"curies":[{"name":"wp","href":"https:\/\/api.w.org\/{rel}","templated":true}]}}