{"id":8108,"date":"2021-12-06T20:34:41","date_gmt":"2021-12-06T19:34:41","guid":{"rendered":"https:\/\/psicologia-almeria.es\/?page_id=8108"},"modified":"2021-12-06T20:58:25","modified_gmt":"2021-12-06T19:58:25","slug":"psicologia-innovadora","status":"publish","type":"page","link":"https:\/\/psicologia-almeria.es\/en\/tratamientos\/psicologia-innovadora","title":{"rendered":"PSICOLOG\u00cdA INNOVADORA"},"content":{"rendered":"<div id=\"pl-8108\"  class=\"panel-layout\" ><div id=\"pg-8108-0\"  class=\"panel-grid panel-no-style\" ><div id=\"pgc-8108-0-0\"  class=\"panel-grid-cell\" ><div id=\"panel-8108-0-0-0\" class=\"so-panel widget widget_sow-editor panel-first-child panel-last-child\" data-index=\"0\" ><div\n\t\t\t\n\t\t\tclass=\"so-widget-sow-editor so-widget-sow-editor-base\"\n\t\t\t\n\t\t>\n<div class=\"siteorigin-widget-tinymce textwidget\">\n\t<p>En Lescoms\u00ae hemos creado una nueva forma de enter la Psicolog\u00eda con la colaboraci\u00f3n de Psious. \u00a1Desc\u00fabrelo!<\/p>\n<hr \/>\n<\/div>\n<\/div><\/div><\/div><\/div><div id=\"pg-8108-1\"  class=\"panel-grid panel-no-style\" ><div id=\"pgc-8108-1-0\"  class=\"panel-grid-cell\" ><div id=\"panel-8108-1-0-0\" class=\"so-panel widget widget_sow-editor panel-first-child panel-last-child\" data-index=\"1\" ><div\n\t\t\t\n\t\t\tclass=\"so-widget-sow-editor so-widget-sow-editor-base\"\n\t\t\t\n\t\t>\n<div class=\"siteorigin-widget-tinymce textwidget\">\n\t<p><strong><img loading=\"lazy\" decoding=\"async\" class=\"alignnone wp-image-8112 size-medium\" src=\"https:\/\/psicologia-almeria.es\/wp-content\/uploads\/2021\/12\/Disen\u0303o-sin-ti\u0301tulo-23-252x300.jpg\" alt=\"imagen de psicologia con realidad virtual en almeria\" width=\"252\" height=\"300\" srcset=\"https:\/\/psicologia-almeria.es\/wp-content\/uploads\/2021\/12\/Disen\u0303o-sin-ti\u0301tulo-23-252x300.jpg 252w, https:\/\/psicologia-almeria.es\/wp-content\/uploads\/2021\/12\/Disen\u0303o-sin-ti\u0301tulo-23-10x12.jpg 10w, https:\/\/psicologia-almeria.es\/wp-content\/uploads\/2021\/12\/Disen\u0303o-sin-ti\u0301tulo-23.jpg 420w\" sizes=\"auto, (max-width: 252px) 100vw, 252px\" \/><\/strong><\/p>\n<\/div>\n<\/div><\/div><\/div><div id=\"pgc-8108-1-1\"  class=\"panel-grid-cell\" ><div id=\"panel-8108-1-1-0\" class=\"so-panel widget widget_sow-editor panel-first-child panel-last-child\" data-index=\"2\" ><div\n\t\t\t\n\t\t\tclass=\"so-widget-sow-editor so-widget-sow-editor-base\"\n\t\t\t\n\t\t>\n<div class=\"siteorigin-widget-tinymce textwidget\">\n\t<h2>Realidad Virtual Aplicada a la Psicolog\u00eda<\/h2>\n<ul>\n<li>Combinamos el tratamiento tradicional con las gafas de realidad virtual VR.<\/li>\n<li>V\u00e1lido en cualquier tipo de tratamiento psicol\u00f3gico.<\/li>\n<li>Ambiente controlado: en todo momento monitorizamos y hacemos un seguimiento de la situaci\u00f3n, incluyendo el ritmo cardiaco del paciente para localizar los puntos de mayor vulnerabilidad.<\/li>\n<li>Programa online que, junto a la asistencia a cl\u00ednica, ayuda a superar la enfermedad en un menor tiempo.<\/li>\n<li>La consulta no tiene un coste adicional. Sesi\u00f3n: 60\u20ac\/hora.<\/li>\n<\/ul>\n<\/div>\n<\/div><\/div><\/div><\/div><div id=\"pg-8108-2\"  class=\"panel-grid panel-no-style\" ><div id=\"pgc-8108-2-0\"  class=\"panel-grid-cell\" ><div id=\"panel-8108-2-0-0\" class=\"so-panel widget widget_sow-editor panel-first-child panel-last-child\" data-index=\"3\" ><div\n\t\t\t\n\t\t\tclass=\"so-widget-sow-editor so-widget-sow-editor-base\"\n\t\t\t\n\t\t>\n<div class=\"siteorigin-widget-tinymce textwidget\">\n\t<p><strong><img loading=\"lazy\" decoding=\"async\" class=\"alignnone wp-image-8114 size-full\" src=\"https:\/\/psicologia-almeria.es\/wp-content\/uploads\/2021\/12\/Disen\u0303o-sin-ti\u0301tulo-25.jpg\" alt=\"imagen de tratamientos psicologicos almeria con realidad virtual\" width=\"420\" height=\"500\" srcset=\"https:\/\/psicologia-almeria.es\/wp-content\/uploads\/2021\/12\/Disen\u0303o-sin-ti\u0301tulo-25.jpg 420w, https:\/\/psicologia-almeria.es\/wp-content\/uploads\/2021\/12\/Disen\u0303o-sin-ti\u0301tulo-25-252x300.jpg 252w, https:\/\/psicologia-almeria.es\/wp-content\/uploads\/2021\/12\/Disen\u0303o-sin-ti\u0301tulo-25-10x12.jpg 10w\" sizes=\"auto, (max-width: 420px) 100vw, 420px\" \/><\/strong><\/p>\n<\/div>\n<\/div><\/div><\/div><div id=\"pgc-8108-2-1\"  class=\"panel-grid-cell\" ><div id=\"panel-8108-2-1-0\" class=\"so-panel widget widget_sow-editor panel-first-child panel-last-child\" data-index=\"4\" ><div\n\t\t\t\n\t\t\tclass=\"so-widget-sow-editor so-widget-sow-editor-base\"\n\t\t\t\n\t\t>\n<div class=\"siteorigin-widget-tinymce textwidget\">\n\t<p><img loading=\"lazy\" decoding=\"async\" class=\"alignnone wp-image-8113 size-full\" src=\"https:\/\/psicologia-almeria.es\/wp-content\/uploads\/2021\/12\/Disen\u0303o-sin-ti\u0301tulo-24.jpg\" alt=\"imagen de realidad virtual psicologia almeria\" width=\"420\" height=\"500\" srcset=\"https:\/\/psicologia-almeria.es\/wp-content\/uploads\/2021\/12\/Disen\u0303o-sin-ti\u0301tulo-24.jpg 420w, https:\/\/psicologia-almeria.es\/wp-content\/uploads\/2021\/12\/Disen\u0303o-sin-ti\u0301tulo-24-252x300.jpg 252w, https:\/\/psicologia-almeria.es\/wp-content\/uploads\/2021\/12\/Disen\u0303o-sin-ti\u0301tulo-24-10x12.jpg 10w\" sizes=\"auto, (max-width: 420px) 100vw, 420px\" \/><\/p>\n<\/div>\n<\/div><\/div><\/div><\/div><div id=\"pg-8108-3\"  class=\"panel-grid panel-no-style\" ><div id=\"pgc-8108-3-0\"  class=\"panel-grid-cell\" ><div id=\"panel-8108-3-0-0\" class=\"so-panel widget widget_sow-editor panel-first-child panel-last-child\" data-index=\"5\" ><div\n\t\t\t\n\t\t\tclass=\"so-widget-sow-editor so-widget-sow-editor-base\"\n\t\t\t\n\t\t>\n<div class=\"siteorigin-widget-tinymce textwidget\">\n\t<p><strong><span style=\"color: #56afd5; font-size: 15px;\">\u00bfEn qu\u00e9 consiste la Terapia combinada con Realidad Virtual (VR)?<\/span><\/strong><\/p>\n<p>La terapia combinada con realidad virtual en psicolog\u00eda consiste en:<\/p>\n<ol>\n<li>La plataforma Psious incluye m\u00e1s de 70 entornos de realidad virtual, con decenas de escenas y v\u00eddeos 360\u00ba, que permiten tratar todo tipo de psicopatolog\u00edas.<\/li>\n<li>Un completo equipo 100% integrado con la plataforma que incluye gafas de realidad virtual de \u00faltima generaci\u00f3n y un avanzado sensor de respuesta electrod\u00e9rmica.<\/li>\n<li>Adapta las exposiciones de Realidad Virtual a las necesidades particulares de cada paciente.<\/li>\n<\/ol>\n<\/div>\n<\/div><\/div><\/div><div id=\"pgc-8108-3-1\"  class=\"panel-grid-cell\" ><div id=\"panel-8108-3-1-0\" class=\"so-panel widget widget_sow-editor panel-first-child panel-last-child\" data-index=\"6\" ><div\n\t\t\t\n\t\t\tclass=\"so-widget-sow-editor so-widget-sow-editor-base\"\n\t\t\t\n\t\t>\n<div class=\"siteorigin-widget-tinymce textwidget\">\n\t<ul>\n<li>Permite realizar intervenciones sobre todo tipo de trastornos como ansiedad (fobias, p\u00e1nico, agorafobia, ansiedad generalizada, ansiedad social, hablar en p\u00fablico, ansiedad ante ex\u00e1menes, etc.), trastornos atencionales y de alimentaci\u00f3n, o gesti\u00f3n del dolor, TOC, TDAH, entre otros. Las \u00e1reas terap\u00e9uticas permiten una inmersi\u00f3n total, control de los par\u00e1metros de la exposici\u00f3n y posibilidad de repetici\u00f3n de las escenas.<\/li>\n<li>Podemos utilizar m\u00faltiples t\u00e9cnicas terap\u00e9uticas (psicoeducaci\u00f3n, exposici\u00f3n gradual, desensibilizaci\u00f3n sistem\u00e1tica, relajaci\u00f3n, distracci\u00f3n, aceptaci\u00f3n y compromiso, mindfulness, EMDR\u2026) para trabajar con tus patolog\u00edas.<\/li>\n<li>Adem\u00e1s, combinamos esta t\u00e9cnica con una terapia tradicional para maximizar los resultados.<\/li>\n<\/ul>\n<\/div>\n<\/div><\/div><\/div><\/div><div id=\"pg-8108-4\"  class=\"panel-grid panel-no-style\" ><div id=\"pgc-8108-4-0\"  class=\"panel-grid-cell\" ><div id=\"panel-8108-4-0-0\" class=\"so-panel widget widget_text panel-first-child panel-last-child\" data-index=\"7\" ><h3 class=\"widget-title\">Solicita tu cita y desc\u00fabrelo, resultados probados.<\/h3>\t\t\t<div class=\"textwidget\"><div class=\"wpcf7 no-js\" id=\"wpcf7-f7235-o1\" lang=\"en-US\" dir=\"ltr\" data-wpcf7-id=\"7235\">\n<div class=\"screen-reader-response\">\n<p role=\"status\" aria-live=\"polite\" aria-atomic=\"true\">\n<ul><\/ul>\n<\/div>\n<form action=\"\/en\/wp-json\/wp\/v2\/pages\/8108#wpcf7-f7235-o1\" method=\"post\" class=\"wpcf7-form init\" aria-label=\"Contact form\" novalidate=\"novalidate\" data-status=\"init\" data-trp-original-action=\"\/en\/wp-json\/wp\/v2\/pages\/8108#wpcf7-f7235-o1\">\n<fieldset class=\"hidden-fields-container\"><input type=\"hidden\" name=\"_wpcf7\" value=\"7235\" \/><input type=\"hidden\" name=\"_wpcf7_version\" value=\"6.1.5\" \/><input type=\"hidden\" name=\"_wpcf7_locale\" value=\"en_US\" \/><input type=\"hidden\" name=\"_wpcf7_unit_tag\" value=\"wpcf7-f7235-o1\" \/><input type=\"hidden\" name=\"_wpcf7_container_post\" value=\"0\" \/><input type=\"hidden\" name=\"_wpcf7_posted_data_hash\" value=\"\" \/><input type=\"hidden\" name=\"_wpcf7_recaptcha_response\" value=\"\" \/><br \/>\n<\/fieldset>\n<div class=\"questionform white-featured-box\">\n<div class=\"row\">\n<div class=\"col-xs-12 col-md-6\">\n<p><span class=\"wpcf7-form-control-wrap\" data-name=\"your-name\"><input size=\"40\" maxlength=\"400\" class=\"wpcf7-form-control wpcf7-text wpcf7-validates-as-required\" aria-required=\"true\" aria-invalid=\"false\" placeholder=\"Nombre *\" value=\"\" type=\"text\" name=\"your-name\" \/><\/span><span class=\"wpcf7-form-control-wrap\" data-name=\"your-email\"><input size=\"40\" maxlength=\"400\" class=\"wpcf7-form-control wpcf7-email wpcf7-validates-as-required wpcf7-text wpcf7-validates-as-email\" aria-required=\"true\" aria-invalid=\"false\" placeholder=\"E-mail *\" value=\"\" type=\"email\" name=\"your-email\" \/><\/span><span class=\"wpcf7-form-control-wrap\" data-name=\"your-phone\"><input size=\"40\" maxlength=\"400\" class=\"wpcf7-form-control wpcf7-tel wpcf7-validates-as-required wpcf7-text wpcf7-validates-as-tel\" aria-required=\"true\" aria-invalid=\"false\" placeholder=\"Tel\u00e9fono *\" value=\"\" type=\"tel\" name=\"your-phone\" \/><\/span><span class=\"wpcf7-form-control-wrap\" data-name=\"answer\"><select class=\"wpcf7-form-control wpcf7-select wpcf7-validates-as-required\" aria-required=\"true\" aria-invalid=\"false\" name=\"answer\"><option value=\"\">Preferencia de Contacto:<\/option><option value=\"Tel\u00e9fono\">Tel\u00e9fono<\/option><option value=\"E-mail\">E-mail<\/option><\/select><\/span>\n\t\t\t<\/p>\n<\/p><\/div>\n<div class=\"col-xs-12 col-md-6\">\n<p><span class=\"wpcf7-form-control-wrap\" data-name=\"your-subject\"><input size=\"40\" maxlength=\"400\" class=\"wpcf7-form-control wpcf7-text wpcf7-validates-as-required\" aria-required=\"true\" aria-invalid=\"false\" placeholder=\"Asunto\" value=\"\" type=\"text\" name=\"your-subject\" \/><\/span><span class=\"wpcf7-form-control-wrap\" data-name=\"your-message\"><textarea cols=\"40\" rows=\"10\" maxlength=\"2000\" class=\"wpcf7-form-control wpcf7-textarea wpcf7-validates-as-required\" aria-required=\"true\" aria-invalid=\"false\" placeholder=\"\u00bfEn qu\u00e9 podemos ayudarte?\" name=\"your-message\"><\/textarea><\/span><input class=\"wpcf7-form-control wpcf7-submit has-spinner btn btn-primary pull-right fullwidth\" type=\"submit\" value=\"Enviar\" \/>\n\t\t\t<\/p>\n<\/p><\/div>\n<\/p><\/div>\n<\/div>\n<div class=\"wpcf7-response-output\" aria-hidden=\"true\"><\/div>\n<input type=\"hidden\" name=\"trp-form-language\" value=\"en\"\/><\/form>\n<\/div>\n<\/div>\n\t\t<\/div><\/div><\/div><div id=\"pg-8108-5\"  class=\"panel-grid panel-no-style\" ><div id=\"pgc-8108-5-0\"  class=\"panel-grid-cell\" ><div id=\"panel-8108-5-0-0\" class=\"so-panel widget widget_text panel-first-child panel-last-child\" data-index=\"8\" ><h3 class=\"widget-title\">Descubre algunos ejemplos con realidad virtual:<\/h3>\t\t\t<div class=\"textwidget\"><\/div>\n\t\t<\/div><\/div><\/div><div id=\"pg-8108-6\"  class=\"panel-grid panel-no-style\" ><div id=\"pgc-8108-6-0\"  class=\"panel-grid-cell\" ><div id=\"panel-8108-6-0-0\" class=\"widget_text so-panel widget widget_custom_html panel-first-child panel-last-child\" data-index=\"9\" ><div class=\"textwidget custom-html-widget\"><div class=\"BorlabsCookie\"><div class=\"_brlbs-content-blocker\"> <div class=\"_brlbs-embed _brlbs-video-youtube\"> <img decoding=\"async\" class=\"_brlbs-thumbnail\" src=\"https:\/\/psicologia-almeria.es\/wp-content\/plugins\/borlabs-cookie\/images\/cb-no-thumbnail.png\" alt=\"YouTube\"> <div class=\"_brlbs-caption\"> <p>Al cargar el v\u00eddeo, acepta la pol\u00edtica de privacidad de YouTube.<br><a href=\"https:\/\/policies.google.com\/privacy?hl=en&amp;gl=en\" target=\"_blank\" rel=\"nofollow noopener noreferrer\">M\u00e1s informaci\u00f3n<\/a><\/p> <p><a class=\"_brlbs-btn _brlbs-icon-play-white\" href=\"#\" data-borlabs-cookie-unblock role=\"button\">Cargar v\u00eddeo<\/a><\/p> <p><label><input type=\"checkbox\" name=\"unblockAll\" value=\"1\" checked> <small>Desbloquear YouTube siempre<\/small><\/label><\/p> <\/div> <\/div> <\/div><div class=\"borlabs-hide\" data-borlabs-cookie-type=\"content-blocker\" data-borlabs-cookie-id=\"youtube\"><script type=\"text\/template\">PGlmcmFtZSB3aWR0aD0iNTYwIiBoZWlnaHQ9IjMxNSIgc3JjPSJodHRwczovL3d3dy55b3V0dWJlLW5vY29va2llLmNvbS9lbWJlZC9SX0lsNVlhdVNkRSIgdGl0bGU9IllvdVR1YmUgdmlkZW8gcGxheWVyIiBmcmFtZWJvcmRlcj0iMCIgYWxsb3c9ImFjY2VsZXJvbWV0ZXI7IGF1dG9wbGF5OyBjbGlwYm9hcmQtd3JpdGU7IGVuY3J5cHRlZC1tZWRpYTsgZ3lyb3Njb3BlOyBwaWN0dXJlLWluLXBpY3R1cmUiIGFsbG93ZnVsbHNjcmVlbj48L2lmcmFtZT4=<\/script><\/div><\/div><\/div><\/div><\/div><div id=\"pgc-8108-6-1\"  class=\"panel-grid-cell\" ><div id=\"panel-8108-6-1-0\" class=\"widget_text so-panel widget widget_custom_html panel-first-child panel-last-child\" data-index=\"10\" ><div class=\"textwidget custom-html-widget\"><div class=\"BorlabsCookie\"><div class=\"_brlbs-content-blocker\"> <div class=\"_brlbs-embed _brlbs-video-youtube\"> <img decoding=\"async\" class=\"_brlbs-thumbnail\" src=\"https:\/\/psicologia-almeria.es\/wp-content\/plugins\/borlabs-cookie\/images\/cb-no-thumbnail.png\" alt=\"YouTube\"> <div class=\"_brlbs-caption\"> <p>Al cargar el v\u00eddeo, acepta la pol\u00edtica de privacidad de YouTube.<br><a href=\"https:\/\/policies.google.com\/privacy?hl=en&amp;gl=en\" target=\"_blank\" rel=\"nofollow noopener noreferrer\">M\u00e1s informaci\u00f3n<\/a><\/p> <p><a class=\"_brlbs-btn _brlbs-icon-play-white\" href=\"#\" data-borlabs-cookie-unblock role=\"button\">Cargar v\u00eddeo<\/a><\/p> <p><label><input type=\"checkbox\" name=\"unblockAll\" value=\"1\" checked> <small>Desbloquear YouTube siempre<\/small><\/label><\/p> <\/div> <\/div> <\/div><div class=\"borlabs-hide\" data-borlabs-cookie-type=\"content-blocker\" data-borlabs-cookie-id=\"youtube\"><script type=\"text\/template\">PGlmcmFtZSB3aWR0aD0iNTYwIiBoZWlnaHQ9IjMxNSIgc3JjPSJodHRwczovL3d3dy55b3V0dWJlLW5vY29va2llLmNvbS9lbWJlZC91NENkaWJIbmhWUSIgdGl0bGU9IllvdVR1YmUgdmlkZW8gcGxheWVyIiBmcmFtZWJvcmRlcj0iMCIgYWxsb3c9ImFjY2VsZXJvbWV0ZXI7IGF1dG9wbGF5OyBjbGlwYm9hcmQtd3JpdGU7IGVuY3J5cHRlZC1tZWRpYTsgZ3lyb3Njb3BlOyBwaWN0dXJlLWluLXBpY3R1cmUiIGFsbG93ZnVsbHNjcmVlbj48L2lmcmFtZT4=<\/script><\/div><\/div><\/div><\/div><\/div><div id=\"pgc-8108-6-2\"  class=\"panel-grid-cell\" ><div id=\"panel-8108-6-2-0\" class=\"widget_text so-panel widget widget_custom_html panel-first-child panel-last-child\" data-index=\"11\" ><div class=\"textwidget custom-html-widget\"><div class=\"BorlabsCookie\"><div class=\"_brlbs-content-blocker\"> <div class=\"_brlbs-embed _brlbs-video-youtube\"> <img decoding=\"async\" class=\"_brlbs-thumbnail\" src=\"https:\/\/psicologia-almeria.es\/wp-content\/plugins\/borlabs-cookie\/images\/cb-no-thumbnail.png\" alt=\"YouTube\"> <div class=\"_brlbs-caption\"> <p>Al cargar el v\u00eddeo, acepta la pol\u00edtica de privacidad de YouTube.<br><a href=\"https:\/\/policies.google.com\/privacy?hl=en&amp;gl=en\" target=\"_blank\" rel=\"nofollow noopener noreferrer\">M\u00e1s informaci\u00f3n<\/a><\/p> <p><a class=\"_brlbs-btn _brlbs-icon-play-white\" href=\"#\" data-borlabs-cookie-unblock role=\"button\">Cargar v\u00eddeo<\/a><\/p> <p><label><input type=\"checkbox\" name=\"unblockAll\" value=\"1\" checked> <small>Desbloquear YouTube siempre<\/small><\/label><\/p> <\/div> <\/div> <\/div><div class=\"borlabs-hide\" data-borlabs-cookie-type=\"content-blocker\" data-borlabs-cookie-id=\"youtube\"><script type=\"text\/template\">PGlmcmFtZSB3aWR0aD0iNTYwIiBoZWlnaHQ9IjMxNSIgc3JjPSJodHRwczovL3d3dy55b3V0dWJlLW5vY29va2llLmNvbS9lbWJlZC9MZFg2VURCLXV6WSIgdGl0bGU9IllvdVR1YmUgdmlkZW8gcGxheWVyIiBmcmFtZWJvcmRlcj0iMCIgYWxsb3c9ImFjY2VsZXJvbWV0ZXI7IGF1dG9wbGF5OyBjbGlwYm9hcmQtd3JpdGU7IGVuY3J5cHRlZC1tZWRpYTsgZ3lyb3Njb3BlOyBwaWN0dXJlLWluLXBpY3R1cmUiIGFsbG93ZnVsbHNjcmVlbj48L2lmcmFtZT4=<\/script><\/div><\/div><\/div><\/div><\/div><\/div><\/div>","protected":false},"excerpt":{"rendered":"<p>El entrenamiento de Modificaci\u00f3n de Conducta es una terapia conductual altamente efectiva para personas con comportamientos o h\u00e1bitos repetitivos no deseados.<\/p>","protected":false},"author":1,"featured_media":8109,"parent":110,"menu_order":0,"comment_status":"closed","ping_status":"closed","template":"","meta":{"footnotes":""},"class_list":["post-8108","page","type-page","status-publish","has-post-thumbnail","hentry"],"yoast_head":"<!-- This site is optimized with the Yoast SEO Premium plugin v20.3 (Yoast SEO v27.4) - https:\/\/yoast.com\/product\/yoast-seo-premium-wordpress\/ -->\n<title>PSICOLOG\u00cdA INNOVADORA - Psicolog&iacute;a en Almer&iacute;a<\/title>\n<meta name=\"robots\" content=\"index, follow, max-snippet:-1, max-image-preview:large, max-video-preview:-1\" \/>\n<link rel=\"canonical\" href=\"https:\/\/psicologia-almeria.es\/en\/tratamientos\/psicologia-innovadora\/\" \/>\n<meta property=\"og:locale\" content=\"en_GB\" \/>\n<meta property=\"og:type\" content=\"article\" \/>\n<meta property=\"og:title\" content=\"PSICOLOG\u00cdA INNOVADORA\" \/>\n<meta property=\"og:description\" content=\"El entrenamiento de Modificaci\u00f3n de Conducta es una terapia conductual altamente efectiva para personas con comportamientos o h\u00e1bitos repetitivos no deseados.\" \/>\n<meta property=\"og:url\" content=\"https:\/\/psicologia-almeria.es\/en\/tratamientos\/psicologia-innovadora\/\" \/>\n<meta property=\"og:site_name\" content=\"Psicolog&iacute;a en Almer&iacute;a\" \/>\n<meta property=\"article:modified_time\" content=\"2021-12-06T19:58:25+00:00\" \/>\n<meta property=\"og:image\" content=\"https:\/\/psicologia-almeria.es\/wp-content\/uploads\/2021\/12\/Disen\u0303o-sin-ti\u0301tulo-22.jpg\" \/>\n\t<meta property=\"og:image:width\" content=\"420\" \/>\n\t<meta property=\"og:image:height\" content=\"500\" \/>\n\t<meta property=\"og:image:type\" content=\"image\/jpeg\" \/>\n<meta name=\"twitter:card\" content=\"summary_large_image\" \/>\n<meta name=\"twitter:label1\" content=\"Estimated reading time\" \/>\n\t<meta name=\"twitter:data1\" content=\"2 minutes\" \/>\n<script type=\"application\/ld+json\" class=\"yoast-schema-graph\">{\"@context\":\"https:\\\/\\\/schema.org\",\"@graph\":[{\"@type\":\"WebPage\",\"@id\":\"https:\\\/\\\/psicologia-almeria.es\\\/tratamientos\\\/psicologia-innovadora\",\"url\":\"https:\\\/\\\/psicologia-almeria.es\\\/tratamientos\\\/psicologia-innovadora\",\"name\":\"PSICOLOG\u00cdA INNOVADORA - Psicolog&iacute;a en Almer&iacute;a\",\"isPartOf\":{\"@id\":\"https:\\\/\\\/psicologia-almeria.es\\\/#website\"},\"primaryImageOfPage\":{\"@id\":\"https:\\\/\\\/psicologia-almeria.es\\\/tratamientos\\\/psicologia-innovadora#primaryimage\"},\"image\":{\"@id\":\"https:\\\/\\\/psicologia-almeria.es\\\/tratamientos\\\/psicologia-innovadora#primaryimage\"},\"thumbnailUrl\":\"https:\\\/\\\/psicologia-almeria.es\\\/wp-content\\\/uploads\\\/2021\\\/12\\\/Disen\u0303o-sin-ti\u0301tulo-22.jpg\",\"datePublished\":\"2021-12-06T19:34:41+00:00\",\"dateModified\":\"2021-12-06T19:58:25+00:00\",\"breadcrumb\":{\"@id\":\"https:\\\/\\\/psicologia-almeria.es\\\/tratamientos\\\/psicologia-innovadora#breadcrumb\"},\"inLanguage\":\"en-GB\",\"potentialAction\":[{\"@type\":\"ReadAction\",\"target\":[\"https:\\\/\\\/psicologia-almeria.es\\\/tratamientos\\\/psicologia-innovadora\"]}]},{\"@type\":\"ImageObject\",\"inLanguage\":\"en-GB\",\"@id\":\"https:\\\/\\\/psicologia-almeria.es\\\/tratamientos\\\/psicologia-innovadora#primaryimage\",\"url\":\"https:\\\/\\\/psicologia-almeria.es\\\/wp-content\\\/uploads\\\/2021\\\/12\\\/Disen\u0303o-sin-ti\u0301tulo-22.jpg\",\"contentUrl\":\"https:\\\/\\\/psicologia-almeria.es\\\/wp-content\\\/uploads\\\/2021\\\/12\\\/Disen\u0303o-sin-ti\u0301tulo-22.jpg\",\"width\":420,\"height\":500,\"caption\":\"imagen de psicologia con realidad virtual en almeria\"},{\"@type\":\"BreadcrumbList\",\"@id\":\"https:\\\/\\\/psicologia-almeria.es\\\/tratamientos\\\/psicologia-innovadora#breadcrumb\",\"itemListElement\":[{\"@type\":\"ListItem\",\"position\":1,\"name\":\"Home\",\"item\":\"https:\\\/\\\/psicologia-almeria.es\\\/\"},{\"@type\":\"ListItem\",\"position\":2,\"name\":\"Tratamientos\",\"item\":\"https:\\\/\\\/psicologia-almeria.es\\\/tratamientos\"},{\"@type\":\"ListItem\",\"position\":3,\"name\":\"PSICOLOG\u00cdA INNOVADORA\"}]},{\"@type\":\"WebSite\",\"@id\":\"https:\\\/\\\/psicologia-almeria.es\\\/#website\",\"url\":\"https:\\\/\\\/psicologia-almeria.es\\\/\",\"name\":\"Psicolog&iacute;a en Almer&iacute;a\",\"description\":\"Tu psic&oacute;logo de confianza en Almer&iacute;a - Lescoms\",\"potentialAction\":[{\"@type\":\"SearchAction\",\"target\":{\"@type\":\"EntryPoint\",\"urlTemplate\":\"https:\\\/\\\/psicologia-almeria.es\\\/?s={search_term_string}\"},\"query-input\":{\"@type\":\"PropertyValueSpecification\",\"valueRequired\":true,\"valueName\":\"search_term_string\"}}],\"inLanguage\":\"en-GB\"}]}<\/script>\n<!-- \/ Yoast SEO Premium plugin. -->","yoast_head_json":{"title":"PSICOLOG\u00cdA INNOVADORA - Psicolog&iacute;a en Almer&iacute;a","robots":{"index":"index","follow":"follow","max-snippet":"max-snippet:-1","max-image-preview":"max-image-preview:large","max-video-preview":"max-video-preview:-1"},"canonical":"https:\/\/psicologia-almeria.es\/en\/tratamientos\/psicologia-innovadora\/","og_locale":"en_GB","og_type":"article","og_title":"PSICOLOG\u00cdA INNOVADORA","og_description":"El entrenamiento de Modificaci\u00f3n de Conducta es una terapia conductual altamente efectiva para personas con comportamientos o h\u00e1bitos repetitivos no deseados.","og_url":"https:\/\/psicologia-almeria.es\/en\/tratamientos\/psicologia-innovadora\/","og_site_name":"Psicolog&iacute;a en Almer&iacute;a","article_modified_time":"2021-12-06T19:58:25+00:00","og_image":[{"width":420,"height":500,"url":"https:\/\/psicologia-almeria.es\/wp-content\/uploads\/2021\/12\/Disen\u0303o-sin-ti\u0301tulo-22.jpg","type":"image\/jpeg"}],"twitter_card":"summary_large_image","twitter_misc":{"Estimated reading time":"2 minutes"},"schema":{"@context":"https:\/\/schema.org","@graph":[{"@type":"WebPage","@id":"https:\/\/psicologia-almeria.es\/tratamientos\/psicologia-innovadora","url":"https:\/\/psicologia-almeria.es\/tratamientos\/psicologia-innovadora","name":"PSICOLOG\u00cdA INNOVADORA - Psicolog&iacute;a en Almer&iacute;a","isPartOf":{"@id":"https:\/\/psicologia-almeria.es\/#website"},"primaryImageOfPage":{"@id":"https:\/\/psicologia-almeria.es\/tratamientos\/psicologia-innovadora#primaryimage"},"image":{"@id":"https:\/\/psicologia-almeria.es\/tratamientos\/psicologia-innovadora#primaryimage"},"thumbnailUrl":"https:\/\/psicologia-almeria.es\/wp-content\/uploads\/2021\/12\/Disen\u0303o-sin-ti\u0301tulo-22.jpg","datePublished":"2021-12-06T19:34:41+00:00","dateModified":"2021-12-06T19:58:25+00:00","breadcrumb":{"@id":"https:\/\/psicologia-almeria.es\/tratamientos\/psicologia-innovadora#breadcrumb"},"inLanguage":"en-GB","potentialAction":[{"@type":"ReadAction","target":["https:\/\/psicologia-almeria.es\/tratamientos\/psicologia-innovadora"]}]},{"@type":"ImageObject","inLanguage":"en-GB","@id":"https:\/\/psicologia-almeria.es\/tratamientos\/psicologia-innovadora#primaryimage","url":"https:\/\/psicologia-almeria.es\/wp-content\/uploads\/2021\/12\/Disen\u0303o-sin-ti\u0301tulo-22.jpg","contentUrl":"https:\/\/psicologia-almeria.es\/wp-content\/uploads\/2021\/12\/Disen\u0303o-sin-ti\u0301tulo-22.jpg","width":420,"height":500,"caption":"imagen de psicologia con realidad virtual en almeria"},{"@type":"BreadcrumbList","@id":"https:\/\/psicologia-almeria.es\/tratamientos\/psicologia-innovadora#breadcrumb","itemListElement":[{"@type":"ListItem","position":1,"name":"Home","item":"https:\/\/psicologia-almeria.es\/"},{"@type":"ListItem","position":2,"name":"Tratamientos","item":"https:\/\/psicologia-almeria.es\/tratamientos"},{"@type":"ListItem","position":3,"name":"PSICOLOG\u00cdA INNOVADORA"}]},{"@type":"WebSite","@id":"https:\/\/psicologia-almeria.es\/#website","url":"https:\/\/psicologia-almeria.es\/","name":"Psicolog&iacute;a en Almer&iacute;a","description":"Tu psic&oacute;logo de confianza en Almer&iacute;a - Lescoms","potentialAction":[{"@type":"SearchAction","target":{"@type":"EntryPoint","urlTemplate":"https:\/\/psicologia-almeria.es\/?s={search_term_string}"},"query-input":{"@type":"PropertyValueSpecification","valueRequired":true,"valueName":"search_term_string"}}],"inLanguage":"en-GB"}]}},"_links":{"self":[{"href":"https:\/\/psicologia-almeria.es\/en\/wp-json\/wp\/v2\/pages\/8108","targetHints":{"allow":["GET"]}}],"collection":[{"href":"https:\/\/psicologia-almeria.es\/en\/wp-json\/wp\/v2\/pages"}],"about":[{"href":"https:\/\/psicologia-almeria.es\/en\/wp-json\/wp\/v2\/types\/page"}],"author":[{"embeddable":true,"href":"https:\/\/psicologia-almeria.es\/en\/wp-json\/wp\/v2\/users\/1"}],"replies":[{"embeddable":true,"href":"https:\/\/psicologia-almeria.es\/en\/wp-json\/wp\/v2\/comments?post=8108"}],"version-history":[{"count":9,"href":"https:\/\/psicologia-almeria.es\/en\/wp-json\/wp\/v2\/pages\/8108\/revisions"}],"predecessor-version":[{"id":8122,"href":"https:\/\/psicologia-almeria.es\/en\/wp-json\/wp\/v2\/pages\/8108\/revisions\/8122"}],"up":[{"embeddable":true,"href":"https:\/\/psicologia-almeria.es\/en\/wp-json\/wp\/v2\/pages\/110"}],"wp:featuredmedia":[{"embeddable":true,"href":"https:\/\/psicologia-almeria.es\/en\/wp-json\/wp\/v2\/media\/8109"}],"wp:attachment":[{"href":"https:\/\/psicologia-almeria.es\/en\/wp-json\/wp\/v2\/media?parent=8108"}],"curies":[{"name":"wp","href":"https:\/\/api.w.org\/{rel}","templated":true}]}}